{"id":105,"date":"2019-12-02T20:03:22","date_gmt":"2019-12-02T19:03:22","guid":{"rendered":"http:\/\/amae.eu\/?page_id=105"},"modified":"2023-02-08T10:14:27","modified_gmt":"2023-02-08T09:14:27","slug":"cyril-neveu","status":"publish","type":"page","link":"https:\/\/amae.eu\/index.php\/les-personnalites\/sportifs\/cyril-neveu\/","title":{"rendered":"Cyril Neveu"},"content":{"rendered":"\n<p>Ayant grandi sur les bords de Loire d&rsquo;Orl\u00e9ans (Quai du Roi), Cyril Neveu est le fils de Claude Neveu, champion du monde de cano\u00eb-kayak en 1951. Lui choisit la moto et s&rsquo;exerce au trial pendant 7 ans, jusqu&rsquo;en 1977, et \u00e0 l&rsquo;enduro o\u00f9 il excelle en championnat de France. Il est le premier vainqueur du Paris-Dakar en 1979, puis \u00e0 nouveau en 1980, 1982, 1986 et 1987. En 1982 il est champion de France Enduro en cat\u00e9gorie National. Il est depuis 1987 organisateur de rallyes en Coupe du monde des rallyes-raids, du Tour de Corse en motomarine, et de plusieurs rallyes pour voitures anciennes (Maroc Classic, Meg\u00e8ve\/Saint-Tropez, Entre 2 mers). A travers sa soci\u00e9t\u00e9 Cyril Neveu Promotion, il est \u00e0 l&rsquo;origine du L\u00e9oParc Aventure \u00e0 l&rsquo;Ile Charlemagne.<\/p>\n\n\n\n<figure class=\"wp-block-image size-large\"><img fetchpriority=\"high\" decoding=\"async\" width=\"890\" height=\"593\" src=\"http:\/\/amae.eu\/wp-content\/uploads\/2019\/12\/C-Neveu.jpg\" alt=\"\" class=\"wp-image-896\" srcset=\"https:\/\/amae.eu\/wp-content\/uploads\/2019\/12\/C-Neveu.jpg 890w, https:\/\/amae.eu\/wp-content\/uploads\/2019\/12\/C-Neveu-300x200.jpg 300w, https:\/\/amae.eu\/wp-content\/uploads\/2019\/12\/C-Neveu-768x512.jpg 768w\" sizes=\"(max-width: 890px) 100vw, 890px\" \/><\/figure>\n","protected":false},"excerpt":{"rendered":"<p>Ayant grandi sur les bords de Loire d&rsquo;Orl\u00e9ans (Quai du Roi), Cyril Neveu est le fils de Claude Neveu, champion du monde de cano\u00eb-kayak en 1951. Lui choisit la moto et s&rsquo;exerce au trial pendant 7 ans, jusqu&rsquo;en 1977, et \u00e0 l&rsquo;enduro o\u00f9 il excelle en championnat de France. Il est le premier vainqueur du [&hellip;]<\/p>\n","protected":false},"author":1,"featured_media":0,"parent":6483,"menu_order":0,"comment_status":"closed","ping_status":"closed","template":"","meta":{"ngg_post_thumbnail":0,"footnotes":""},"class_list":["post-105","page","type-page","status-publish","hentry","entry"],"_links":{"self":[{"href":"https:\/\/amae.eu\/index.php\/wp-json\/wp\/v2\/pages\/105"}],"collection":[{"href":"https:\/\/amae.eu\/index.php\/wp-json\/wp\/v2\/pages"}],"about":[{"href":"https:\/\/amae.eu\/index.php\/wp-json\/wp\/v2\/types\/page"}],"author":[{"embeddable":true,"href":"https:\/\/amae.eu\/index.php\/wp-json\/wp\/v2\/users\/1"}],"replies":[{"embeddable":true,"href":"https:\/\/amae.eu\/index.php\/wp-json\/wp\/v2\/comments?post=105"}],"version-history":[{"count":2,"href":"https:\/\/amae.eu\/index.php\/wp-json\/wp\/v2\/pages\/105\/revisions"}],"predecessor-version":[{"id":897,"href":"https:\/\/amae.eu\/index.php\/wp-json\/wp\/v2\/pages\/105\/revisions\/897"}],"up":[{"embeddable":true,"href":"https:\/\/amae.eu\/index.php\/wp-json\/wp\/v2\/pages\/6483"}],"wp:attachment":[{"href":"https:\/\/amae.eu\/index.php\/wp-json\/wp\/v2\/media?parent=105"}],"curies":[{"name":"wp","href":"https:\/\/api.w.org\/{rel}","templated":true}]}}