{"id":116,"date":"2019-12-02T20:06:14","date_gmt":"2019-12-02T19:06:14","guid":{"rendered":"http:\/\/amae.eu\/?page_id=116"},"modified":"2019-12-09T10:33:10","modified_gmt":"2019-12-09T09:33:10","slug":"le-college-jean-rostand","status":"publish","type":"page","link":"https:\/\/amae.eu\/index.php\/les-batiments-remarquables\/le-college-jean-rostand\/","title":{"rendered":"Le Coll\u00e8ge Jean Rostand"},"content":{"rendered":"\n<h2 class=\"wp-block-heading\"><strong>Historique<\/strong><\/h2>\n\n\n\n<p>Dans sa lettre 11 mai 1962, l&rsquo;Inspecteur d&rsquo;Acad\u00e9mie d\u00e9cide\nl&rsquo;ouverture de deux classes de 6<sup>\u00e8me<\/sup> annex\u00e9es l&rsquo;une \u00e0 l&rsquo;\u00e9cole des\ngar\u00e7ons rue du Grand Villiers et l&rsquo;autre \u00e0 l&rsquo;\u00e9cole des filles rue du Grand\nVilliers. Les d\u00e9cisions d&rsquo;acquisition des terrains sont rapport\u00e9es dans\ndiff\u00e9rents comptes rendus de Conseil Municipal de 1962.<\/p>\n\n\n\n<iframe src=\"https:\/\/www.google.com\/maps\/embed?pb=!4v1572794963638!6m8!1m7!1s1zlFezFXfvsQU33jQaK04w!2m2!1d47.91621527180113!2d1.934092730493116!3f3.7919642666207096!4f1.0563587956541767!5f0.7820865974627469\" style=\"border:0;\" allowfullscreen=\"\" width=\"600\" height=\"450\" frameborder=\"0\"><\/iframe>\n\n\n\n<p>Sont alors construits en 1963, sur des terrains comportant des vergers et des garages (voir photographie a\u00e9rienne de 1961) appartenant \u00e0 Henri Lemesle, des baraquements bleus et blancs en pr\u00e9fabriqu\u00e9s (type SOFACO, en rez-de-chauss\u00e9e exclusif, sans fondations mais mont\u00e9s sur parpaings) qui accueillent des classes sous forme de Groupe d&rsquo;Observation Dispers\u00e9 (des 6<sup>\u00e8me<\/sup> puis des 5<sup>\u00e8me<\/sup> dans un premier temps). Il n&rsquo;y avait alors que trois pr\u00e9fabriqu\u00e9s de deux classes (A, B et C, voir plans et photographie a\u00e9rienne de 1964), les autres sections \u00e9tant h\u00e9berg\u00e9es dans les \u00e9coles voisines, et un garage. Un groupe de 2 classes mobiles est affect\u00e9 par le Pr\u00e9fet du Loiret par d\u00e9cision du 19 mai 1962.<\/p>\n\n\n\nngg_shortcode_0_placeholder\n\n\n\n<p> Le coll\u00e8ge a officiellement \u00e9t\u00e9 cr\u00e9\u00e9 en septembre 1966 sous  l&rsquo;appellation \u00ab\u00a0Coll\u00e8ge d&rsquo;Enseignement G\u00e9n\u00e9ral de l&rsquo;Argonne\u00a0\u00bb qui  deviendra ind\u00e9pendant de l&rsquo;Ecole du Grand Villiers \u00e0 la rentr\u00e9e 1966.  Son directeur est alors monsieur Maurice Papet.\u00a0 D\u00e8s sa nomination,  celui-ci r\u00e9clame aupr\u00e8s du maire d&rsquo;Orl\u00e9ans l&rsquo;\u00e9quipement d&rsquo;un bureau et  de deux classes pr\u00e9fabriqu\u00e9es. Sa demande est refus\u00e9e par le Maire qui  la transmet tout de m\u00eame \u00e0 l&rsquo;Inspecteur de l&rsquo;Enseignement Primaire pour  une \u00e9ventuelle attribution de deux classes du Parc d\u00e9partemental.  Celui-ci refuse \u00e9galement. Le coll\u00e8ge devint \u00ab\u00a0Coll\u00e8ge Enseignement  Secondaire Municipal Mixte\u00a0\u00bb en 1971, l&rsquo;un des rares coll\u00e8ges municipaux \u00e0  l&rsquo;\u00e9poque. <\/p>\n\n\n\nngg_shortcode_1_placeholder\n\n\n<p><br>\n<!--StartFragment--><\/p>\n\n\n<p>Ce n&rsquo;est qu&rsquo;en 1972 que le Pr\u00e9fet du Loiret, sur proposition\nde l&rsquo;Inspecteur de l&rsquo;Acad\u00e9mie, met \u00e0 disposition deux classes mobiles du Parc\nd\u00e9partemental (voir plus haut). En 1972 le coll\u00e8ge compte donc cinq\npr\u00e9fabriqu\u00e9s (s&rsquo;ajoutent les b\u00e2timents D et E), et d\u00e9sormais des sanitaires et\nune cuve \u00e0 fioul (voir carte et photographie a\u00e9rienne de 1971). Un nouveau\npr\u00e9fabriqu\u00e9 est (F) est implant\u00e9 en 1973 dans le cadre d&rsquo;une extension \u00e0\nl&rsquo;ouest du terrain et deux pr\u00e9fabriqu\u00e9s suppl\u00e9mentaires sont envisag\u00e9s encore\nplus \u00e0 l&rsquo;ouest. La construction d&rsquo;un plateau double d&rsquo;\u00e9ducation physique est\nvot\u00e9e par d\u00e9lib\u00e9ration du Conseil Municipal le 23 mars 1973, et b\u00e9n\u00e9ficie d&rsquo;une\nsubvention de 55.000 F par l&rsquo;Etat. Sont envisag\u00e9s \u00e9galement la construction\nd&rsquo;un pr\u00e9au, d&rsquo;une piste droite, et l&#8217;emplacement d&rsquo;un gymnase (voir avant-projet\nsur les plans de 1973). Seul le pr\u00e9au m\u00e9tallique verra le jour. Sa\nconstruction, en lieu et place d&rsquo;anciens garages, a \u00e9t\u00e9 valid\u00e9e par\nd\u00e9lib\u00e9ration en Conseil Municipal du 23 mars 1973 et confi\u00e9e \u00e0 l&rsquo;entreprise\nDoublet-Festitub. Jusqu&rsquo;en 1973, le terrain du coll\u00e8ge \u00e9tait contraint \u00e0 sa\npartie sud. Ce n&rsquo;est qu&rsquo;en 1973 qu&rsquo;est envisag\u00e9e l&rsquo;acquisition des terrains au\nnord pour accueillir de nouveaux pr\u00e9fabriqu\u00e9s. En effet, \u00e0 l&rsquo;occasion du\nr\u00e9am\u00e9nagement et de l&rsquo;extension du C.E.S St Marc en 1974, quatre classes mobiles\nde type SOFACO sont transf\u00e9r\u00e9es au C.E.S. (classes 13, 14, 15 et 16 sur les\nplans), les autres \u00e9tant attribu\u00e9es \u00e0 l&rsquo;Ecole Normale d&rsquo;Instituteurs. Le\nd\u00e9montage et remontage de ces classes mobiles, ainsi que divers travaux, sont\nconfi\u00e9s \u00e0 l&rsquo;entreprise Guillen.&nbsp; Le\nb\u00e2timent \u00ab\u00a0Aluminium\u00a0\u00bb (H sur la carte), qui servait de salle\npolyvalente pour les r\u00e9unions, les projections, a \u00e9t\u00e9 ramen\u00e9 du Lyc\u00e9e de La\nSource en 1975. En 1975, le C.E.S b\u00e9n\u00e9ficie \u00e9galement d&rsquo;un nouveau groupe de\nclasses mobiles du Parc National. Au final, \u00e0 cette date, le coll\u00e8ge comptait 7\npr\u00e9fabriqu\u00e9s (A, B, C, D, E, F et G), un bloc sanitaire et un pr\u00e9au. Une\nnouvelle d\u00e9lib\u00e9ration du Conseil Municipal le 27 juin 1975 valide la\nr\u00e9alisation d&rsquo;un plateau sportif, confi\u00e9e \u00e0 l&rsquo;entreprise Helleboid. Le\nfinancement est assur\u00e9 pour partie par l&rsquo;\u00e9tat (31.200 F sur 48.000 F). Ce\nplateau, cens\u00e9 remplacer le verger dans lequel les \u00e9l\u00e8ves chapardaient pommes\net cerises, ne verra finalement pas le jour. La cour, qui \u00e9tait une v\u00e9ritable\npataugeoire \u00e0 boue, est tout de m\u00eame d\u00e9cap\u00e9e et goudronn\u00e9e par l&rsquo;entreprise\nHelleboid, dans le cadre d&rsquo;un march\u00e9 gr\u00e9-\u00e0-gr\u00e9 pass\u00e9 par la Ville d&rsquo;Orl\u00e9ans. <\/p>\n\n\n\n<p>Le b\u00e2timent A h\u00e9bergeait le bureau du directeur, les\narchives, un secr\u00e9tariat et 1 classe. Le b\u00e2timent B contient deux salles : une\npour les sciences et l&rsquo;autre pour la technologie. C&rsquo;est l&rsquo;entreprise Bornhauser\nMolinari et Cie qui a \u00e9t\u00e9 charg\u00e9e de l&rsquo;am\u00e9nagement des salles de sciences\n(plomberie\/sanitaire). Les b\u00e2timents C, E et F comportent chacun deux classes\ntandis que le b\u00e2timent D h\u00e9berge \u00e9galement d&rsquo;une salle des professeurs. A\nl&rsquo;exception du b\u00e2timent G accueillant la chaufferie et donc \u00e9quip\u00e9 d&rsquo;un\nchauffage central, tous les autres b\u00e2timents sont chauff\u00e9s au moyens\nd&rsquo;appareils ind\u00e9pendants fonctionnant au fuel. <\/p>\n\n\n\n<p>Par d\u00e9cret du 3 mars 1977, le coll\u00e8ge est nationalis\u00e9 au\nm\u00eame titre que cent soixante-huit autres coll\u00e8ges d&rsquo;enseignement secondaire. Il\nest baptis\u00e9 Coll\u00e8ge Jean Rostand en 1979. Deux nouveaux pr\u00e9fabriqu\u00e9s (I, J)\nsont construits en 1977, puis un garage \u00e0 cycle en 1979, avant que quelques\narbres ne soient plant\u00e9s dans les cours en 1981.<\/p>\n\n\n\n<p>En 1982, les pr\u00e9fabriqu\u00e9s \u00e0 l&rsquo;est de l&#8217;emprise sud (A, B, C, D, E \u2013 voir plans) et les sanitaires, d\u00e9laiss\u00e9s \u00e0 l&rsquo;occasion de la construction du nouveau coll\u00e8ge (voir plus bas), sont destin\u00e9s au relogement du Service des Examens. Les pr\u00e9fabriqu\u00e9s I et J (voir photographie a\u00e9rienne de 1983) \u00e0 l&rsquo;ouest du terrain sont d\u00e9mont\u00e9s de mani\u00e8re \u00e0 percer l&rsquo;Impasse du Cardinal Morlot. Une piste d&rsquo;\u00e9ducation routi\u00e8re est mise en place dans la partie nord de l&#8217;emprise en 1984 (voir carte de 1984). Elle \u00e9tait toujours visible en 2018 (voir photographie a\u00e9rienne de 2013). La plupart des baraquements restants ont \u00e9t\u00e9 d\u00e9truits en juin 1988 (t\u00e9moignage de C. Gailliard, photographie a\u00e9rienne de 1989 et plans), apr\u00e8s avoir servi de salles de sport. Seul le b\u00e2timent G, qui a longtemps \u00e9t\u00e9 utilis\u00e9 comme dojo, subsistait encore en 2018. Un nouveau b\u00e2timent h\u00e9bergeant le Syndicat des Enseignants de l&rsquo;UNSA est construit sur le terrain entre 1995 et 1998, au 4 Impasse du Cardinal Morlot.<\/p>\n\n\n\nngg_shortcode_2_placeholder\n\n\n<p><br>\n<!--StartFragment--><\/p>\n\n\n<p>L&rsquo;\u00e9tat final du coll\u00e8ge r\u00e9sulte d&rsquo;une politique\nd&rsquo;am\u00e9nagement opportuniste, avec des phases de r\u00e9cup\u00e9ration de pr\u00e9fabriqu\u00e9s\n\u00ab\u00a0mobiles\u00a0\u00bb en provenance d&rsquo;autres \u00e9tablissements, et en lien avec\nl&rsquo;\u00e9volution d\u00e9mographique du quartier. Certains des baraquements, initialement\ncon\u00e7us pour durer 3 ans, ont tenu 17 ans. Mais dans quelles conditions ! En\n\u00e9t\u00e9, la temp\u00e9rature dans les locaux pouvait atteindre 35 \u00b0C. En hiver, le\nconcierge allumait quatre po\u00eales qu&rsquo;il fallait nourrir de 400 litres de fuel \u00e0\n5h le matin, puis le midi (ils tenaient \u00e0 peine \u00e0 8h) : \u00ab\u00a0Mais l&rsquo;hiver, l\u00e0\nc&rsquo;\u00e9tait autre chose. On commen\u00e7ait les cours \u00e0 8h00. Souvent la chaudi\u00e8re,\nd\u00e9marr\u00e9e vers 5h00 par le concierge, tirait pas encore au mieux&#8230; je me\nsouviens d&rsquo;une gr\u00e8ve des profs, qui refusaient de faire cours en dessous des 16\ndegr\u00e9s. Ce matin-l\u00e0, il faisait 14 dans la classe d&rsquo;Allemand&#8230; pas terrible\npour se concentrer. C&rsquo;est arriv\u00e9 souvent.\u00a0\u00bb Christophe Gailliard. De l&rsquo;avis\nde nombreux anciens \u00e9l\u00e8ves, l&rsquo;ambiance \u00e9tait chaleureuse et familiale.<\/p>\n\n\n\n<p>Les planchers et les murs s&rsquo;\u00e9cartaient, laissant parfois pousser les herbes entre les lames qu&rsquo;il a fallu resserrer par des c\u00e2bles. Les sanitaires \u00e9taient sans chauffage et sujets aux caprices du vent. Une boite aux lettres servait aux enfants pour glisser leurs tickets de cantine. Les r\u00e9clamations des parents d&rsquo;\u00e9l\u00e8ves et des professeurs pour des constructions \u00ab\u00a0en dur\u00a0\u00bb en lieu et place des constructions provisoires sont confront\u00e9es aux promesses r\u00e9currentes des pouvoirs publics. <\/p>\n\n\n<p><!--EndFragment--><\/p>\n<div class=\"wp-block-image\" style=\"text-align: center;\">\n<figure class=\"aligncenter\"><img decoding=\"async\" class=\"wp-image-1868 aligncenter\" src=\"http:\/\/www.pellerine-orleans.fr\/wp-content\/uploads\/2019\/10\/image-28.png\" alt=\"\"><\/figure>\nParents d&rsquo;\u00e9l\u00e8ves et professeurs du C.E.S (provisoire) de l&rsquo;Argonne demandent des b\u00e2timents en dur \u2013 La R\u00e9publique du Centre, 17 d\u00e9cembre 1971.<\/div>\n<p><\/p>\n<div class=\"wp-block-image\" style=\"text-align: center;\">\n<figure class=\"aligncenter\"><img decoding=\"async\" class=\"wp-image-1869 aligncenter\" src=\"http:\/\/www.pellerine-orleans.fr\/wp-content\/uploads\/2019\/10\/image-29.png\" alt=\"\"><\/figure>\n<figure class=\"aligncenter\">Vif m\u00e9contentement des parents d&rsquo;\u00e9l\u00e8ves du C.E.S. de l&rsquo;Argonne qui r\u00e9clament une construction en dur \u2013 La R\u00e9publique du Centre, 17 d\u00e9cembre 1976.\n<figcaption><\/figcaption>\n<\/figure>\n<\/div>\n<p><\/p>\n<p>Vers 1975\/1976, les enseignants, men\u00e9s d&rsquo;apr\u00e8s les t\u00e9moignages, par Ren\u00e9 M\u00e9tr\u00e9giste, entrent en gr\u00e8ve, d\u00e9non\u00e7ant les conditions de travail. Le 22 mars 1979, A. Naudin, alors Principal du coll\u00e8ge, adresse une lettre au maire d&rsquo;Orl\u00e9ans pour demander en urgence des travaux sur le chauffage. La Pr\u00e9sident du Conseil Local de l&rsquo;Argonne, Mme C. Jaunet, \u00e9crit, elle, au Pr\u00e9sident de la R\u00e9publique en mai 1979 : \u00ab\u00a0Implant\u00e9 dans un quartier d\u00e9j\u00e0 d\u00e9favoris\u00e9, ce coll\u00e8ge fonctionne dans un ensemble de b\u00e2timents provisoires v\u00e9tustes pour la plupart. En effet, certains d&rsquo;entre-eux d\u00e9mont\u00e9s, transport\u00e9s et r\u00e9-implant\u00e9s ont plus de vingt ans d&rsquo;\u00e2ge et leur \u00e9tat pr\u00e9caire donne de grosses inqui\u00e9tudes au directeur, aux enseignants et aux parents\u00a0\u00bb.<\/p>\n<p> <\/p>\n<h2 class=\"wp-block-heading\">Un nouveau site et de nouveaux b\u00e2timents en 1982<\/h2>\n<p> <\/p>\n<p>Apr\u00e8s dix-sept ann\u00e9es dans des installations pr\u00e9caires (335 \u00e9l\u00e8ves l&rsquo;ann\u00e9e pr\u00e9c\u00e9dant la cl\u00f4ture) au 61 avenue de la Marne, le nouveau coll\u00e8ge Jean-Rostand, situ\u00e9 au 18 rue du N\u00e9cotin, entre en activit\u00e9 le 14 janvier 1982 et devient l&rsquo;un des premiers coll\u00e8ges en ZEP.<\/p>\n<p><\/p>\n<figure class=\"wp-block-image\"><img decoding=\"async\" class=\"wp-image-1887\" src=\"http:\/\/www.pellerine-orleans.fr\/wp-content\/uploads\/2019\/10\/Coll\u00e8ge-Jean-Rostand-La-R\u00e9publique-du-Centre-2-725x1024.png\" alt=\"\">\n<figcaption><em><em>Locaux d\u00e9finitifs dans un an pour le coll\u00e8ge Jean Rostand \u00e0 l&rsquo;Argonne \u2013 La R\u00e9publique du Centre, 24 et 25 janvier 1981.<br><\/em><\/em>\n<figure class=\"wp-block-image\"><img decoding=\"async\" class=\"wp-image-1886\" src=\"http:\/\/www.pellerine-orleans.fr\/wp-content\/uploads\/2019\/10\/g12-725x1024.png\" alt=\"\">\n<figcaption><em>Apr\u00e8s dix-sept ann\u00e9es dans des installations pr\u00e9caires, le nouveau coll\u00e8ge Jean Rostand est entr\u00e9 en activit\u00e9 &#8211; La R\u00e9publique du Centre, 11 f\u00e9vrier 1982.<\/em><\/figcaption>\n<\/figure>\n<em><br><\/em><\/figcaption>\n<\/figure>\n<p><\/p>\n\n\n<p>Construit par l&rsquo;entreprise\nDalla-Verra sur des plans de l&rsquo;architecte Saubot, la direction des op\u00e9rations\nfut confi\u00e9e au cabinet Blareau, Dufour, Rieder. Le b\u00e2timent est \u00e9tabli sur le\nm\u00eame mod\u00e8le que les coll\u00e8ges de Briare et de Jou\u00e9-les-Tours. Sur un terrain de\n11600 m\u00b2, la surface du b\u00e2timent est de 6000 m\u00b2 sur deux \u00e9tages qui permettent\nd&rsquo;accueillir 600 \u00e9l\u00e8ves. Le b\u00e2timent comprend alors au rez-de-chauss\u00e9e une\nconciergerie, un cabinet m\u00e9dical, deux groupes sanitaires, trois salles de\nsciences, une salle de collections, une salle polyvalente-restaurant, deux\nsalles de physique et un hall d&rsquo;accueil avec salle d&rsquo;exposition. Construit sous\nle maire Jacques Douffiagues, il b\u00e9n\u00e9ficie d&rsquo;une forte participation financi\u00e8re\nde la mairie (4.481.000 F contre 12.305.000 F de l&rsquo;Etat). Le proviseur de\nl&rsquo;\u00e9poque \u00e9tait M Couroux qui n&rsquo;a pas \u00e9t\u00e9 f\u00e2ch\u00e9 d&rsquo;int\u00e9grer ces nouveaux locaux. <\/p>\n\n\n\n<p>Fran\u00e7ois Hollande, alors Pr\u00e9sident de la R\u00e9publique, a\nvisit\u00e9 le coll\u00e8ge Jean Rostand le 1<sup>er<\/sup> septembre 2016. Mme Keller en\n\u00e9tait alors la principale. Depuis la rentr\u00e9e 2019, c&rsquo;est M Fix qui est le\nPrincipal du coll\u00e8ge. Mme Dossier, Conseill\u00e8re Principale d&rsquo;Education, au\ncoll\u00e8ge depuis 1986 a pris sa retraite en 2019.<\/p>\n\n\n\n<h2 class=\"wp-block-heading\">La mauvaise r\u00e9putation ?<\/h2>\n\n\n\n<p>Associ\u00e9 \u00e0 l&rsquo;Argonne, le coll\u00e8ge a longtemps souffert d&rsquo;une\nmauvaise r\u00e9putation sans doute pas m\u00e9rit\u00e9e si l&rsquo;on en cro\u00eet les t\u00e9moignages. Pourtant,\nM Couroux, Principal du coll\u00e8ge en 1982, indiquait ne pas avoir plus de\ndifficult\u00e9s dans ce coll\u00e8ge que dans d&rsquo;autres mais pr\u00e9f\u00e9rer l&rsquo;utilisation de\nnom Coll\u00e8ge Jean Rostand plut\u00f4t que Coll\u00e8ge de l&rsquo;Argonne car l&rsquo;image peu\nfavorable que v\u00e9hiculait le quartier rejaillissait sur lui. Christophe Gailliard\nrapporte ainsi que, le jour de son arriv\u00e9e en classe de seconde, son\nenseignante du Lyc\u00e9e Jean Zay les avait plac\u00e9s, lui et une camarade provenant\n\u00e9galement du coll\u00e8ge Jean Rostand, au dernier rang, laissant les premi\u00e8res\nplaces aux \u00e9l\u00e8ves en provenance de coll\u00e8ges plus hup\u00e9s. Il termine son\nt\u00e9moignage sur ces mots : \u00a0\u00bb Oui, ce matin-l\u00e0, comme les 4 ann\u00e9es qui\nallaient suivre (j&rsquo;ai tellement aim\u00e9 la seconde que j&rsquo;en ai fait une seconde),\nl&rsquo;Argonne \u00e9tait dans mon cartable. Sur le moment, j&rsquo;en \u00e9tait confus. Avec le\nrecul, j&rsquo;en suis fier\u00a0\u00bb.<\/p>\n\n\n\n<p>Le coll\u00e8ge Jean Rostand est entr\u00e9 dans le r\u00e9seau UNESCO le\n13 novembre 2012. Il a eu les honneurs du journal l&rsquo;Express qui le pr\u00e9sente\ncomme le meilleur coll\u00e8ge Rep+ de France, avec un taux de r\u00e9ussite de 95% au\nbrevet en 2016 contre 68% en 2008. Ce renversement de r\u00e9putation serait li\u00e9 \u00e0\nsa politique \u00e9ducative innovante et \u00e0 la mobilisation de tous.<\/p>\n\n\n\n<h2 class=\"wp-block-heading\">Un nouveau coll\u00e8ge \u00e0 la rentr\u00e9e 2020<\/h2>\n\n\n\n<p>Un nouveau coll\u00e8ge devrait voir le jour \u00e0 la rentr\u00e9e 2020. Localis\u00e9 le long de l&rsquo;Avenue des Droits de l&rsquo;Homme, \u00e0 proximit\u00e9 du Parc de la Fontaine de l&rsquo;Etuv\u00e9e, ce nouvel \u00e9tablissement accueillera 664 \u00e9l\u00e8ves, dont 64 en Segpa (sections d\u2019enseignement g\u00e9n\u00e9ral et professionnel adapt\u00e9), sur 6559 m\u00b2. Il remplace le coll\u00e8ge Jean Rostand jug\u00e9 trop v\u00e9tuste, qui accueillait 250 \u00e9l\u00e8ves. L&rsquo;objectif est \u00e9galement d&rsquo;augmenter la capacit\u00e9 du coll\u00e8ge, notamment en raison de la forte augmentation d\u00e9mographique du quartier, avec pr\u00e8s de 400 nouvelles r\u00e9sidences construites dans la ZAC de la Fontaine. Un gymnase de 1600 m\u00b2 et une salle polyvalente de 300 m\u00b2 sont \u00e9galement pr\u00e9vus. Le budget du projet s&rsquo;\u00e9l\u00e8ve \u00e0 33 millions d&rsquo;euros dont 27 millions par le Conseil D\u00e9partemental et 6 par la Ville d&rsquo;Orl\u00e9ans. La r\u00e9alisation du projet est confi\u00e9e \u00e0 Archi5 Prod Facea Claude Mathieu associ\u00e9s. Le dossier de presse est t\u00e9l\u00e9chargeable <a href=\"http:\/\/clg-rostand-orleans.tice.ac-orleans-tours.fr\/eva\/sites\/clg-rostand-orleans\/IMG\/pdf\/dossier_de_presse_projet_nord_est_d_orleans_.pdf\">ici<\/a>. Le nom du nouveau coll\u00e8ge \u00e9tait encore d\u00e9battu en mai 2019 (voir les articles La R\u00e9publique du Centre <a href=\"https:\/\/www.larep.fr\/orleans-45000\/actualites\/quel-nom-pour-le-futur-college-orleans-nord-est-la-proposition-de-la-fcpe_13559896\/#refresh\">ici<\/a> et <a href=\"https:\/\/www.larep.fr\/orleans-45000\/actualites\/les-resultats-de-notre-sondage-sur-le-nom-a-donner-au-futur-college-orleans-nord-est_13563896\/\">ici<\/a>).<\/p>\n\n\n\nngg_shortcode_3_placeholder\n\n\n\n<figure class=\"wp-block-embed is-type-video is-provider-vimeo\"><div class=\"wp-block-embed__wrapper\">\n<p class=\"responsive-video-wrap clr\"><iframe src=\"https:\/\/player.vimeo.com\/video\/256748006?dnt=1&amp;app_id=122963\" width=\"1200\" height=\"675\" frameborder=\"0\" allow=\"autoplay; fullscreen\" allowfullscreen><\/iframe><\/p>\n<\/div><\/figure>\n\n\n\n<h2 class=\"wp-block-heading\">R\u00e9f\u00e9rences<\/h2>\n\n\n\n<ul class=\"wp-block-list\"><li>Locaux d\u00e9finitifs dans un an pour le coll\u00e8ge Jean Rostand \u00e0 l&rsquo;Argonne \u2013 La R\u00e9publique du Centre, 24 et 25 janvier 1981.<\/li><li>Apr\u00e8s dix-sept ann\u00e9es dans des installations pr\u00e9caires, le nouveau coll\u00e8ge Jean Rostand est entr\u00e9 en activit\u00e9 &#8211; La R\u00e9publique du Centre, 11 f\u00e9vrier 1982.<\/li><li>Le coll\u00e8ge Jean Rostand table sur la diversit\u00e9 d&rsquo;origine de ses \u00e9l\u00e8ves &#8211; La R\u00e9publique du Centre, 6 mai 1993.<\/li><li><a href=\"https:\/\/www.larep.fr\/orleans-45000\/loisirs\/ce-qu-il-faut-retenir-de-la-visite-de-francois-hollande-a-orleans_12053390\/\">Ce qu&rsquo;il faut retenir de la visite de Fran\u00e7ois Hollande \u00e0 Orl\u00e9ans<\/a> \u2013 La R\u00e9publique du Centre, 1<sup>er<\/sup> septembre 2016.<\/li><li><a href=\"https:\/\/www.larep.fr\/orleans-45000\/actualites\/un-nouveau-college-a-l-horizon-2020-pour-remplacer-jean-rostand-a-orleans_12067597\/#refresh\">Un nouveau coll\u00e8ge \u00e0 l&rsquo;horizon 2020 pour remplacer Jean-Rostand \u00e0 Orl\u00e9ans<\/a> \u2013 La R\u00e9publique du Centre, 12 septembre 2016.<\/li><li><a href=\"https:\/\/www.larep.fr\/orleans-45000\/actualites\/le-college-orleans-nord-est-destine-a-remplacer-jean-rostand-se-dessine_12769591\/#refresh\">Le coll\u00e8ge Orl\u00e9ans nord-est, destin\u00e9 \u00e0 remplacer Jean-Rostand, se dessine<\/a> \u2013 La R\u00e9publique du Centre, 12 mars 2018.<\/li><li><a href=\"https:\/\/www.larep.fr\/orleans-45000\/actualites\/dans-les-pas-de-sebastien-fix-nouveau-principal-du-college-jean-rostand-a-orleans_12965740\/#refresh\">Dans les pas de S\u00e9bastien Fix, nouveau principal du coll\u00e8ge Jean-Rostand \u00e0 Orl\u00e9ans<\/a> \u2013 La R\u00e9publique du Centre, 31 ao\u00fbt 2018.<\/li><li><a href=\"https:\/\/www.larep.fr\/orleans-45000\/actualites\/les-principales-infos-sur-le-nouveau-college-en-phase-imminente-de-construction-a-orleans_13525277\/\">Les principales infos sur le nouveau coll\u00e8ge en phase imminente de construction \u00e0 Orl\u00e9ans<\/a> &#8211; La R\u00e9publique du Centre, 26 mars 2019.<\/li><li><a href=\"https:\/\/www.larep.fr\/orleans-45000\/actualites\/quel-nom-pour-le-futur-college-orleans-nord-est-la-proposition-de-la-fcpe_13559896\/#refresh\">Quel nom pour le futur coll\u00e8ge Orl\u00e9ans-Nord-Est ? La proposition de la fcpe<\/a> &#8211; La R\u00e9publique du Centre, 13 mai 2019.<\/li><li><a href=\"https:\/\/www.larep.fr\/orleans-45000\/actualites\/les-resultats-de-notre-sondage-sur-le-nom-a-donner-au-futur-college-orleans-nord-est_13563896\/\">Les r\u00e9sultats de notre sondage sur le nom \u00e0 donner au futur coll\u00e8ge Orl\u00e9ans nord-est<\/a> &#8211; La R\u00e9publique du Centre, 19 mai 2019.<\/li><li><a href=\"https:\/\/www.larep.fr\/orleans-45000\/actualites\/la-cpe-du-college-jean-rostand-d-orleans-prend-sa-retraite-apres-33-ans-de-service_13591838\/\">La CPE du coll\u00e8ge Jean-Rostand d&rsquo;Orl\u00e9ans prend sa retraite apr\u00e8s 33 ans de service<\/a> \u2013 La R\u00e9publique du Centre, 26 mai 2019.<\/li><li><a href=\"https:\/\/www.larep.fr\/orleans-45000\/actualites\/jean-rostand-a-largonne-se-demarque-par-sa-politique-educative-innovante_12348701\/#refresh\">Jean-Rostand, \u00e0 l\u2019Argonne, se d\u00e9marque par sa politique \u00e9ducative innovante<\/a> \u2013 La R\u00e9publique du Centre, 3 avril 2017.<\/li><li>Archives Municipales et Communautaires d&rsquo;Orl\u00e9ans : M3104, M3835, M3836, M3837, M3838, M 3487 \/ <\/li><li> Archives Municipales et Communautaires d&rsquo;Orl\u00e9ans :  CR de CM des 25 mai, 28 septembre et 25 octobre 1962<\/li><\/ul>\n\n\n\n<p>Auteur : J. Jacob<\/p>\n","protected":false},"excerpt":{"rendered":"<p>Historique Dans sa lettre 11 mai 1962, l&rsquo;Inspecteur d&rsquo;Acad\u00e9mie d\u00e9cide l&rsquo;ouverture de deux classes de 6\u00e8me annex\u00e9es l&rsquo;une \u00e0 l&rsquo;\u00e9cole des gar\u00e7ons rue du Grand Villiers et l&rsquo;autre \u00e0 l&rsquo;\u00e9cole des filles rue du Grand Villiers. Les d\u00e9cisions d&rsquo;acquisition des terrains sont rapport\u00e9es dans diff\u00e9rents comptes rendus de Conseil Municipal de 1962. Sont alors construits [&hellip;]<\/p>\n","protected":false},"author":1,"featured_media":0,"parent":18,"menu_order":0,"comment_status":"closed","ping_status":"closed","template":"","meta":{"ngg_post_thumbnail":0,"footnotes":""},"class_list":["post-116","page","type-page","status-publish","hentry","entry"],"_links":{"self":[{"href":"https:\/\/amae.eu\/index.php\/wp-json\/wp\/v2\/pages\/116"}],"collection":[{"href":"https:\/\/amae.eu\/index.php\/wp-json\/wp\/v2\/pages"}],"about":[{"href":"https:\/\/amae.eu\/index.php\/wp-json\/wp\/v2\/types\/page"}],"author":[{"embeddable":true,"href":"https:\/\/amae.eu\/index.php\/wp-json\/wp\/v2\/users\/1"}],"replies":[{"embeddable":true,"href":"https:\/\/amae.eu\/index.php\/wp-json\/wp\/v2\/comments?post=116"}],"version-history":[{"count":4,"href":"https:\/\/amae.eu\/index.php\/wp-json\/wp\/v2\/pages\/116\/revisions"}],"predecessor-version":[{"id":267,"href":"https:\/\/amae.eu\/index.php\/wp-json\/wp\/v2\/pages\/116\/revisions\/267"}],"up":[{"embeddable":true,"href":"https:\/\/amae.eu\/index.php\/wp-json\/wp\/v2\/pages\/18"}],"wp:attachment":[{"href":"https:\/\/amae.eu\/index.php\/wp-json\/wp\/v2\/media?parent=116"}],"curies":[{"name":"wp","href":"https:\/\/api.w.org\/{rel}","templated":true}]}}