{"id":12,"date":"2019-10-31T13:26:52","date_gmt":"2019-10-31T12:26:52","guid":{"rendered":"http:\/\/amae.eu\/?page_id=12"},"modified":"2026-02-16T15:13:32","modified_gmt":"2026-02-16T14:13:32","slug":"association","status":"publish","type":"page","link":"https:\/\/amae.eu\/index.php\/association\/","title":{"rendered":"Association"},"content":{"rendered":"\t\t<div data-elementor-type=\"wp-page\" data-elementor-id=\"12\" class=\"elementor elementor-12\">\n\t\t\t\t\t\t<section class=\"elementor-section elementor-top-section elementor-element elementor-element-35fb3e55 elementor-section-boxed elementor-section-height-default elementor-section-height-default\" data-id=\"35fb3e55\" data-element_type=\"section\" data-e-type=\"section\">\n\t\t\t\t\t\t<div class=\"elementor-container elementor-column-gap-default\">\n\t\t\t\t\t<div class=\"elementor-column elementor-col-100 elementor-top-column elementor-element elementor-element-6e53d08\" data-id=\"6e53d08\" data-element_type=\"column\" data-e-type=\"column\">\n\t\t\t<div class=\"elementor-widget-wrap elementor-element-populated\">\n\t\t\t\t\t\t<div class=\"elementor-element elementor-element-125cd2be elementor-widget elementor-widget-text-editor\" data-id=\"125cd2be\" data-element_type=\"widget\" data-e-type=\"widget\" data-widget_type=\"text-editor.default\">\n\t\t\t\t<div class=\"elementor-widget-container\">\n\t\t\t\t\t\t\t\t\t<p><\/p>\n<p><\/p>\n<p><!-- \/wp:paragraph --><\/p>\n<p><!-- wp:paragraph --><\/p>\n<h4 style=\"text-align: center;\"><span style=\"color: #ffffff;\">Adh\u00e9rez \u00e0 AMAE !<\/span><\/h4>\n<p><span style=\"color: #ffffff;\"><!-- \/wp:paragraph --><\/span><\/p>\n<p><span style=\"color: #ffffff;\"><!-- wp:list --><\/span><\/p>\n<ul>\n<li><span style=\"color: #ffffff;\">Imprimez et renseignez le <a style=\"color: #ffffff;\" href=\"http:\/\/amae.eu\/wp-content\/uploads\/2024\/04\/AMAE-Bulletin-dadhesion-2024-1.pdf\">bulletin d&rsquo;adh\u00e9sion<\/a> 2024 puis envoyez-le, accompagn\u00e9 du r\u00e8glement par ch\u00e8que \u00e0 l&rsquo;ordre de \u00ab\u00a0Association pour la M\u00e9moire et l\u2019Animation de l\u2019Est d\u2019Orl\u00e9ans\u00a0\u00bb \u00e0 J\u00e9r\u00e9my Jacob, 10 Ter rue de la Pellerine, 45000 Orl\u00e9ans.\u00a0<\/span><\/li>\n<\/ul>\n<p><span style=\"color: #ffffff;\"><!-- \/wp:list --><\/span><\/p>\n<p><span style=\"color: #ffffff;\"><!-- wp:list --><\/span><\/p>\n<ul>\n<li><span style=\"color: #ffffff;\">Adh\u00e9rez en ligne en ligne avec <a style=\"color: #ffffff;\" href=\"https:\/\/www.payasso.fr\/amae\/adhesions\">PayAsso<\/a><\/span><\/li>\n<\/ul>\t\t\t\t\t\t\t\t<\/div>\n\t\t\t\t<\/div>\n\t\t\t\t\t<\/div>\n\t\t<\/div>\n\t\t\t\t\t<\/div>\n\t\t<\/section>\n\t\t\t\t<section class=\"elementor-section elementor-top-section elementor-element elementor-element-335f39a elementor-section-boxed elementor-section-height-default elementor-section-height-default\" data-id=\"335f39a\" data-element_type=\"section\" data-e-type=\"section\">\n\t\t\t\t\t\t<div class=\"elementor-container elementor-column-gap-default\">\n\t\t\t\t\t<div class=\"elementor-column elementor-col-100 elementor-top-column elementor-element elementor-element-b4c53ba\" data-id=\"b4c53ba\" data-element_type=\"column\" data-e-type=\"column\">\n\t\t\t<div class=\"elementor-widget-wrap elementor-element-populated\">\n\t\t\t\t\t\t<div class=\"elementor-element elementor-element-8e82b33 elementor-widget elementor-widget-text-editor\" data-id=\"8e82b33\" data-element_type=\"widget\" data-e-type=\"widget\" data-widget_type=\"text-editor.default\">\n\t\t\t\t<div class=\"elementor-widget-container\">\n\t\t\t\t\t\t\t\t\t<p><!-- wp:paragraph --><\/p>\n<p><em>AMAE est une association de type Loi 1901 dont le but est de valoriser, par des actions du pr\u00e9sent et des projets d\u2019animation et de communication, la m\u00e9moire et le patrimoine de l\u2019Est d\u2019Orl\u00e9ans. AMAE est un id\u00e9ogramme japonais qui rel\u00e8ve du sentiment d\u2019attachement aux parents.<\/em><\/p>\n<p style=\"text-align: center;\"><a href=\"http:\/\/amae.eu\/wp-content\/uploads\/2020\/01\/Statuts-AMAE-Orl\u00e9ans-sign\u00e9s-octobre-2019.pdf\">Statuts de l&rsquo;Association<\/a> \/\u00a0Contact : <a href=\"mailto:contact@amae.eu\">contact[a]amae.eu<\/a><\/p>\n<p><!-- wp:paragraph --><\/p>\n<p><!-- \/wp:paragraph --><\/p>\n<p><!-- wp:heading {\"level\":4} --><\/p>\n<h4>Bureau au 12\/02\/2026<\/h4>\n<ul>\n<li>Pr\u00e9sidente : Martine Perraudin Peron, \u00e9paul\u00e9e par V\u00e9ronique Mignan et Marie-H\u00e9l\u00e8ne Hardouin,<\/li>\n<li>Secr\u00e9taire : Agn\u00e8s de Valance, \u00e9paul\u00e9e par Mich\u00e8le D\u00e9prez et Claire-Marie Bainier,<\/li>\n<li>Tr\u00e9sori\u00e8re : Sophie Kaminer, \u00e9paul\u00e9e par Luc Lordet.<\/li>\n<\/ul>\n<h4>Conseil d&rsquo;administration au 22\/01\/2026<\/h4>\n<p>M.H. Hardouin, M. Perraudin, V. Mignan, M. Deprez, S. Kaminer, C. Meunier, A. de Valence, L. Lordet, C.M. Bainier<\/p>\n<h4>Bureau au 07\/01\/2025<\/h4>\n<p><!-- \/wp:heading --><\/p>\n<p><!-- wp:list --><\/p>\n<ul>\n<li>Pr\u00e9sidente &#8211; E. Bauthier<\/li>\n<li>Secr\u00e9taire &#8211; J.P. Peron<\/li>\n<li>Tr\u00e9sorier &#8211; J. Jacob<\/li>\n<\/ul>\n<p><!-- \/wp:list --><\/p>\n<p><!-- wp:heading {\"level\":4} --><\/p>\n<h4>Conseil d&rsquo;Administration au 07\/01\/2025<\/h4>\n<p>M. Perraudin, M. Messner, V. Mignan, J.P. Peron, J. Jacob, E. Bauthier, C.M Bainier, C. Meunier, T. Hernoune<\/p>\n<h4>Conseil d&rsquo;Administration au 09\/01\/2024<\/h4>\n<p>M.H. Hardouin, P. Barbe, M. Perraudin, M. Messner, V. Mignan, J.P. Peron, J. Jacob, E. Bauthier, C.M Bainier.<\/p>\n<h4>Conseil d&rsquo;Administration au 30\/09\/2022<\/h4>\n<p><!-- \/wp:heading --><\/p>\n<p><!-- wp:paragraph --><\/p>\n<p>M.H. Hardouin, P. Barbe, M. Perraudin, M. Messner, V. Mignan, J.P. Peron, J. Jacob, M.P. Elaudais, M. Deprez.<\/p>\n<p>\u00a0<\/p>\n<p><!-- \/wp:paragraph --><\/p>\n<p><!-- \/wp:paragraph --><\/p>\n<p><!-- wp:paragraph --><\/p>\t\t\t\t\t\t\t\t<\/div>\n\t\t\t\t<\/div>\n\t\t\t\t\t<\/div>\n\t\t<\/div>\n\t\t\t\t\t<\/div>\n\t\t<\/section>\n\t\t\t\t<section class=\"elementor-section elementor-top-section elementor-element elementor-element-9c0711f elementor-section-boxed elementor-section-height-default elementor-section-height-default\" data-id=\"9c0711f\" data-element_type=\"section\" data-e-type=\"section\">\n\t\t\t\t\t\t<div class=\"elementor-container elementor-column-gap-default\">\n\t\t\t\t\t<div class=\"elementor-column elementor-col-100 elementor-top-column elementor-element elementor-element-2ae8ce3\" data-id=\"2ae8ce3\" data-element_type=\"column\" data-e-type=\"column\">\n\t\t\t<div class=\"elementor-widget-wrap elementor-element-populated\">\n\t\t\t\t\t\t<div class=\"elementor-element elementor-element-8f2cb9e elementor-widget elementor-widget-heading\" data-id=\"8f2cb9e\" data-element_type=\"widget\" data-e-type=\"widget\" data-widget_type=\"heading.default\">\n\t\t\t\t<div class=\"elementor-widget-container\">\n\t\t\t\t\t<h2 class=\"elementor-heading-title elementor-size-default\">Documents<\/h2>\t\t\t\t<\/div>\n\t\t\t\t<\/div>\n\t\t\t\t\t<\/div>\n\t\t<\/div>\n\t\t\t\t\t<\/div>\n\t\t<\/section>\n\t\t\t\t<section class=\"elementor-section elementor-top-section elementor-element elementor-element-70a1590 elementor-section-boxed elementor-section-height-default elementor-section-height-default\" data-id=\"70a1590\" data-element_type=\"section\" data-e-type=\"section\">\n\t\t\t\t\t\t<div class=\"elementor-container elementor-column-gap-default\">\n\t\t\t\t\t<div class=\"elementor-column elementor-col-100 elementor-top-column elementor-element elementor-element-f8c1bd8\" data-id=\"f8c1bd8\" data-element_type=\"column\" data-e-type=\"column\">\n\t\t\t<div class=\"elementor-widget-wrap elementor-element-populated\">\n\t\t\t\t\t\t<div class=\"elementor-element elementor-element-0a5d5aa elementor-widget elementor-widget-text-editor\" data-id=\"0a5d5aa\" data-element_type=\"widget\" data-e-type=\"widget\" data-widget_type=\"text-editor.default\">\n\t\t\t\t<div class=\"elementor-widget-container\">\n\t\t\t\t\t\t\t\t\t<p><a href=\"http:\/\/amae.eu\/wp-content\/uploads\/2021\/02\/Rapport-moral-AMAE-2020.pdf\">Rapport Moral 2020<\/a> | <a href=\"http:\/\/amae.eu\/wp-content\/uploads\/2021\/02\/Rapport-financier-AMAE-2020.pdf\">Rapport financier 2020<\/a> | <a href=\"http:\/\/amae.eu\/wp-content\/uploads\/2021\/02\/AMAE-Budget-previsionnel-2021.pdf\">Budget pr\u00e9visionnel 2021<\/a> | <a href=\"http:\/\/amae.eu\/wp-content\/uploads\/2021\/02\/Presentation-AMAE-AG-23-02-2021.pdf\">Pr\u00e9sentation \u00e0 l&rsquo;AG du 23\/02\/2021<\/a> | <a href=\"http:\/\/amae.eu\/wp-content\/uploads\/2021\/03\/CR-AG-AMAE-23-02-2021.pdf\">Compte-rendu AG du 23\/02\/2021<\/a> | <a href=\"http:\/\/amae.eu\/wp-content\/uploads\/2022\/03\/Compte-rendu-AG-AMAE-du-14-12-2021.pdf\">Compte-rendu AG AMAE du 14-12-2021<\/a> | <a href=\"http:\/\/amae.eu\/wp-content\/uploads\/2022\/03\/Rapport-moral-AMAE-2021.pdf\">Rapport moral &#8211; AMAE &#8211; 2021<\/a> | <a href=\"http:\/\/amae.eu\/wp-content\/uploads\/2022\/03\/AMAE-Bilan-financier-2021.pdf\">AMAE &#8211; Bilan financier 2021<\/a> | <a href=\"http:\/\/amae.eu\/wp-content\/uploads\/2022\/03\/AMAE-CR-AG-du-25-02-2022.pdf\">CR AG &#8211; AMAE &#8211;\u00a0 25-02-2022<\/a> | <a href=\"http:\/\/amae.eu\/wp-content\/uploads\/2022\/10\/2022-09-30-CR-AG-extraordinaire-AMAE.pdf\">CR AG &#8211; AMAE &#8211; 30-09-2022<\/a> | <a href=\"http:\/\/amae.eu\/wp-content\/uploads\/2022\/10\/PV-CA-du-06-10-2022.pdf\">PV CA &#8211; 06-10-2022<\/a> | <a href=\"http:\/\/amae.eu\/wp-content\/uploads\/2023\/01\/AMAE-Rapport-moral-2022.pdf\">Rapport Moral 2022<\/a> | <a href=\"http:\/\/amae.eu\/wp-content\/uploads\/2023\/01\/AMAE-Rapport-financier-2022.pdf\">Rapport financier 2022<\/a> | <a href=\"http:\/\/amae.eu\/wp-content\/uploads\/2024\/01\/AMAE-Bilan-moral-2023.pdf\">Rapport Moral 2023<\/a> | <a href=\"http:\/\/amae.eu\/wp-content\/uploads\/2024\/01\/AMAE-Bilan-financier-2023.pdf\">Rapport financier 2023<\/a> | <a href=\"http:\/\/amae.eu\/wp-content\/uploads\/2024\/01\/AMAE-Presentation-2024-01-09.pdf\">Pr\u00e9sentation AG 09-01-2024<\/a> | <a href=\"http:\/\/amae.eu\/wp-content\/uploads\/2024\/01\/2024-01-09-compte-rendu-AG-annuelle-AMAE.pdf\">CR AG 09-01-2024<\/a> | <a href=\"http:\/\/amae.eu\/wp-content\/uploads\/2025\/01\/AMAE-Assemblee-generale-2024.pdf\">Pr\u00e9sentation AG 07-01-2025<\/a> | <a href=\"http:\/\/amae.eu\/wp-content\/uploads\/2025\/01\/AMAE-Bilan-financier-2024.pdf\">Rapport financier 2024<\/a> | <a href=\"http:\/\/amae.eu\/wp-content\/uploads\/2025\/01\/AMAE-Rapport-moral-2024.pdf\">Rapport Moral 2024<\/a> |<a href=\"http:\/\/amae.eu\/wp-content\/uploads\/2026\/01\/AMAE-Rapport-moral-2025-de-la-Vice-Presidente.pdf\">Rapport moral 2025<\/a>| |<a href=\"http:\/\/amae.eu\/wp-content\/uploads\/2026\/01\/AMAE-Bilan-financier-2025.pdf\">Rapport financier 2025<\/a><\/p>\t\t\t\t\t\t\t\t<\/div>\n\t\t\t\t<\/div>\n\t\t\t\t\t<\/div>\n\t\t<\/div>\n\t\t\t\t\t<\/div>\n\t\t<\/section>\n\t\t\t\t<\/div>\n\t\t","protected":false},"excerpt":{"rendered":"<p>Adh\u00e9rez \u00e0 AMAE ! Imprimez et renseignez le bulletin d&rsquo;adh\u00e9sion 2024 puis envoyez-le, accompagn\u00e9 du r\u00e8glement par ch\u00e8que \u00e0 l&rsquo;ordre de \u00ab\u00a0Association pour la M\u00e9moire et l\u2019Animation de l\u2019Est d\u2019Orl\u00e9ans\u00a0\u00bb \u00e0 J\u00e9r\u00e9my Jacob, 10 Ter rue de la Pellerine, 45000 Orl\u00e9ans.\u00a0 Adh\u00e9rez en ligne en ligne avec PayAsso AMAE est une association de type Loi [&hellip;]<\/p>\n","protected":false},"author":1,"featured_media":0,"parent":0,"menu_order":0,"comment_status":"closed","ping_status":"closed","template":"","meta":{"ngg_post_thumbnail":0,"footnotes":""},"class_list":["post-12","page","type-page","status-publish","hentry","entry"],"_links":{"self":[{"href":"https:\/\/amae.eu\/index.php\/wp-json\/wp\/v2\/pages\/12"}],"collection":[{"href":"https:\/\/amae.eu\/index.php\/wp-json\/wp\/v2\/pages"}],"about":[{"href":"https:\/\/amae.eu\/index.php\/wp-json\/wp\/v2\/types\/page"}],"author":[{"embeddable":true,"href":"https:\/\/amae.eu\/index.php\/wp-json\/wp\/v2\/users\/1"}],"replies":[{"embeddable":true,"href":"https:\/\/amae.eu\/index.php\/wp-json\/wp\/v2\/comments?post=12"}],"version-history":[{"count":75,"href":"https:\/\/amae.eu\/index.php\/wp-json\/wp\/v2\/pages\/12\/revisions"}],"predecessor-version":[{"id":10164,"href":"https:\/\/amae.eu\/index.php\/wp-json\/wp\/v2\/pages\/12\/revisions\/10164"}],"wp:attachment":[{"href":"https:\/\/amae.eu\/index.php\/wp-json\/wp\/v2\/media?parent=12"}],"curies":[{"name":"wp","href":"https:\/\/api.w.org\/{rel}","templated":true}]}}