{"id":122,"date":"2019-12-02T20:06:39","date_gmt":"2019-12-02T19:06:39","guid":{"rendered":"http:\/\/amae.eu\/?page_id=122"},"modified":"2023-03-11T00:27:30","modified_gmt":"2023-03-10T23:27:30","slug":"la-cite-rouge","status":"publish","type":"page","link":"https:\/\/amae.eu\/index.php\/les-batiments-remarquables\/social\/la-cite-rouge\/","title":{"rendered":"La Cit\u00e9 Rouge"},"content":{"rendered":"\n<p class=\"has-text-align-center\"><em>Le d\u00e9but du logement social \u00e0 Orl\u00e9ans \/ Un patrimoine social et urbain \u00e0 valoriser <\/em><\/p>\n\n\n\n<p><strong>A la fin de la guerre 1914-18<\/strong>&nbsp; <strong>un grand d\u00e9bat public<\/strong> s\u2019est engag\u00e9 sur\nla question du logement social. Les destructions de la guerre&nbsp; et la n\u00e9cessit\u00e9 de r\u00e9pondre aux attentes des\nsoldats d\u00e9mobilis\u00e9s et de leurs familles, mais aussi les premi\u00e8res grandes\nmanifestations de locataires, organis\u00e9es par <strong>l\u2019Union nationale des\nlocataires<\/strong>, ont alors incit\u00e9 l\u2019Etat \u00e0 s\u2019engager. <\/p>\n\n\n\n<p><strong>Avant la guerre<\/strong>, les solutions pour r\u00e9soudre la crise du logement qui avait \u00e9merg\u00e9 au milieu du XIXe si\u00e8cle avec le mouvement d\u2019industrialisation, avaient donn\u00e9 la priorit\u00e9 \u00e0 la lutte contre les taudis et l\u2019insalubrit\u00e9 en essayant de promouvoir <strong>\u00ab\u00a0l\u2019accession familiale<\/strong> <strong>\u00e0 la petite propri\u00e9t\u00e9<\/strong>\u00ab\u00a0. <strong>Les comit\u00e9s pour les habitations \u00e0 bon march\u00e9 (HBM)<\/strong> ont alors \u00e9t\u00e9 cr\u00e9\u00e9s (Loi Seigfreid de 1894) puis les Soci\u00e9t\u00e9s de cr\u00e9dit immobilier (Loi Ribot de 1908) et les communes ont \u00e9t\u00e9 autoris\u00e9es \u00e0 participer au financement de la construction aux c\u00f4t\u00e9s des soci\u00e9t\u00e9s de cr\u00e9dit immobilier. Les r\u00e9sultats ne furent pas \u00e0 la hauteur des enjeux et l\u2019\u00e9tape qui se r\u00e9v\u00e8lera d\u00e9cisive par la suite, a \u00e9t\u00e9 le vote de la <strong>loi Bonnevay<\/strong> (23\/12\/ 1912), par laquelle ont \u00e9t\u00e9 cr\u00e9\u00e9s <strong>\u00ab\u00a0les offices communaux, intercommunaux et d\u00e9partementaux\u00a0\u00bb<\/strong> avec pour mission \u00ab\u00a0la construction et la <strong>gestion<\/strong> d\u2019immeubles salubres\u00a0\u00bb. <\/p>\n\n\n\n<p class=\"has-text-align-center\">Ce qui deviendra plus tard le\nmouvement HLM, \u00e9tait n\u00e9&nbsp;!<\/p>\n\n\n<p><!--EndFragment--><\/p>\n\n\n<\/p>\n<p><strong>En 1922, Louis Loucheur fait voter une premi\u00e8re loi<\/strong> qui fait la synth\u00e8se des lois d\u2019avant-guerre, pour relancer la construction d\u2019HBM en faveur \u00ab\u00a0des personnes peu fortun\u00e9es vivant principalement de leur salaire\u00a0\u00bb, mais cette loi&nbsp; reste ax\u00e9e sur <strong>l\u2019accession \u00e0 la propri\u00e9t\u00e9<\/strong>. Il faut attendre 1928 et l\u2019aggravation de la crise du logement (la France est alors tr\u00e8s en retard sur l\u2019Allemagne et la Grande-Bretagne en mati\u00e8re de construction de logements) pour que <strong>Louis Loucheur<\/strong> fasse adopter une <strong>nouvelle loi, (30 octobre 1928)<\/strong>, qui engage les Offices \u00e0 construire des <strong>logements locatifs&nbsp;<\/strong>: 200 000 logements locatifs en 5 ans, et 60 000 logements pour les classes moyennes.&nbsp;Tel est l\u2019objectif qui reste modeste&nbsp;!<\/p>\n<p>\n\n\n\n<\/p>\n<p>C\u2019est dans ce contexte que <strong>l\u2019Office public d\u2019Orl\u00e9ans<\/strong> a \u00e9t\u00e9 cr\u00e9\u00e9 par arr\u00eat\u00e9 minist\u00e9riel du <strong>16 mai 1922<\/strong>. Il avait d\u00e9j\u00e0 construit les cit\u00e9s de la Madeleine (6 log) et des Murlins (62 log) quand il lance, en 1929, un concours pour la r\u00e9alisation des cit\u00e9s E Zola (24 log) et A Ribot (58 log). <strong>La Cit\u00e9 rouge<\/strong>, rouge comme la couleur de ses tuiles, appellation famili\u00e8re de la cit\u00e9 A Ribot, allait na\u00eetre de cette d\u00e9cision&nbsp;et pouvait accueillir ses premiers occupants en 1932-33.<\/p>\n<p>\n\n\n\n<\/p>\n<p>Les architectes laur\u00e9ats, un cabinet parisien, s\u2019inspirant du mouvement des cit\u00e9s jardins, proposent une ensemble harmonieux de 58 maisons, dot\u00e9es des \u00e9l\u00e9ments de confort de l\u2019\u00e9poque et d\u2019un jardin.\n\n\n<p><\/p>\n\n\nngg_shortcode_0_placeholder\n\n\n<p>La cit\u00e9 donne sur la rue de l\u2019Argonne am\u00e9nag\u00e9e depuis peu et sur la rue Fil soie qui deviendra rue de Reims.<\/p>\n\n\n<iframe src=\"https:\/\/www.google.com\/maps\/embed?pb=!4v1574268556758!6m8!1m7!1sDAwxR_cPNMl60IQx1zWETA!2m2!1d47.91411618776758!2d1.930196639185477!3f192.4200917000778!4f-6.012188057120795!5f0.7820865974627469\" style=\"border:0;\" allowfullscreen=\"\" width=\"600\" height=\"450\" frameborder=\"0\"><\/iframe>\n\n\n\n<p>Des venelles permettent des d\u00e9placements \u00e0 pied \u00e0 l\u2019int\u00e9rieur de la cit\u00e9 lui donnent un caract\u00e8re convivial.  Les architectes se sont ing\u00e9ni\u00e9s \u00e0 varier la forme et le volume des  maisons et ont introduit des d\u00e9tails architecturaux (\u0153ils-de-b\u0153uf,  parements de briques\u2026) qui contribuent \u00e0 donner \u00e0 ce groupement de  maisons une grande qualit\u00e9 qui, aujourd\u2019hui, est malheureusement alt\u00e9r\u00e9e  par des constructions parasites.<\/p>\n\n\n\n<p>Le nom des principaux promoteurs des lois en faveur du logement social est alors donn\u00e9 aux deux rues qui structurent la cit\u00e9&nbsp;<strong>: <a href=\"https:\/\/fr.wikipedia.org\/wiki\/Alexandre_Ribot\">Alexandre Ribot<\/a><\/strong> (1842-), plusieurs fois pr\u00e9sident du conseil dont cinq mois en 1917 et <strong><a href=\"https:\/\/fr.wikipedia.org\/wiki\/Louis_Loucheur\">Louis Loucheur<\/a><\/strong> (1872-1931), proche de Clemenceau, ministre de l\u2019armement en 1917, europ\u00e9en convaincu, proche de Aristide Briand.<\/p>\n\n\n\n<figure class=\"wp-block-image size-large\"><img fetchpriority=\"high\" decoding=\"async\" width=\"1024\" height=\"678\" src=\"http:\/\/amae.eu\/wp-content\/uploads\/2019\/12\/34-Docs-Lydie-Gascoin-20-F\u00eate-de-lArgonne-La-R\u00e9publique-du-Centre-Ann\u00e9e-7-n\u00b01511-1024x678.jpg\" alt=\"\" class=\"wp-image-185\" srcset=\"https:\/\/amae.eu\/wp-content\/uploads\/2019\/12\/34-Docs-Lydie-Gascoin-20-F\u00eate-de-lArgonne-La-R\u00e9publique-du-Centre-Ann\u00e9e-7-n\u00b01511-1024x678.jpg 1024w, https:\/\/amae.eu\/wp-content\/uploads\/2019\/12\/34-Docs-Lydie-Gascoin-20-F\u00eate-de-lArgonne-La-R\u00e9publique-du-Centre-Ann\u00e9e-7-n\u00b01511-300x199.jpg 300w, https:\/\/amae.eu\/wp-content\/uploads\/2019\/12\/34-Docs-Lydie-Gascoin-20-F\u00eate-de-lArgonne-La-R\u00e9publique-du-Centre-Ann\u00e9e-7-n\u00b01511-768x508.jpg 768w, https:\/\/amae.eu\/wp-content\/uploads\/2019\/12\/34-Docs-Lydie-Gascoin-20-F\u00eate-de-lArgonne-La-R\u00e9publique-du-Centre-Ann\u00e9e-7-n\u00b01511-1536x1017.jpg 1536w, https:\/\/amae.eu\/wp-content\/uploads\/2019\/12\/34-Docs-Lydie-Gascoin-20-F\u00eate-de-lArgonne-La-R\u00e9publique-du-Centre-Ann\u00e9e-7-n\u00b01511-2048x1355.jpg 2048w\" sizes=\"(max-width: 1024px) 100vw, 1024px\" \/><figcaption> Article de La R\u00e9publique du Centre (non dat\u00e9) <\/figcaption><\/figure>\n\n\n\n<p>Cette cit\u00e9 qui accueillait des\nfamilles nombreuses (au recensement de&nbsp;\n1936, 1\/3 des familles \u00e9taient compos\u00e9es de 5 personnes et plus) a \u00e9t\u00e9,\npendant l\u2019entre-deux guerres et jusqu\u2019en 1970, <strong>un p\u00f4le d\u2019animation et le\nc\u0153ur du quartier. <\/strong><\/p>\n\n\n\n<p>Chaque ann\u00e9e, en septembre, un comit\u00e9 organisait <a href=\"http:\/\/amae.eu\/index.php\/les-fetes-de-quartier\/les-fetes-de-largonne\/\">Les F\u00eates de l\u2019Argonn<\/a><a href=\"http:\/\/www.pellerine-orleans.fr\/2019\/11\/a-comme-les-fetes-de-largonne\/\">e<\/a>&nbsp;: corso fleuri, spectacles d\u2019acrobates, \u00ab\u00a0Grande soir\u00e9e de gala ou artistique\u00a0\u00bb (th\u00e9\u00e2tre, chansons, num\u00e9ros de cabaret et d\u2019acrobates..) et \u2026 \u00e9lection de la Reine des f\u00eates. <\/p>\n\n\n\n<p>Ces f\u00eates ont marqu\u00e9 l\u2019histoire du quartier et restent inscrites dans la m\u00e9moire des habitants.<\/p>\n\n\n\n<p>Auteur : R. Blondel<\/p>\n","protected":false},"excerpt":{"rendered":"<p>Le d\u00e9but du logement social \u00e0 Orl\u00e9ans \/ Un patrimoine social et urbain \u00e0 valoriser A la fin de la guerre 1914-18&nbsp; un grand d\u00e9bat public s\u2019est engag\u00e9 sur la question du logement social. Les destructions de la guerre&nbsp; et la n\u00e9cessit\u00e9 de r\u00e9pondre aux attentes des soldats d\u00e9mobilis\u00e9s et de leurs familles, mais aussi [&hellip;]<\/p>\n","protected":false},"author":1,"featured_media":0,"parent":6736,"menu_order":0,"comment_status":"closed","ping_status":"closed","template":"","meta":{"ngg_post_thumbnail":0,"footnotes":""},"class_list":["post-122","page","type-page","status-publish","hentry","entry"],"_links":{"self":[{"href":"https:\/\/amae.eu\/index.php\/wp-json\/wp\/v2\/pages\/122"}],"collection":[{"href":"https:\/\/amae.eu\/index.php\/wp-json\/wp\/v2\/pages"}],"about":[{"href":"https:\/\/amae.eu\/index.php\/wp-json\/wp\/v2\/types\/page"}],"author":[{"embeddable":true,"href":"https:\/\/amae.eu\/index.php\/wp-json\/wp\/v2\/users\/1"}],"replies":[{"embeddable":true,"href":"https:\/\/amae.eu\/index.php\/wp-json\/wp\/v2\/comments?post=122"}],"version-history":[{"count":3,"href":"https:\/\/amae.eu\/index.php\/wp-json\/wp\/v2\/pages\/122\/revisions"}],"predecessor-version":[{"id":6966,"href":"https:\/\/amae.eu\/index.php\/wp-json\/wp\/v2\/pages\/122\/revisions\/6966"}],"up":[{"embeddable":true,"href":"https:\/\/amae.eu\/index.php\/wp-json\/wp\/v2\/pages\/6736"}],"wp:attachment":[{"href":"https:\/\/amae.eu\/index.php\/wp-json\/wp\/v2\/media?parent=122"}],"curies":[{"name":"wp","href":"https:\/\/api.w.org\/{rel}","templated":true}]}}