{"id":126,"date":"2019-12-02T20:07:42","date_gmt":"2019-12-02T19:07:42","guid":{"rendered":"http:\/\/amae.eu\/?page_id=126"},"modified":"2023-06-02T10:23:19","modified_gmt":"2023-06-02T08:23:19","slug":"lecole-normale","status":"publish","type":"page","link":"https:\/\/amae.eu\/index.php\/les-batiments-remarquables\/education\/lecole-normale\/","title":{"rendered":"L&rsquo;Ecole normale"},"content":{"rendered":"\n<p>Au 72 rue du Faubourg-Bourgogne, le grand portail en fer forg\u00e9 s&rsquo;ouvre  sur une cour d&rsquo;honneur et un imposant b\u00e2timent tout de briques et de  pierres. Il s&rsquo;agit de l&rsquo;Ecole normale des gar\u00e7ons inaugur\u00e9e en 1879 (1).  A l&rsquo;\u00e9poque, le but du Conseil G\u00e9n\u00e9ral \u00e9tait de construire un \u00e9difice  \u00e9l\u00e9gant, spacieux et dot\u00e9 d&rsquo;\u00e9quipements de qualit\u00e9, pour remplacer l&rsquo;Ecole normale de gar\u00e7ons de la rue du faubourg Saint-Jean devenue  v\u00e9tuste et trop petite. Les \u00e9l\u00e8ves ma\u00eetres, durant 3 ann\u00e9es de  formation, se pr\u00e9paraient aux brevets de capacit\u00e9: BE (Brevet El\u00e9mentaire) suivi du BS (Brevet Sup\u00e9rieur), dipl\u00f4mes requis pour  enseigner dans les \u00e9coles primaires. Si l&rsquo;aspect ext\u00e9rieur n&rsquo;a gu\u00e8re  chang\u00e9, l&rsquo;int\u00e9rieur s&rsquo;est agrandi et modernis\u00e9, l&rsquo;\u00e9cole est devenue  mixte et les enseignements ont \u00e9volu\u00e9 en fonction des diff\u00e9rentes lois.  En 1990, les Ecoles normales primaires sont remplac\u00e9es par les IUFM  (Institut Universitaire de Formation des Ma\u00eetres). En 2013, l&rsquo;IUFM  devient ESPE (Ecole Sup\u00e9rieure du Professorat et de l&rsquo;Education) et \u00e0 la  rentr\u00e9e 2019, l&rsquo;ESPE devient INSPE (Institut National Sup\u00e9rieur du Professorat et de l&rsquo;Education). Aujourd&rsquo;hui, INSPE d&rsquo;Orl\u00e9ans comprend le  site historique de la rue du faubourg Bourgogne (si\u00e8ge acad\u00e9mique de l&rsquo;INSPE Centre Val de Loire) et le site de la rue du faubourg Saint-Jean (Centre de formation) o\u00f9 sont accueillis plus de 500 \u00e9tudiants, futurs professeurs des \u00e9coles, des coll\u00e8ges et des lyc\u00e9es.<\/p>\n\n\n\n<figure class=\"wp-block-image size-full\"><img fetchpriority=\"high\" decoding=\"async\" width=\"1000\" height=\"638\" src=\"https:\/\/amae.eu\/wp-content\/uploads\/2023\/06\/Ecole-normale.jpg\" alt=\"\" class=\"wp-image-7638\" srcset=\"https:\/\/amae.eu\/wp-content\/uploads\/2023\/06\/Ecole-normale.jpg 1000w, https:\/\/amae.eu\/wp-content\/uploads\/2023\/06\/Ecole-normale-300x191.jpg 300w, https:\/\/amae.eu\/wp-content\/uploads\/2023\/06\/Ecole-normale-768x490.jpg 768w\" sizes=\"(max-width: 1000px) 100vw, 1000px\" \/><figcaption>Carte postale de l&rsquo;Ecole normale. Date inconnue.<\/figcaption><\/figure>\n\n\n\n<figure class=\"wp-block-image size-large\"><img decoding=\"async\" width=\"1000\" height=\"715\" src=\"http:\/\/amae.eu\/wp-content\/uploads\/2019\/12\/Ecole-Normale-dinstituteurs-dOrl\u00e9ans-Le\u00e7on-de-boxe-1899.jpg\" alt=\"\" class=\"wp-image-862\" srcset=\"https:\/\/amae.eu\/wp-content\/uploads\/2019\/12\/Ecole-Normale-dinstituteurs-dOrl\u00e9ans-Le\u00e7on-de-boxe-1899.jpg 1000w, https:\/\/amae.eu\/wp-content\/uploads\/2019\/12\/Ecole-Normale-dinstituteurs-dOrl\u00e9ans-Le\u00e7on-de-boxe-1899-300x215.jpg 300w, https:\/\/amae.eu\/wp-content\/uploads\/2019\/12\/Ecole-Normale-dinstituteurs-dOrl\u00e9ans-Le\u00e7on-de-boxe-1899-768x549.jpg 768w\" sizes=\"(max-width: 1000px) 100vw, 1000px\" \/><figcaption> La le\u00e7on de boxe. Source : <a href=\"https:\/\/www.reseau-canope.fr\/musee\/collections\/fr\/museum\/mne\">Mus\u00e9e National de l&rsquo;Education<\/a> <\/figcaption><\/figure>\n\n\n\n<figure class=\"wp-block-image size-large\"><img decoding=\"async\" width=\"1000\" height=\"711\" src=\"http:\/\/amae.eu\/wp-content\/uploads\/2019\/12\/Ecole-Normale-dinstituteurs-dOrl\u00e9ans-Le\u00e7on-de-dessin-lin\u00e9aire-1899.jpg\" alt=\"\" class=\"wp-image-863\" srcset=\"https:\/\/amae.eu\/wp-content\/uploads\/2019\/12\/Ecole-Normale-dinstituteurs-dOrl\u00e9ans-Le\u00e7on-de-dessin-lin\u00e9aire-1899.jpg 1000w, https:\/\/amae.eu\/wp-content\/uploads\/2019\/12\/Ecole-Normale-dinstituteurs-dOrl\u00e9ans-Le\u00e7on-de-dessin-lin\u00e9aire-1899-300x213.jpg 300w, https:\/\/amae.eu\/wp-content\/uploads\/2019\/12\/Ecole-Normale-dinstituteurs-dOrl\u00e9ans-Le\u00e7on-de-dessin-lin\u00e9aire-1899-768x546.jpg 768w\" sizes=\"(max-width: 1000px) 100vw, 1000px\" \/><figcaption> La le\u00e7on de dessin lin\u00e9aire. C&rsquo;est dans cette salle, install\u00e9e dans le  haut de la Chapelle de l&rsquo;\u00e9cole, que Roger Toulouse a enseign\u00e9 pendant  une trentaine d&rsquo;ann\u00e9es.  <a href=\"https:\/\/www.reseau-canope.fr\/musee\/collections\/fr\/museum\/mne\">Mus\u00e9e National de l&rsquo;Education<\/a><\/figcaption><\/figure>\n\n\n\n<p>(1) Une nouvelle Ecole normale de filles sera construite beaucoup plus tard, au 110 rue du faubourg Saint-Jean et ouvrira le 3 octobre 1887.<\/p>\n\n\n\n<p>Auteur : L. Lordet<\/p>\n","protected":false},"excerpt":{"rendered":"<p>Au 72 rue du Faubourg-Bourgogne, le grand portail en fer forg\u00e9 s&rsquo;ouvre sur une cour d&rsquo;honneur et un imposant b\u00e2timent tout de briques et de pierres. Il s&rsquo;agit de l&rsquo;Ecole normale des gar\u00e7ons inaugur\u00e9e en 1879 (1). A l&rsquo;\u00e9poque, le but du Conseil G\u00e9n\u00e9ral \u00e9tait de construire un \u00e9difice \u00e9l\u00e9gant, spacieux et dot\u00e9 d&rsquo;\u00e9quipements de [&hellip;]<\/p>\n","protected":false},"author":1,"featured_media":0,"parent":6731,"menu_order":0,"comment_status":"closed","ping_status":"closed","template":"","meta":{"ngg_post_thumbnail":0,"footnotes":""},"class_list":["post-126","page","type-page","status-publish","hentry","entry"],"_links":{"self":[{"href":"https:\/\/amae.eu\/index.php\/wp-json\/wp\/v2\/pages\/126"}],"collection":[{"href":"https:\/\/amae.eu\/index.php\/wp-json\/wp\/v2\/pages"}],"about":[{"href":"https:\/\/amae.eu\/index.php\/wp-json\/wp\/v2\/types\/page"}],"author":[{"embeddable":true,"href":"https:\/\/amae.eu\/index.php\/wp-json\/wp\/v2\/users\/1"}],"replies":[{"embeddable":true,"href":"https:\/\/amae.eu\/index.php\/wp-json\/wp\/v2\/comments?post=126"}],"version-history":[{"count":3,"href":"https:\/\/amae.eu\/index.php\/wp-json\/wp\/v2\/pages\/126\/revisions"}],"predecessor-version":[{"id":7639,"href":"https:\/\/amae.eu\/index.php\/wp-json\/wp\/v2\/pages\/126\/revisions\/7639"}],"up":[{"embeddable":true,"href":"https:\/\/amae.eu\/index.php\/wp-json\/wp\/v2\/pages\/6731"}],"wp:attachment":[{"href":"https:\/\/amae.eu\/index.php\/wp-json\/wp\/v2\/media?parent=126"}],"curies":[{"name":"wp","href":"https:\/\/api.w.org\/{rel}","templated":true}]}}