{"id":1363,"date":"2020-08-13T09:43:18","date_gmt":"2020-08-13T07:43:18","guid":{"rendered":"http:\/\/amae.eu\/?page_id=1363"},"modified":"2023-06-02T14:12:47","modified_gmt":"2023-06-02T12:12:47","slug":"maison-des-petites-soeurs-des-pauvres","status":"publish","type":"page","link":"https:\/\/amae.eu\/index.php\/les-batiments-remarquables\/maison-des-petites-soeurs-des-pauvres\/","title":{"rendered":"La Maison des Petites S\u0153urs des Pauvres &#8211; 56 rue de Bellebat"},"content":{"rendered":"\n<h2 class=\"wp-block-heading\"><strong>1839&nbsp;: fondation des Petites S\u0153urs des pauvres<\/strong><\/h2>\n\n\n\n<p>En 1839, en Bretagne, la congr\u00e9gation des Petites S\u0153urs des pauvres est fond\u00e9e \u00e0 Saint-Servan-sur-Mer (devenu depuis un quartier de Saint-Malo) par <a href=\"https:\/\/amae.eu\/index.php\/les-personnalites\/bienfaitrices-bienfaiteurs\/jeanne-jugan\/\">Jeanne Jugan<\/a> (1792-1879), canonis\u00e9e en 2011.<\/p>\n\n\n\n<p>Cette congr\u00e9gation hospitali\u00e8re et missionnaire de droit pontifical a la charge d&rsquo;accueillir, r\u00e9conforter, soigner et accompagner les personnes \u00e2g\u00e9es pauvres jusqu&rsquo;au terme de leur existence. \u00ab&nbsp;Elles se d\u00e9vouent aux soins des vieillards pauvres et infirmes des deux sexes et leur donnent le logement, la nourriture et les v\u00eatements. Les Petites S\u0153urs re\u00e7oivent avec reconnaissance les aum\u00f4nes et dons en nature pour les pauvres vieillards qui sont actuellement au nombre de 230&nbsp;\u00bb selon l\u2019<em>Annuaire g\u00e9n\u00e9ral d&rsquo;Orl\u00e9ans et des communes du Loiret<\/em> de 1934.<\/p>\n\n\n\n<h2 class=\"wp-block-heading\"><strong>1855&nbsp;: les Petites S\u0153urs des pauvres arrivent \u00e0 Orl\u00e9ans<\/strong><\/h2>\n\n\n\n<p>L\u2019\u00e9v\u00eaque d\u2019Orl\u00e9ans, Mgr F\u00e9lix Dupanloup (1802-17878), d\u00e9cide de faire venir \u00e0 Orl\u00e9ans la jeune congr\u00e9gation des Petites S\u0153urs des Pauvres pour s\u2019occuper des vieillards pauvres. Les religieuses arrivent le mercredi de P\u00e2ques 1855 (soit le 4 avril) au c\u0153ur du centre-ville. Gr\u00e2ce \u00e0 la g\u00e9n\u00e9rosit\u00e9 d\u2019amis et de bienfaiteurs, la congr\u00e9gation s\u2019\u00e9tablit 26 ter rue de la Poterne, dans l\u2019ancienne maison du Petit-Ambert, qui servait au Moyen-Age de refuge aux moines C\u00e9lestins du Prieur\u00e9 d&rsquo;Ambert situ\u00e9 dans la for\u00eat de Chanteau, \u00e0 quelques kilom\u00e8tres d\u2019Orl\u00e9ans.<\/p>\n\n\n\n<p>Tr\u00e8s vite, plus de 50 personnes viennent s\u2019y abriter et la maison devient alors trop petite. L\u2019organisation d\u2019une souscription permet l\u2019acquisition de b\u00e2timents et d\u00e9pendances contigus \u00e0 cette maison. Quelques 90 vieillards y sont accueillis puis en 1861 le nombre de places est port\u00e9 \u00e0 130. Cependant, les locaux s\u2019av\u00e8rent encore bien exigus.<\/p>\n\n\n\n<h2 class=\"wp-block-heading\"><strong>Du quartier Saint-Marceau\u2026<\/strong><\/h2>\n\n\n\n<p>En 1866, les Petites S\u0153urs souhaitent \u00e0 nouveau s\u2019agrandir. Un terrain situ\u00e9 dans le quartier Saint-Marceau est trouv\u00e9 et achet\u00e9. Cependant l\u2019inondation de la Loire en octobre 1866, particuli\u00e8rement destructrice dans ce quartier, remet en cause le projet.<\/p>\n\n\n\n<p>Elles acqui\u00e8rent alors une maison et ses d\u00e9pendances situ\u00e9es Grande rue du Faubourg Saint-Marceau (actuelle rue Saint-Marceau) pour y installer l\u2019asile des vieillards et vendent aux ench\u00e8res publiques les b\u00e2timents de la rue de la Poterne. La congr\u00e9gation revend en f\u00e9vrier 1869 la maison 131 rue Saint-Marceau \u00e0 un certain Jules L\u00e9veill\u00e9.<\/p>\n\n\n\n<h2 class=\"wp-block-heading\"><strong>\u2026 \u00e0 la rue de Bell\u00e9bat<\/strong><\/h2>\n\n\n\n<p>Entre temps, en avril 1867, la congr\u00e9gation acquiert un terrain rue de Bellebat, dans le quartier Saint-Marc pour y faire construire leur b\u00e2timent. Enti\u00e8rement d\u00e9vou\u00e9 \u00e0 la cause des Petites S\u0153urs des pauvres dont il obtient la reconnaissance l\u00e9gale, le p\u00e8re Ernest Leli\u00e8vre est n\u00e9 le <a href=\"https:\/\/fr.wikipedia.org\/wiki\/13_avril\">13<\/a> <a href=\"https:\/\/fr.wikipedia.org\/wiki\/Avril_1826\">avril<\/a> <a href=\"https:\/\/fr.wikipedia.org\/wiki\/1826\">1826<\/a> \u00e0 <a href=\"https:\/\/fr.wikipedia.org\/wiki\/Valenciennes\">Valenciennes<\/a> et mort le <a href=\"https:\/\/fr.wikipedia.org\/wiki\/13_juillet\">13<\/a> <a href=\"https:\/\/fr.wikipedia.org\/wiki\/Juillet_1889\">juillet<\/a> <a href=\"https:\/\/fr.wikipedia.org\/wiki\/1889\">1889<\/a>. Il est <a href=\"https:\/\/fr.wikipedia.org\/wiki\/Pr%C3%AAtre_catholique\">pr\u00eatre catholique<\/a> auxiliaire des <a href=\"https:\/\/fr.wikipedia.org\/wiki\/Petites_s%C5%93urs_des_pauvres\">Petites s\u0153urs des pauvres<\/a> de 1855 \u00e0 1889 et a fond\u00e9 plusieurs de leurs \u00e9tablissements. Il vient \u00e0 Orl\u00e9ans s\u2019occuper des plans et du prix de la construction. Les travaux sont confi\u00e9s \u00e0 l\u2019entrepreneur Laurent Pagot.<\/p>\n\n\n\n<p>Alors que la guerre franco-prussienne est d\u00e9clar\u00e9e peu de temps auparavant, la congr\u00e9gation s\u2019installe dans un imposant b\u00e2timent comprenant quatre \u00e9tages comme le montre le plan figurant sur <a href=\"https:\/\/archives.orleans-metropole.fr\/ark:24625\/s005755793ee1bf6\/58845defc484f.fiche=arko_fiche_603d3623c3de7.moteur=arko_default_603e55c86bc60\">la fiche auxiliaire cadastrale du 56 rue de Bellebat<\/a> conserv\u00e9e aux Archives d\u2019Orl\u00e9ans. Le 19 ao\u00fbt 1870, a lieu la b\u00e9n\u00e9diction de la chapelle et de la maison par l\u2019abb\u00e9 Desbrosses, vicaire g\u00e9n\u00e9ral, assist\u00e9 de l\u2019abb\u00e9 M\u00e9jasson, cur\u00e9 de Saint-Marc.<\/p>\n\n\n<div class=\"wp-block-image\">\n<figure class=\"aligncenter size-large is-resized\"><img fetchpriority=\"high\" decoding=\"async\" src=\"https:\/\/amae.eu\/wp-content\/uploads\/2023\/05\/Plans-Petites-Soeurs-des-Pauvres-1024x964.png\" alt=\"\" class=\"wp-image-7462\" width=\"513\" height=\"482\" srcset=\"https:\/\/amae.eu\/wp-content\/uploads\/2023\/05\/Plans-Petites-Soeurs-des-Pauvres-1024x964.png 1024w, https:\/\/amae.eu\/wp-content\/uploads\/2023\/05\/Plans-Petites-Soeurs-des-Pauvres-300x282.png 300w, https:\/\/amae.eu\/wp-content\/uploads\/2023\/05\/Plans-Petites-Soeurs-des-Pauvres-768x723.png 768w, https:\/\/amae.eu\/wp-content\/uploads\/2023\/05\/Plans-Petites-Soeurs-des-Pauvres.png 1075w\" sizes=\"(max-width: 513px) 100vw, 513px\" \/><figcaption>Plan des b\u00e2timents du 56 rue de Bell\u00e9bat. Source : Archives Municipales et Communautaires d&rsquo;Orl\u00e9ans M\u00e9tropole &#8211; <br>Propri\u00e9t\u00e9s b\u00e2ties, imposition. &#8211; <a href=\"https:\/\/archives.orleans-metropole.fr\/ark:24625\/s005755793ee1bf6\/58845defc484f.fiche=arko_fiche_603d3623c3de7.moteur=arko_default_603e55c86bc60\">Rue de Bell\u00e9bat : fiches auxiliaires cadastrales<\/a> (1863-1984) &#8211; C\u00f4te 4G777.<\/figcaption><\/figure><\/div>\n\n\n<p>Quinze ans apr\u00e8s leur arriv\u00e9e \u00e0 Orl\u00e9ans, les Petites S\u0153urs b\u00e9n\u00e9ficient, enfin, d\u2019un b\u00e2timent adapt\u00e9 pour accueillir et loger quelques 220 personnes \u00e2g\u00e9es pauvres.<\/p>\n\n\n\n<h2 class=\"wp-block-heading\"><strong>Des legs pour faire vivre l\u2019\u00e9tablissement<\/strong><\/h2>\n\n\n\n<p>La Ville d\u2019Orl\u00e9ans accorde des subventions, vers\u00e9es en janvier de chaque ann\u00e9e. Cependant, dans une lettre de juillet 1876, la Sup\u00e9rieure demande au Maire de supprimer les subventions municipales de 1500 francs car \u00ab&nbsp;les statuts ne permettent pas d\u2019avoir des secours annuels pour l\u2019entretien de nos pauvres vieillards&nbsp;\u00bb.<\/p>\n\n\n\n<p>Les Petites S\u0153urs des pauvres sont autoris\u00e9es \u00e0 recevoir des legs par testament selon le d\u00e9cret du 21 f\u00e9vrier 1863. Dans le dossier relatif \u00e0 la congr\u00e9gation, conserv\u00e9 aux Archives municipales d\u2019Orl\u00e9ans, on peut citer les exemples suivants de legs&nbsp;:<\/p>\n\n\n\n<ul class=\"wp-block-list\"><li>1876&nbsp;: legs de 5 000 francs de Mlle Masson de Vernou<\/li><li>1900&nbsp;: legs de 300 francs de Jules Abel Horay<\/li><li>1906&nbsp;: legs de 10 000 francs de Mlle Marie M\u00e9lanie Gaucher, r\u00e9partis comme suit&nbsp;:<ul><li>4 000 francs pour les travaux de r\u00e9paration des b\u00e2timents conventuels<\/li><\/ul><ul><li>1 000 francs pour l\u2019achat de literie<\/li><\/ul><ul><li>2 000 francs pour l\u2019entretien des vieillards<\/li><\/ul><\/li><li>Legs de 3 000 francs de Mme Veuve Lacaze n\u00e9e Launoy pour \u00eatre \u00ab&nbsp;employ\u00e9 \u00e0 la nourriture et l\u2019entretien des pauvres vieillards recueillis.&nbsp;\u00bb<\/li><\/ul>\n\n\n\n<h2 class=\"wp-block-heading\"><strong>D\u2019importants travaux de modernisation<\/strong><\/h2>\n\n\n\n<p>A partir de 1986, d\u2019importants travaux de r\u00e9am\u00e9nagement de la maison sont entrepris pour r\u00e9pondre aux besoins actuels. Ceux-ci sont r\u00e9alis\u00e9s sur les plans de Claude Aureau, architecte parisien avec le concours de la Soci\u00e9t\u00e9 orl\u00e9anaise de b\u00e2timents et travaux publics et pour le gros \u0153uvre l\u2019entreprise Pagot, qui avait r\u00e9alis\u00e9 la maison en 1870.<\/p>\n\n\n\n<p>Outre la construction d\u2019un b\u00e2timent pour accueillir un foyer-logement de 18 petits appartements d\u00e9nomm\u00e9 \u00ab&nbsp;R\u00e9sidence Jeanne d\u2019Arc&nbsp;\u00bb, c\u2019est \u00e9galement un complet et profond r\u00e9am\u00e9nagement int\u00e9rieur du b\u00e2timent qui est entrepris&nbsp;: suppression des salles communes, installation de chambres particuli\u00e8res, avec possibilit\u00e9 de soins \u00e0 chaque niveau, modernisation de l\u2019\u00e9tage r\u00e9serv\u00e9 \u00e0 la communaut\u00e9 des S\u0153urs. La chapelle et le jardin \u00e0 la fran\u00e7aise subissent, \u00e9galement, une r\u00e9novation.<\/p>\n\n\n\n<p>Aussi, le 17 mars 1990, se d\u00e9roule <a href=\"http:\/\/archives.orleans-metropole.fr\/ark:\/24625\/s005c1e73fc26dc3\/5c1e73fc2c88a\">la b\u00e9n\u00e9diction de la chapelle et des nouveaux locaux par Mgr Ren\u00e9-Lucien Picandet<\/a> (1931-1997), \u00e9v\u00eaque d\u2019Orl\u00e9ans. Au milieu des ann\u00e9es 1990, les Petites S\u0153urs des pauvres poursuivent la r\u00e9habilitation et le r\u00e9am\u00e9nagement des locaux et des b\u00e2timents en confiant ces travaux au cabinet d\u2019architectes parisien Fran\u00e7ois Lacoste et Wandrille Thieulin.<\/p>\n\n\n\n<h2 class=\"wp-block-heading\"><strong>Organisation interne de Ma Maison<\/strong><\/h2>\n\n\n\n<p>La Maison-M\u00e8re des Petites S\u0153urs des pauvres est \u00e9tablie depuis 1858 \u00e0 Saint-Pern, pr\u00e8s de Rennes.<\/p>\n\n\n\n<p>La Congr\u00e9gation est divis\u00e9e en provinces r\u00e9parties sur les cinq continents. Chaque \u00e9tablissement appel\u00e9 \u00ab&nbsp;Maison&nbsp;\u00bb a son propre statut juridique, lui conf\u00e9rant ainsi une ind\u00e9pendance juridique, \u00e9conomique, financi\u00e8re et sociale. Ma Maison d&rsquo;Orl\u00e9ans rel\u00e8ve de la province de Rennes.&nbsp;<\/p>\n\n\n\n<p>En 2005, sous l\u2019\u00e9piscopat de Mgr Andr\u00e9 Fort (1935-&nbsp;&nbsp;&nbsp; ), celle-ci a f\u00eat\u00e9 les cent cinquante ans de leur pr\u00e9sence dans la capitale loir\u00e9taine. Et l\u2019ann\u00e9e 2020 marque les 150 ans d\u2019installation des Petites S\u0153urs rue Bell\u00e9bat.<\/p>\n\n\n\n<p>En 2022, Ma Maison d\u2019Orl\u00e9ans est compos\u00e9e de six Petites S\u0153urs dirig\u00e9e par la M\u00e8re sup\u00e9rieure et h\u00e9berge 72 r\u00e9sidents confi\u00e9s \u00e0 leurs soins jusqu\u2019au terme de leur vie. Elles sont \u00e9galement aid\u00e9es par une animatrice, des b\u00e9n\u00e9voles et les familles pour organiser des animations (atelier cuisine, jeux de soci\u00e9t\u00e9, chorale etc.).<\/p>\n\n\n\n<h2 class=\"wp-block-heading\"><strong>Hommage de la ville d\u2019Orl\u00e9ans \u00e0 la fondatrice des Petites s\u0153urs des pauvres<\/strong><\/h2>\n\n\n\n<p>Dans les ann\u00e9es 1990, la ville d\u2019Orl\u00e9ans entreprend le percement de l\u2019avenue Jean-Zay modifiant et transformant profond\u00e9ment cette partie du quartier Saint-Marc. Aussi, pour rendre hommage aux Petites S\u0153urs des pauvres, install\u00e9es depuis plus de cent ans rue de Bell\u00e9bat, le conseil municipal, dans sa <a href=\"https:\/\/archives.orleans-metropole.fr\/ark:24625\/s00598814fbe27b1\/59881549303e8.fiche=arko_fiche_603d363a018a4.moteur=arko_default_603e556446db4\">s\u00e9ance du 26 novembre 1993<\/a>, d\u00e9cide de d\u00e9nommer la nouvelle voie reliant la place du Champ-Saint-Marc \u00e0 la rue de Bell\u00e9bat&nbsp;: rue <a href=\"https:\/\/amae.eu\/index.php\/les-personnalites\/bienfaitrices-bienfaiteurs\/jeanne-jugan\/\">Jeanne-Jugan<\/a>.<\/p>\n\n\n\n<p><\/p>\n\n\n\n<h1 class=\"wp-block-heading\"><strong><u>Sources et bibliographies<\/u><\/strong><\/h1>\n\n\n\n<h3 class=\"wp-block-heading\"><strong>Archives d&rsquo;Orl\u00e9ans<\/strong><\/h3>\n\n\n\n<h5 class=\"wp-block-heading\">Sources administratives<\/h5>\n\n\n\n<ul class=\"wp-block-list\"><li>Cote 1P6 &#8211; Congr\u00e9gations. &#8211; Communaut\u00e9 des Petites S\u0153urs des Pauvres : hospice, admissions (1858-1874) ; demandes d&rsquo;autorisation de vente et d&rsquo;acquisition d&rsquo;immeubles (2 p.) (1866) ; subvention, demandes d&rsquo;augmentation (1 p.) (sans date), de suppression (1 p.) (1879) ; legs (1876-1908).<\/li><li>Cote 4G777 &#8211; Fiches auxiliaires cadastrales&nbsp;: <a href=\"file:\/\/\/C:\/Users\/Marie%20Pierre%20ELAUDAI\/Downloads\/metropole.fr\/ark:24625\/s005755793ee1bf6\/58845defc484f.fiche=arko_fiche_603d3623c3de7.moteur=arko_default_603e55c86bc60\">56 rue de Bell\u00e9bat<\/a> (archives num\u00e9ris\u00e9es)<\/li><li><a href=\"https:\/\/archives.orleans-metropole.fr\/ark:24625\/s00598814fbe27b1\/59881549303e8.fiche=arko_fiche_603d363a018a4.moteur=arko_default_603e556446db4\">Conseil municipal du 26 novembre 1993, p. 1537<\/a> (archives num\u00e9ris\u00e9es)<\/li><\/ul>\n\n\n\n<h5 class=\"wp-block-heading\">Biblioth\u00e8que des Archives d\u2019Orl\u00e9ans<\/h5>\n\n\n\n<ul class=\"wp-block-list\"><li><em>Almanach du Loiret<\/em> (PER009). <em>Annuaire g\u00e9n\u00e9ral d&rsquo;Orl\u00e9ans et des communes du Loiret <\/em>(PER015). <em>Annuaire du d\u00e9partement du Loiret<\/em> (PER263)<\/li><li>\u00c9glises paroissiales, chapelles et oratoires, couvents et \u00e9tablissements de charit\u00e9, et autres lieux de culte ayant exist\u00e9 \u00e0 Orl\u00e9ans au cours des si\u00e8cles \/ Abb\u00e9 Louis Gaillard, 1990, 190 p. manuscrites (cote C3165)<\/li><li>Inauguration des transformations de Ma Maison, <em><a href=\"file:\/\/\/C:\/Users\/Marie%20Pierre%20ELAUDAI\/Downloads\/metropole.fr\/ark:24625\/s005755793ee1bf6\/58845defc484f.fiche=arko_fiche_603d3623c3de7.moteur=arko_default_603e55c86bc60\">Vivre \u00e0 Orl\u00e9ans, n\u00b0 5, avril 1990<\/a><\/em><\/li><\/ul>\n\n\n\n<h3 class=\"wp-block-heading\"><strong>Webographie<\/strong><\/h3>\n\n\n\n<ul class=\"wp-block-list\"><li>https:\/\/petitessoeursdespauvres.org\/<\/li><li>https:\/\/petitessoeursdespauvres.org\/france\/province-de-rennes\/orleans\/<\/li><li>https:\/\/fr.wikipedia.org\/wiki\/Jeanne_Jugan<\/li><\/ul>\n\n\n\n<h3 class=\"wp-block-heading\"><strong>Biblioth\u00e8que dioc\u00e9saine d\u2019Orl\u00e9ans<\/strong><\/h3>\n\n\n\n<ul class=\"wp-block-list\"><li>B\u00e9n\u00e9diction de la chapelle et des nouveaux locaux le 17 mars 1990, <em>La Vie dioc\u00e9saine<\/em>, 1<sup>er<\/sup> avril 1990, p. 104-106<\/li><\/ul>\n","protected":false},"excerpt":{"rendered":"<p>1839&nbsp;: fondation des Petites S\u0153urs des pauvres En 1839, en Bretagne, la congr\u00e9gation des Petites S\u0153urs des pauvres est fond\u00e9e \u00e0 Saint-Servan-sur-Mer (devenu depuis un quartier de Saint-Malo) par Jeanne Jugan (1792-1879), canonis\u00e9e en 2011. Cette congr\u00e9gation hospitali\u00e8re et missionnaire de droit pontifical a la charge d&rsquo;accueillir, r\u00e9conforter, soigner et accompagner les personnes \u00e2g\u00e9es pauvres [&hellip;]<\/p>\n","protected":false},"author":1,"featured_media":0,"parent":18,"menu_order":0,"comment_status":"closed","ping_status":"closed","template":"","meta":{"ngg_post_thumbnail":0,"footnotes":""},"class_list":["post-1363","page","type-page","status-publish","hentry","entry"],"_links":{"self":[{"href":"https:\/\/amae.eu\/index.php\/wp-json\/wp\/v2\/pages\/1363"}],"collection":[{"href":"https:\/\/amae.eu\/index.php\/wp-json\/wp\/v2\/pages"}],"about":[{"href":"https:\/\/amae.eu\/index.php\/wp-json\/wp\/v2\/types\/page"}],"author":[{"embeddable":true,"href":"https:\/\/amae.eu\/index.php\/wp-json\/wp\/v2\/users\/1"}],"replies":[{"embeddable":true,"href":"https:\/\/amae.eu\/index.php\/wp-json\/wp\/v2\/comments?post=1363"}],"version-history":[{"count":7,"href":"https:\/\/amae.eu\/index.php\/wp-json\/wp\/v2\/pages\/1363\/revisions"}],"predecessor-version":[{"id":7675,"href":"https:\/\/amae.eu\/index.php\/wp-json\/wp\/v2\/pages\/1363\/revisions\/7675"}],"up":[{"embeddable":true,"href":"https:\/\/amae.eu\/index.php\/wp-json\/wp\/v2\/pages\/18"}],"wp:attachment":[{"href":"https:\/\/amae.eu\/index.php\/wp-json\/wp\/v2\/media?parent=1363"}],"curies":[{"name":"wp","href":"https:\/\/api.w.org\/{rel}","templated":true}]}}