{"id":14,"date":"2019-10-31T13:28:16","date_gmt":"2019-10-31T12:28:16","guid":{"rendered":"http:\/\/amae.eu\/?page_id=14"},"modified":"2019-11-30T17:18:44","modified_gmt":"2019-11-30T16:18:44","slug":"les-fetes-de-quartier","status":"publish","type":"page","link":"https:\/\/amae.eu\/index.php\/les-fetes-de-quartier\/","title":{"rendered":"F\u00eates de Quartier"},"content":{"rendered":"\n<ul class=\"wp-block-list\"><li><a href=\"http:\/\/amae.eu\/index.php\/les-fetes-de-quartier\/les-fetes-de-largonne\/\">Les F\u00eates de l&rsquo;Argonne<\/a><\/li><li><a href=\"http:\/\/amae.eu\/index.php\/les-fetes-de-quartier\/les-fetes-de-bellebat\/\">Les F\u00eates de Bell\u00e9bat<\/a><\/li><\/ul>\n","protected":false},"excerpt":{"rendered":"<p>Les F\u00eates de l&rsquo;Argonne Les F\u00eates de Bell\u00e9bat<\/p>\n","protected":false},"author":1,"featured_media":0,"parent":0,"menu_order":0,"comment_status":"closed","ping_status":"closed","template":"","meta":{"ngg_post_thumbnail":0,"footnotes":""},"class_list":["post-14","page","type-page","status-publish","hentry","entry"],"_links":{"self":[{"href":"https:\/\/amae.eu\/index.php\/wp-json\/wp\/v2\/pages\/14"}],"collection":[{"href":"https:\/\/amae.eu\/index.php\/wp-json\/wp\/v2\/pages"}],"about":[{"href":"https:\/\/amae.eu\/index.php\/wp-json\/wp\/v2\/types\/page"}],"author":[{"embeddable":true,"href":"https:\/\/amae.eu\/index.php\/wp-json\/wp\/v2\/users\/1"}],"replies":[{"embeddable":true,"href":"https:\/\/amae.eu\/index.php\/wp-json\/wp\/v2\/comments?post=14"}],"version-history":[{"count":4,"href":"https:\/\/amae.eu\/index.php\/wp-json\/wp\/v2\/pages\/14\/revisions"}],"predecessor-version":[{"id":68,"href":"https:\/\/amae.eu\/index.php\/wp-json\/wp\/v2\/pages\/14\/revisions\/68"}],"wp:attachment":[{"href":"https:\/\/amae.eu\/index.php\/wp-json\/wp\/v2\/media?parent=14"}],"curies":[{"name":"wp","href":"https:\/\/api.w.org\/{rel}","templated":true}]}}