{"id":309,"date":"2019-12-09T11:20:22","date_gmt":"2019-12-09T10:20:22","guid":{"rendered":"http:\/\/amae.eu\/?page_id=309"},"modified":"2023-10-11T10:08:58","modified_gmt":"2023-10-11T08:08:58","slug":"levenement-des-groues","status":"publish","type":"page","link":"https:\/\/amae.eu\/index.php\/collectifs\/le-cirque-lavrat\/levenement-des-groues\/","title":{"rendered":"L&rsquo;\u00e9v\u00e8nement des Groues"},"content":{"rendered":"\n<p>Le 3 mai 1951 le cirque s&rsquo;installe sur un terrain du lieu-dit \u00ab\u00a0Les Groues\u00a0\u00bb \u00e0 Orl\u00e9ans. Le lendemain, alors qu&rsquo;une nouvelle repr\u00e9sentation \u00e9tait pr\u00e9vue, le chapiteau \u00e9tait effondr\u00e9, suite \u00e0 une terrible bourrasque de vent dans la nuit. <\/p>\n\n\n<div class=\"wp-block-image\">\n<figure class=\"aligncenter size-large is-resized\"><img fetchpriority=\"high\" decoding=\"async\" src=\"http:\/\/amae.eu\/wp-content\/uploads\/2019\/12\/Presse-5-FL-Bourrasques-aux-Groues-1024x962.jpg\" alt=\"\" class=\"wp-image-1068\" width=\"394\" height=\"369\" srcset=\"https:\/\/amae.eu\/wp-content\/uploads\/2019\/12\/Presse-5-FL-Bourrasques-aux-Groues-1024x962.jpg 1024w, https:\/\/amae.eu\/wp-content\/uploads\/2019\/12\/Presse-5-FL-Bourrasques-aux-Groues-300x282.jpg 300w, https:\/\/amae.eu\/wp-content\/uploads\/2019\/12\/Presse-5-FL-Bourrasques-aux-Groues-768x721.jpg 768w, https:\/\/amae.eu\/wp-content\/uploads\/2019\/12\/Presse-5-FL-Bourrasques-aux-Groues-1536x1443.jpg 1536w, https:\/\/amae.eu\/wp-content\/uploads\/2019\/12\/Presse-5-FL-Bourrasques-aux-Groues-2048x1924.jpg 2048w\" sizes=\"(max-width: 394px) 100vw, 394px\" \/><figcaption> Article La R\u00e9publique du Centre du samedi 5 mai 1951. Collection Fran\u00e7ois Lavrat <\/figcaption><\/figure><\/div>\n\n\n<p>Les repr\u00e9sentations suivantes sont r\u00e9alis\u00e9es \u00e0 ciel ouvert malgr\u00e9 les bonnes volont\u00e9s de la troupe et des habitants du quartier. Mais il aurait fallu plus d&rsquo;un million de francs pour tout r\u00e9parer.<\/p>\n\n\n<div class=\"wp-block-image\">\n<figure class=\"aligncenter size-large is-resized\"><img decoding=\"async\" src=\"http:\/\/amae.eu\/wp-content\/uploads\/2019\/12\/2-HR-MB-reduit.jpg\" alt=\"\" class=\"wp-image-1069\" width=\"416\" height=\"292\" srcset=\"https:\/\/amae.eu\/wp-content\/uploads\/2019\/12\/2-HR-MB-reduit.jpg 1000w, https:\/\/amae.eu\/wp-content\/uploads\/2019\/12\/2-HR-MB-reduit-300x212.jpg 300w, https:\/\/amae.eu\/wp-content\/uploads\/2019\/12\/2-HR-MB-reduit-768x541.jpg 768w\" sizes=\"(max-width: 416px) 100vw, 416px\" \/><figcaption>Sur le terrain des Groues, les membres du cirque, aid\u00e9s de quelques riveraines, r\u00e9parent le chapiteau aim\u00e9 par la bourrasque. Collection Marc Bernardeau<\/figcaption><\/figure><\/div>\n\n\n<p>La toile est finalement rafistol\u00e9e et la troupe reprend la route vers Romorantin (26 juin), Villefranche-sur-Cher puis Selles-sur-Cher, puis la c\u00f4te Atlantique (La Rochelle, Les Sables d&rsquo;Olonne).<\/p>\n\n\n<div class=\"wp-block-image\">\n<figure class=\"aligncenter size-large is-resized\"><img decoding=\"async\" src=\"http:\/\/amae.eu\/wp-content\/uploads\/2019\/12\/Presse-13-FL-Le-cirque-Lavrat-reprend-la-route-490x1024.jpg\" alt=\"\" class=\"wp-image-1070\" width=\"332\" height=\"693\" srcset=\"https:\/\/amae.eu\/wp-content\/uploads\/2019\/12\/Presse-13-FL-Le-cirque-Lavrat-reprend-la-route-490x1024.jpg 490w, https:\/\/amae.eu\/wp-content\/uploads\/2019\/12\/Presse-13-FL-Le-cirque-Lavrat-reprend-la-route-144x300.jpg 144w, https:\/\/amae.eu\/wp-content\/uploads\/2019\/12\/Presse-13-FL-Le-cirque-Lavrat-reprend-la-route-768x1605.jpg 768w, https:\/\/amae.eu\/wp-content\/uploads\/2019\/12\/Presse-13-FL-Le-cirque-Lavrat-reprend-la-route-735x1536.jpg 735w, https:\/\/amae.eu\/wp-content\/uploads\/2019\/12\/Presse-13-FL-Le-cirque-Lavrat-reprend-la-route-980x2048.jpg 980w, https:\/\/amae.eu\/wp-content\/uploads\/2019\/12\/Presse-13-FL-Le-cirque-Lavrat-reprend-la-route.jpg 1204w\" sizes=\"(max-width: 332px) 100vw, 332px\" \/><figcaption>Source inconnue. Collection Fran\u00e7ois Lavrat<\/figcaption><\/figure><\/div>\n\n\n<p>Une temp\u00eate sur une plage de l\u2019Atlantique d\u00e9truit d\u00e9finitivement le chapiteau et sonne le glas du Cirque Lavrat. Les probl\u00e8mes financiers, les vies professionnelles, familiale et d&rsquo;artiste ne pouvant \u00eatre men\u00e9es de front, la troupe d\u00e9cide de mettre fin \u00e0 leur aventure de saltimbanques. <\/p>\n\n\n\n<p>Liens :<\/p>\n\n\n\n<p><a href=\"http:\/\/ec-jean-mermoz-orleans.tice.ac-orleans-tours.fr\/eva\/spip.php?article354\">Un Cirque aux Groues<\/a> &#8211; Blog de l&rsquo;\u00e9cole Jean Mermoz<\/p>\n","protected":false},"excerpt":{"rendered":"<p>Le 3 mai 1951 le cirque s&rsquo;installe sur un terrain du lieu-dit \u00ab\u00a0Les Groues\u00a0\u00bb \u00e0 Orl\u00e9ans. Le lendemain, alors qu&rsquo;une nouvelle repr\u00e9sentation \u00e9tait pr\u00e9vue, le chapiteau \u00e9tait effondr\u00e9, suite \u00e0 une terrible bourrasque de vent dans la nuit. Les repr\u00e9sentations suivantes sont r\u00e9alis\u00e9es \u00e0 ciel ouvert malgr\u00e9 les bonnes volont\u00e9s de la troupe et des [&hellip;]<\/p>\n","protected":false},"author":1,"featured_media":0,"parent":88,"menu_order":0,"comment_status":"closed","ping_status":"closed","template":"","meta":{"ngg_post_thumbnail":0,"footnotes":""},"class_list":["post-309","page","type-page","status-publish","hentry","entry"],"_links":{"self":[{"href":"https:\/\/amae.eu\/index.php\/wp-json\/wp\/v2\/pages\/309"}],"collection":[{"href":"https:\/\/amae.eu\/index.php\/wp-json\/wp\/v2\/pages"}],"about":[{"href":"https:\/\/amae.eu\/index.php\/wp-json\/wp\/v2\/types\/page"}],"author":[{"embeddable":true,"href":"https:\/\/amae.eu\/index.php\/wp-json\/wp\/v2\/users\/1"}],"replies":[{"embeddable":true,"href":"https:\/\/amae.eu\/index.php\/wp-json\/wp\/v2\/comments?post=309"}],"version-history":[{"count":4,"href":"https:\/\/amae.eu\/index.php\/wp-json\/wp\/v2\/pages\/309\/revisions"}],"predecessor-version":[{"id":8340,"href":"https:\/\/amae.eu\/index.php\/wp-json\/wp\/v2\/pages\/309\/revisions\/8340"}],"up":[{"embeddable":true,"href":"https:\/\/amae.eu\/index.php\/wp-json\/wp\/v2\/pages\/88"}],"wp:attachment":[{"href":"https:\/\/amae.eu\/index.php\/wp-json\/wp\/v2\/media?parent=309"}],"curies":[{"name":"wp","href":"https:\/\/api.w.org\/{rel}","templated":true}]}}