{"id":311,"date":"2019-12-09T11:22:21","date_gmt":"2019-12-09T10:22:21","guid":{"rendered":"http:\/\/amae.eu\/?page_id=311"},"modified":"2019-12-09T14:09:47","modified_gmt":"2019-12-09T13:09:47","slug":"la-caravane-et-le-chapiteau","status":"publish","type":"page","link":"https:\/\/amae.eu\/index.php\/collectifs\/le-cirque-lavrat\/la-caravane-et-le-chapiteau\/","title":{"rendered":"La Caravane et le chapiteau"},"content":{"rendered":"\nngg_shortcode_0_placeholder\n\n\n\n<p>La construction de la caravane demanda 149 dimanches de travail. En effet, cette occupation \u00e9tait suppl\u00e9mentaire au m\u00e9tier qu&rsquo;exer\u00e7ait chacun (t\u00f4lier, ma\u00e7on, cheminot ou \u00e9lectricien). Au final, la troupe disposa d&rsquo;une caravane de 7 m\u00e8tres de long pour se loger, de 3 remorques pour transporter le mat\u00e9riel, et de 4 camions AHS3 moteur 85 provenant d&rsquo;une vente des domaines. <\/p>\n\n\n\nngg_shortcode_1_placeholder\n\n\n\n<p> L&rsquo;ensemble aux couleurs d&rsquo;Orl\u00e9ans : jaune et rouge. L&rsquo;abb\u00e9 Lucet dessinera l&rsquo;affiche. En 1950, la troupe fait l&rsquo;acquisition d\u2019un  chapiteau provenant d\u2019un cirque en faillite. Ils le meubl\u00e8rent de bancs, chaises et gradins fabriqu\u00e9s par Hubert Meunier.<\/p>\n\n\n\nngg_shortcode_2_placeholder\n","protected":false},"excerpt":{"rendered":"<p>La construction de la caravane demanda 149 dimanches de travail. En effet, cette occupation \u00e9tait suppl\u00e9mentaire au m\u00e9tier qu&rsquo;exer\u00e7ait chacun (t\u00f4lier, ma\u00e7on, cheminot ou \u00e9lectricien). Au final, la troupe disposa d&rsquo;une caravane de 7 m\u00e8tres de long pour se loger, de 3 remorques pour transporter le mat\u00e9riel, et de 4 camions AHS3 moteur 85 provenant [&hellip;]<\/p>\n","protected":false},"author":1,"featured_media":0,"parent":88,"menu_order":0,"comment_status":"closed","ping_status":"closed","template":"","meta":{"ngg_post_thumbnail":0,"footnotes":""},"class_list":["post-311","page","type-page","status-publish","hentry","entry"],"_links":{"self":[{"href":"https:\/\/amae.eu\/index.php\/wp-json\/wp\/v2\/pages\/311"}],"collection":[{"href":"https:\/\/amae.eu\/index.php\/wp-json\/wp\/v2\/pages"}],"about":[{"href":"https:\/\/amae.eu\/index.php\/wp-json\/wp\/v2\/types\/page"}],"author":[{"embeddable":true,"href":"https:\/\/amae.eu\/index.php\/wp-json\/wp\/v2\/users\/1"}],"replies":[{"embeddable":true,"href":"https:\/\/amae.eu\/index.php\/wp-json\/wp\/v2\/comments?post=311"}],"version-history":[{"count":3,"href":"https:\/\/amae.eu\/index.php\/wp-json\/wp\/v2\/pages\/311\/revisions"}],"predecessor-version":[{"id":697,"href":"https:\/\/amae.eu\/index.php\/wp-json\/wp\/v2\/pages\/311\/revisions\/697"}],"up":[{"embeddable":true,"href":"https:\/\/amae.eu\/index.php\/wp-json\/wp\/v2\/pages\/88"}],"wp:attachment":[{"href":"https:\/\/amae.eu\/index.php\/wp-json\/wp\/v2\/media?parent=311"}],"curies":[{"name":"wp","href":"https:\/\/api.w.org\/{rel}","templated":true}]}}