{"id":313,"date":"2019-12-09T11:22:44","date_gmt":"2019-12-09T10:22:44","guid":{"rendered":"http:\/\/amae.eu\/?page_id=313"},"modified":"2019-12-10T17:39:38","modified_gmt":"2019-12-10T16:39:38","slug":"les-cosonas","status":"publish","type":"page","link":"https:\/\/amae.eu\/index.php\/collectifs\/le-cirque-lavrat\/les-cosonas\/","title":{"rendered":"Les Cosonas"},"content":{"rendered":"\n<p>Le cirque rena\u00eet presque dix ans apr\u00e8s ses premiers pas, vers 1956-1957, avec Les Camillos puis Les Cosonas, hommes volants. Andr\u00e9 Lavrat s&rsquo;est install\u00e9 en octobre 1956 au Domaine de la Tuilerie \u00e0 Saran, lieu qui sera commun\u00e9ment appel\u00e9 \u00ab\u00a0La Ferme\u00a0\u00bb ou \u00ab\u00a0Le Paradis\u00a0\u00bb. Il y loge dans une caravane avec sa femme Simone et la s\u0153ur de celle-ci, Jeannette. Guy et Micheline Courtois, nouveaux venus dans la troupe, s&rsquo;\u00e9tablissent en bord de la nationale 20. Jacky Pautrat les rejoint.<\/p>\n\n\n\nngg_shortcode_0_placeholder\n\n\n\n<p>La caravane des \u00e9pisodes pr\u00e9c\u00e9dents est restaur\u00e9e et identifi\u00e9e au nouveau nom de la troupe : Les Cosonas. Les finances proviennent de la vente de presses \u00e0 paille construites pour l&rsquo;entreprise Rousseau. Une voiture publicitaire est cr\u00e9\u00e9e de toutes pi\u00e8ces au domaine de la Tuilerie \u00e0 Saran. Jacques Meunier, alors enfant, en dessinera la premi\u00e8re esquisse. <\/p>\n\n\n\nngg_shortcode_1_placeholder\n\n\n\n<p>En 1957 Andr\u00e9 Lavrat et ses comparses confectionnent une structure m\u00e9tallique et ach\u00e8tent un tremplin \u00e9lastique ou tremplin am\u00e9ricain (le plus grand du monde !) qu&rsquo;ils font venir des Etats-Unis pour r\u00e9aliser des repr\u00e9sentations de haute voltige : quadruple saut avant et arri\u00e8re, triple saut arri\u00e8re et fantaisies ahurissantes.<\/p>\n\n\n\nngg_shortcode_2_placeholder\n\n\n\n<p> En 1958 Guy et Micheline Courtois ach\u00e8tent un chimpanz\u00e9 provenant de Conakry. Ils le pr\u00e9nomment Jojo. Apr\u00e8s le d\u00e9c\u00e8s de celui-ci vers 1959 suite \u00e0 une broncho-pneumonie, un nouveau chimpanz\u00e9 fait son apparition dans la troupe : Baby, que les Courtois sont all\u00e9s chercher \u00e0 Saint-Jean Cap Ferrat en mars 1960. Il sera revendu \u00e0 un zoo quand le cirque s&rsquo;arr\u00eatera.<\/p>\n\n\n\n\n\n<p>La caravane est remise en route \u00e0 travers la France. Guy Dechamps s&rsquo;occupe de la publicit\u00e9 de la troupe. D&rsquo;abord propos\u00e9 en 1957 sur les plages de l&rsquo;Atlantique et notamment \u00e0 Les Boucholeurs o\u00f9 Andr\u00e9 Lavrat avait une maison, la troupe parcours ensuite la r\u00e9gion Centre. Le spectacle est programm\u00e9 \u00e0 Montmorillon, Ch\u00e2teauroux, D\u00e9ols (place Voltaire les 5-6 ao\u00fbt 1958), Baudres (15 ao\u00fbt 1958), puis \u00e0 Tours pour trois jours. La troupe y restera trois semaines jusqu&rsquo;au premier septembre 1958. S&rsquo;enchainent ensuite les dates dont le Carr\u00e9 Saint-Vincent \u00e0 Orl\u00e9ans le 16 septembre 1958. <\/p>\n\n\n\n\n\n<p>La caravane du nouveau cirque Cosonas s&rsquo;engage \u00e9galement sur les routes de Normandie lors de tourn\u00e9es en 1958 et 1959. En passant par Chartres et Dreux, les joyeux drilles proposeront leur spectacle \u00e0 F\u00e9camp, Le Havre, Saint-Aubin-sur-Mer, Le Tr\u00e9port et Dieppe. L&rsquo;un des spectacles phare est le num\u00e9ro de t\u00eate-\u00e0-t\u00eate musical lors duquel Jacky Pautrat joue de la trompette \u00e0 l&rsquo;envers sur la t\u00eate de Andr\u00e9 Lavrat qui joue du saxophone sur l&rsquo;air du Carnaval de Venise. Jacky Pautrat poursuivra ses num\u00e9ros avec Manuel da Silva, un acrobate portugais \u00e0 la r\u00e9putation bien faite.<\/p>\n\n\n","protected":false},"excerpt":{"rendered":"<p>Le cirque rena\u00eet presque dix ans apr\u00e8s ses premiers pas, vers 1956-1957, avec Les Camillos puis Les Cosonas, hommes volants. Andr\u00e9 Lavrat s&rsquo;est install\u00e9 en octobre 1956 au Domaine de la Tuilerie \u00e0 Saran, lieu qui sera commun\u00e9ment appel\u00e9 \u00ab\u00a0La Ferme\u00a0\u00bb ou \u00ab\u00a0Le Paradis\u00a0\u00bb. Il y loge dans une caravane avec sa femme Simone et [&hellip;]<\/p>\n","protected":false},"author":1,"featured_media":0,"parent":88,"menu_order":0,"comment_status":"closed","ping_status":"closed","template":"","meta":{"ngg_post_thumbnail":0,"footnotes":""},"class_list":["post-313","page","type-page","status-publish","hentry","entry"],"_links":{"self":[{"href":"https:\/\/amae.eu\/index.php\/wp-json\/wp\/v2\/pages\/313"}],"collection":[{"href":"https:\/\/amae.eu\/index.php\/wp-json\/wp\/v2\/pages"}],"about":[{"href":"https:\/\/amae.eu\/index.php\/wp-json\/wp\/v2\/types\/page"}],"author":[{"embeddable":true,"href":"https:\/\/amae.eu\/index.php\/wp-json\/wp\/v2\/users\/1"}],"replies":[{"embeddable":true,"href":"https:\/\/amae.eu\/index.php\/wp-json\/wp\/v2\/comments?post=313"}],"version-history":[{"count":6,"href":"https:\/\/amae.eu\/index.php\/wp-json\/wp\/v2\/pages\/313\/revisions"}],"predecessor-version":[{"id":1193,"href":"https:\/\/amae.eu\/index.php\/wp-json\/wp\/v2\/pages\/313\/revisions\/1193"}],"up":[{"embeddable":true,"href":"https:\/\/amae.eu\/index.php\/wp-json\/wp\/v2\/pages\/88"}],"wp:attachment":[{"href":"https:\/\/amae.eu\/index.php\/wp-json\/wp\/v2\/media?parent=313"}],"curies":[{"name":"wp","href":"https:\/\/api.w.org\/{rel}","templated":true}]}}