{"id":321,"date":"2019-12-09T11:25:01","date_gmt":"2019-12-09T10:25:01","guid":{"rendered":"http:\/\/amae.eu\/?page_id=321"},"modified":"2023-10-11T10:33:07","modified_gmt":"2023-10-11T08:33:07","slug":"la-piste-fantastique","status":"publish","type":"page","link":"https:\/\/amae.eu\/index.php\/collectifs\/le-cirque-lavrat\/la-piste-fantastique\/","title":{"rendered":"La Piste Fantastique"},"content":{"rendered":"\t\t<div data-elementor-type=\"wp-page\" data-elementor-id=\"321\" class=\"elementor elementor-321\">\n\t\t\t\t\t\t<section class=\"elementor-section elementor-top-section elementor-element elementor-element-dcf392a elementor-section-boxed elementor-section-height-default elementor-section-height-default\" data-id=\"dcf392a\" data-element_type=\"section\" data-e-type=\"section\">\n\t\t\t\t\t\t<div class=\"elementor-container elementor-column-gap-default\">\n\t\t\t\t\t<div class=\"elementor-column elementor-col-100 elementor-top-column elementor-element elementor-element-4ecb34c\" data-id=\"4ecb34c\" data-element_type=\"column\" data-e-type=\"column\">\n\t\t\t<div class=\"elementor-widget-wrap elementor-element-populated\">\n\t\t\t\t\t\t<section class=\"elementor-section elementor-inner-section elementor-element elementor-element-bf8517b elementor-section-boxed elementor-section-height-default elementor-section-height-default\" data-id=\"bf8517b\" data-element_type=\"section\" data-e-type=\"section\">\n\t\t\t\t\t\t<div class=\"elementor-container elementor-column-gap-default\">\n\t\t\t\t\t<div class=\"elementor-column elementor-col-50 elementor-inner-column elementor-element elementor-element-0bfebde\" data-id=\"0bfebde\" data-element_type=\"column\" data-e-type=\"column\">\n\t\t\t<div class=\"elementor-widget-wrap elementor-element-populated\">\n\t\t\t\t\t\t<div class=\"elementor-element elementor-element-4f53ad4 elementor-widget elementor-widget-image\" data-id=\"4f53ad4\" data-element_type=\"widget\" data-e-type=\"widget\" data-widget_type=\"image.default\">\n\t\t\t\t<div class=\"elementor-widget-container\">\n\t\t\t\t\t\t\t\t\t\t\t\t\t\t\t<img fetchpriority=\"high\" decoding=\"async\" width=\"300\" height=\"223\" src=\"https:\/\/amae.eu\/wp-content\/uploads\/2020\/11\/1-place-la-piste-fantastique-FL-300x223.jpg\" class=\"attachment-medium size-medium wp-image-1571\" alt=\"\" srcset=\"https:\/\/amae.eu\/wp-content\/uploads\/2020\/11\/1-place-la-piste-fantastique-FL-300x223.jpg 300w, https:\/\/amae.eu\/wp-content\/uploads\/2020\/11\/1-place-la-piste-fantastique-FL.jpg 612w\" sizes=\"(max-width: 300px) 100vw, 300px\" \/>\t\t\t\t\t\t\t\t\t\t\t\t\t\t\t<\/div>\n\t\t\t\t<\/div>\n\t\t\t\t\t<\/div>\n\t\t<\/div>\n\t\t\t\t<div class=\"elementor-column elementor-col-50 elementor-inner-column elementor-element elementor-element-6bcfe46\" data-id=\"6bcfe46\" data-element_type=\"column\" data-e-type=\"column\">\n\t\t\t<div class=\"elementor-widget-wrap elementor-element-populated\">\n\t\t\t\t\t\t<div class=\"elementor-element elementor-element-50a3cbe elementor-widget elementor-widget-text-editor\" data-id=\"50a3cbe\" data-element_type=\"widget\" data-e-type=\"widget\" data-widget_type=\"text-editor.default\">\n\t\t\t\t<div class=\"elementor-widget-container\">\n\t\t\t\t\t\t\t\t\t<p>En 1960, la caravane est re-d\u00e9cor\u00e9e au nom de La Piste Fantastique. Pendant deux ann\u00e9es encore la troupe parcours la France, puis, faute de motivation et de finances, l&rsquo;aventure du Cirque Lavrat dans ses nombreuses d\u00e9clinaisons s&rsquo;arr\u00eate.<\/p>\t\t\t\t\t\t\t\t<\/div>\n\t\t\t\t<\/div>\n\t\t\t\t\t<\/div>\n\t\t<\/div>\n\t\t\t\t\t<\/div>\n\t\t<\/section>\n\t\t\t\t\t<\/div>\n\t\t<\/div>\n\t\t\t\t\t<\/div>\n\t\t<\/section>\n\t\t\t\t<section class=\"elementor-section elementor-top-section elementor-element elementor-element-4c48928 elementor-section-boxed elementor-section-height-default elementor-section-height-default\" data-id=\"4c48928\" data-element_type=\"section\" data-e-type=\"section\">\n\t\t\t\t\t\t<div class=\"elementor-container elementor-column-gap-default\">\n\t\t\t\t\t<div class=\"elementor-column elementor-col-33 elementor-top-column elementor-element elementor-element-c993183\" data-id=\"c993183\" data-element_type=\"column\" data-e-type=\"column\">\n\t\t\t<div class=\"elementor-widget-wrap elementor-element-populated\">\n\t\t\t\t\t\t<div class=\"elementor-element elementor-element-32ebdf1 elementor-widget elementor-widget-image\" data-id=\"32ebdf1\" data-element_type=\"widget\" data-e-type=\"widget\" data-widget_type=\"image.default\">\n\t\t\t\t<div class=\"elementor-widget-container\">\n\t\t\t\t\t\t\t\t\t\t\t\t<figure class=\"wp-caption\">\n\t\t\t\t\t\t\t\t\t\t<img decoding=\"async\" width=\"1024\" height=\"814\" src=\"https:\/\/amae.eu\/wp-content\/uploads\/2020\/11\/La-Piste-Fantastique-Guy-Dechamps-et-Madame-1-monsieur-2--1024x814.jpg\" class=\"attachment-large size-large wp-image-1576\" alt=\"\" srcset=\"https:\/\/amae.eu\/wp-content\/uploads\/2020\/11\/La-Piste-Fantastique-Guy-Dechamps-et-Madame-1-monsieur-2--1024x814.jpg 1024w, https:\/\/amae.eu\/wp-content\/uploads\/2020\/11\/La-Piste-Fantastique-Guy-Dechamps-et-Madame-1-monsieur-2--300x239.jpg 300w, https:\/\/amae.eu\/wp-content\/uploads\/2020\/11\/La-Piste-Fantastique-Guy-Dechamps-et-Madame-1-monsieur-2--768x611.jpg 768w, https:\/\/amae.eu\/wp-content\/uploads\/2020\/11\/La-Piste-Fantastique-Guy-Dechamps-et-Madame-1-monsieur-2--1536x1222.jpg 1536w, https:\/\/amae.eu\/wp-content\/uploads\/2020\/11\/La-Piste-Fantastique-Guy-Dechamps-et-Madame-1-monsieur-2--2048x1629.jpg 2048w\" sizes=\"(max-width: 1024px) 100vw, 1024px\" \/>\t\t\t\t\t\t\t\t\t\t\t<figcaption class=\"widget-image-caption wp-caption-text\">Collection Gilbert Courtois<\/figcaption>\n\t\t\t\t\t\t\t\t\t\t<\/figure>\n\t\t\t\t\t\t\t\t\t<\/div>\n\t\t\t\t<\/div>\n\t\t\t\t<div class=\"elementor-element elementor-element-d586a68 elementor-widget elementor-widget-image\" data-id=\"d586a68\" data-element_type=\"widget\" data-e-type=\"widget\" data-widget_type=\"image.default\">\n\t\t\t\t<div class=\"elementor-widget-container\">\n\t\t\t\t\t\t\t\t\t\t\t\t<figure class=\"wp-caption\">\n\t\t\t\t\t\t\t\t\t\t<img decoding=\"async\" width=\"1024\" height=\"737\" src=\"https:\/\/amae.eu\/wp-content\/uploads\/2020\/11\/La-Piste-Fantastique-Rool-Boul-07-GC-1024x737.jpg\" class=\"attachment-large size-large wp-image-1570\" alt=\"\" srcset=\"https:\/\/amae.eu\/wp-content\/uploads\/2020\/11\/La-Piste-Fantastique-Rool-Boul-07-GC-1024x737.jpg 1024w, https:\/\/amae.eu\/wp-content\/uploads\/2020\/11\/La-Piste-Fantastique-Rool-Boul-07-GC-300x216.jpg 300w, https:\/\/amae.eu\/wp-content\/uploads\/2020\/11\/La-Piste-Fantastique-Rool-Boul-07-GC-768x553.jpg 768w, https:\/\/amae.eu\/wp-content\/uploads\/2020\/11\/La-Piste-Fantastique-Rool-Boul-07-GC-1536x1105.jpg 1536w, https:\/\/amae.eu\/wp-content\/uploads\/2020\/11\/La-Piste-Fantastique-Rool-Boul-07-GC-2048x1474.jpg 2048w\" sizes=\"(max-width: 1024px) 100vw, 1024px\" \/>\t\t\t\t\t\t\t\t\t\t\t<figcaption class=\"widget-image-caption wp-caption-text\">Collection Gilbert Courtois<\/figcaption>\n\t\t\t\t\t\t\t\t\t\t<\/figure>\n\t\t\t\t\t\t\t\t\t<\/div>\n\t\t\t\t<\/div>\n\t\t\t\t<div class=\"elementor-element elementor-element-8de01dd elementor-widget elementor-widget-image\" data-id=\"8de01dd\" data-element_type=\"widget\" data-e-type=\"widget\" data-widget_type=\"image.default\">\n\t\t\t\t<div class=\"elementor-widget-container\">\n\t\t\t\t\t\t\t\t\t\t\t\t<figure class=\"wp-caption\">\n\t\t\t\t\t\t\t\t\t\t<img loading=\"lazy\" decoding=\"async\" width=\"1024\" height=\"773\" src=\"https:\/\/amae.eu\/wp-content\/uploads\/2020\/11\/La-Piste-Fantastique-les-Installations-1-GC-1024x773.jpg\" class=\"attachment-large size-large wp-image-1577\" alt=\"\" srcset=\"https:\/\/amae.eu\/wp-content\/uploads\/2020\/11\/La-Piste-Fantastique-les-Installations-1-GC-1024x773.jpg 1024w, https:\/\/amae.eu\/wp-content\/uploads\/2020\/11\/La-Piste-Fantastique-les-Installations-1-GC-300x227.jpg 300w, https:\/\/amae.eu\/wp-content\/uploads\/2020\/11\/La-Piste-Fantastique-les-Installations-1-GC-768x580.jpg 768w, https:\/\/amae.eu\/wp-content\/uploads\/2020\/11\/La-Piste-Fantastique-les-Installations-1-GC-1536x1160.jpg 1536w, https:\/\/amae.eu\/wp-content\/uploads\/2020\/11\/La-Piste-Fantastique-les-Installations-1-GC-2048x1547.jpg 2048w\" sizes=\"(max-width: 1024px) 100vw, 1024px\" \/>\t\t\t\t\t\t\t\t\t\t\t<figcaption class=\"widget-image-caption wp-caption-text\">Collection Gilbert Courtois<\/figcaption>\n\t\t\t\t\t\t\t\t\t\t<\/figure>\n\t\t\t\t\t\t\t\t\t<\/div>\n\t\t\t\t<\/div>\n\t\t\t\t\t<\/div>\n\t\t<\/div>\n\t\t\t\t<div class=\"elementor-column elementor-col-33 elementor-top-column elementor-element elementor-element-c295c65\" data-id=\"c295c65\" data-element_type=\"column\" data-e-type=\"column\">\n\t\t\t<div class=\"elementor-widget-wrap elementor-element-populated\">\n\t\t\t\t\t\t<div class=\"elementor-element elementor-element-1b8b55f elementor-widget elementor-widget-image\" data-id=\"1b8b55f\" data-element_type=\"widget\" data-e-type=\"widget\" data-widget_type=\"image.default\">\n\t\t\t\t<div class=\"elementor-widget-container\">\n\t\t\t\t\t\t\t\t\t\t\t\t<figure class=\"wp-caption\">\n\t\t\t\t\t\t\t\t\t\t<img loading=\"lazy\" decoding=\"async\" width=\"1024\" height=\"800\" src=\"https:\/\/amae.eu\/wp-content\/uploads\/2020\/11\/La-Piste-Fantastique-Guy-Dechamps-et-Madame-1-monsieur-1--1024x800.jpg\" class=\"attachment-large size-large wp-image-1575\" alt=\"\" srcset=\"https:\/\/amae.eu\/wp-content\/uploads\/2020\/11\/La-Piste-Fantastique-Guy-Dechamps-et-Madame-1-monsieur-1--1024x800.jpg 1024w, https:\/\/amae.eu\/wp-content\/uploads\/2020\/11\/La-Piste-Fantastique-Guy-Dechamps-et-Madame-1-monsieur-1--300x234.jpg 300w, https:\/\/amae.eu\/wp-content\/uploads\/2020\/11\/La-Piste-Fantastique-Guy-Dechamps-et-Madame-1-monsieur-1--768x600.jpg 768w, https:\/\/amae.eu\/wp-content\/uploads\/2020\/11\/La-Piste-Fantastique-Guy-Dechamps-et-Madame-1-monsieur-1--1536x1199.jpg 1536w, https:\/\/amae.eu\/wp-content\/uploads\/2020\/11\/La-Piste-Fantastique-Guy-Dechamps-et-Madame-1-monsieur-1--2048x1599.jpg 2048w\" sizes=\"(max-width: 1024px) 100vw, 1024px\" \/>\t\t\t\t\t\t\t\t\t\t\t<figcaption class=\"widget-image-caption wp-caption-text\">Collection Gilbert Courtois<\/figcaption>\n\t\t\t\t\t\t\t\t\t\t<\/figure>\n\t\t\t\t\t\t\t\t\t<\/div>\n\t\t\t\t<\/div>\n\t\t\t\t<div class=\"elementor-element elementor-element-82711df elementor-widget elementor-widget-image\" data-id=\"82711df\" data-element_type=\"widget\" data-e-type=\"widget\" data-widget_type=\"image.default\">\n\t\t\t\t<div class=\"elementor-widget-container\">\n\t\t\t\t\t\t\t\t\t\t\t\t<figure class=\"wp-caption\">\n\t\t\t\t\t\t\t\t\t\t<img loading=\"lazy\" decoding=\"async\" width=\"1024\" height=\"777\" src=\"https:\/\/amae.eu\/wp-content\/uploads\/2020\/11\/La-Piste-Fantastique-Rool-Boul-02-GC-1024x777.jpg\" class=\"attachment-large size-large wp-image-1579\" alt=\"\" srcset=\"https:\/\/amae.eu\/wp-content\/uploads\/2020\/11\/La-Piste-Fantastique-Rool-Boul-02-GC-1024x777.jpg 1024w, https:\/\/amae.eu\/wp-content\/uploads\/2020\/11\/La-Piste-Fantastique-Rool-Boul-02-GC-300x228.jpg 300w, https:\/\/amae.eu\/wp-content\/uploads\/2020\/11\/La-Piste-Fantastique-Rool-Boul-02-GC-768x583.jpg 768w, https:\/\/amae.eu\/wp-content\/uploads\/2020\/11\/La-Piste-Fantastique-Rool-Boul-02-GC-1536x1166.jpg 1536w, https:\/\/amae.eu\/wp-content\/uploads\/2020\/11\/La-Piste-Fantastique-Rool-Boul-02-GC-2048x1554.jpg 2048w\" sizes=\"(max-width: 1024px) 100vw, 1024px\" \/>\t\t\t\t\t\t\t\t\t\t\t<figcaption class=\"widget-image-caption wp-caption-text\">Collection Gilbert Courtois<\/figcaption>\n\t\t\t\t\t\t\t\t\t\t<\/figure>\n\t\t\t\t\t\t\t\t\t<\/div>\n\t\t\t\t<\/div>\n\t\t\t\t<div class=\"elementor-element elementor-element-14f6f0c elementor-widget elementor-widget-image\" data-id=\"14f6f0c\" data-element_type=\"widget\" data-e-type=\"widget\" data-widget_type=\"image.default\">\n\t\t\t\t<div class=\"elementor-widget-container\">\n\t\t\t\t\t\t\t\t\t\t\t\t<figure class=\"wp-caption\">\n\t\t\t\t\t\t\t\t\t\t<img loading=\"lazy\" decoding=\"async\" width=\"780\" height=\"1024\" src=\"https:\/\/amae.eu\/wp-content\/uploads\/2020\/11\/Bourges-1961-Micheline-Baby-GC-780x1024.jpg\" class=\"attachment-large size-large wp-image-1573\" alt=\"\" srcset=\"https:\/\/amae.eu\/wp-content\/uploads\/2020\/11\/Bourges-1961-Micheline-Baby-GC-780x1024.jpg 780w, https:\/\/amae.eu\/wp-content\/uploads\/2020\/11\/Bourges-1961-Micheline-Baby-GC-228x300.jpg 228w, https:\/\/amae.eu\/wp-content\/uploads\/2020\/11\/Bourges-1961-Micheline-Baby-GC-768x1009.jpg 768w, https:\/\/amae.eu\/wp-content\/uploads\/2020\/11\/Bourges-1961-Micheline-Baby-GC-1170x1536.jpg 1170w, https:\/\/amae.eu\/wp-content\/uploads\/2020\/11\/Bourges-1961-Micheline-Baby-GC-1559x2048.jpg 1559w, https:\/\/amae.eu\/wp-content\/uploads\/2020\/11\/Bourges-1961-Micheline-Baby-GC-scaled.jpg 1949w\" sizes=\"(max-width: 780px) 100vw, 780px\" \/>\t\t\t\t\t\t\t\t\t\t\t<figcaption class=\"widget-image-caption wp-caption-text\">Collection Gilbert Courtois<\/figcaption>\n\t\t\t\t\t\t\t\t\t\t<\/figure>\n\t\t\t\t\t\t\t\t\t<\/div>\n\t\t\t\t<\/div>\n\t\t\t\t\t<\/div>\n\t\t<\/div>\n\t\t\t\t<div class=\"elementor-column elementor-col-33 elementor-top-column elementor-element elementor-element-e4f9d76\" data-id=\"e4f9d76\" data-element_type=\"column\" data-e-type=\"column\">\n\t\t\t<div class=\"elementor-widget-wrap elementor-element-populated\">\n\t\t\t\t\t\t<div class=\"elementor-element elementor-element-ff53c58 elementor-widget elementor-widget-image\" data-id=\"ff53c58\" data-element_type=\"widget\" data-e-type=\"widget\" data-widget_type=\"image.default\">\n\t\t\t\t<div class=\"elementor-widget-container\">\n\t\t\t\t\t\t\t\t\t\t\t\t<figure class=\"wp-caption\">\n\t\t\t\t\t\t\t\t\t\t<img loading=\"lazy\" decoding=\"async\" width=\"1024\" height=\"787\" src=\"https:\/\/amae.eu\/wp-content\/uploads\/2020\/11\/La-Piste-Fantastique-les-Installations-2-GC-1024x787.jpg\" class=\"attachment-large size-large wp-image-1578\" alt=\"\" srcset=\"https:\/\/amae.eu\/wp-content\/uploads\/2020\/11\/La-Piste-Fantastique-les-Installations-2-GC-1024x787.jpg 1024w, https:\/\/amae.eu\/wp-content\/uploads\/2020\/11\/La-Piste-Fantastique-les-Installations-2-GC-300x230.jpg 300w, https:\/\/amae.eu\/wp-content\/uploads\/2020\/11\/La-Piste-Fantastique-les-Installations-2-GC-768x590.jpg 768w, https:\/\/amae.eu\/wp-content\/uploads\/2020\/11\/La-Piste-Fantastique-les-Installations-2-GC-1536x1180.jpg 1536w, https:\/\/amae.eu\/wp-content\/uploads\/2020\/11\/La-Piste-Fantastique-les-Installations-2-GC-2048x1573.jpg 2048w\" sizes=\"(max-width: 1024px) 100vw, 1024px\" \/>\t\t\t\t\t\t\t\t\t\t\t<figcaption class=\"widget-image-caption wp-caption-text\">Collection Gilbert Courtois<\/figcaption>\n\t\t\t\t\t\t\t\t\t\t<\/figure>\n\t\t\t\t\t\t\t\t\t<\/div>\n\t\t\t\t<\/div>\n\t\t\t\t<div class=\"elementor-element elementor-element-212a746 elementor-widget elementor-widget-image\" data-id=\"212a746\" data-element_type=\"widget\" data-e-type=\"widget\" data-widget_type=\"image.default\">\n\t\t\t\t<div class=\"elementor-widget-container\">\n\t\t\t\t\t\t\t\t\t\t\t\t<figure class=\"wp-caption\">\n\t\t\t\t\t\t\t\t\t\t<img loading=\"lazy\" decoding=\"async\" width=\"1024\" height=\"793\" src=\"https:\/\/amae.eu\/wp-content\/uploads\/2020\/11\/La-Piste-Fantastique-Rool-Boul-06-GC-1024x793.jpg\" class=\"attachment-large size-large wp-image-1580\" alt=\"\" srcset=\"https:\/\/amae.eu\/wp-content\/uploads\/2020\/11\/La-Piste-Fantastique-Rool-Boul-06-GC-1024x793.jpg 1024w, https:\/\/amae.eu\/wp-content\/uploads\/2020\/11\/La-Piste-Fantastique-Rool-Boul-06-GC-300x232.jpg 300w, https:\/\/amae.eu\/wp-content\/uploads\/2020\/11\/La-Piste-Fantastique-Rool-Boul-06-GC-768x595.jpg 768w, https:\/\/amae.eu\/wp-content\/uploads\/2020\/11\/La-Piste-Fantastique-Rool-Boul-06-GC-1536x1189.jpg 1536w, https:\/\/amae.eu\/wp-content\/uploads\/2020\/11\/La-Piste-Fantastique-Rool-Boul-06-GC-2048x1586.jpg 2048w\" sizes=\"(max-width: 1024px) 100vw, 1024px\" \/>\t\t\t\t\t\t\t\t\t\t\t<figcaption class=\"widget-image-caption wp-caption-text\">Collection Gilbert Courtois<\/figcaption>\n\t\t\t\t\t\t\t\t\t\t<\/figure>\n\t\t\t\t\t\t\t\t\t<\/div>\n\t\t\t\t<\/div>\n\t\t\t\t<div class=\"elementor-element elementor-element-993d84b elementor-widget elementor-widget-image\" data-id=\"993d84b\" data-element_type=\"widget\" data-e-type=\"widget\" data-widget_type=\"image.default\">\n\t\t\t\t<div class=\"elementor-widget-container\">\n\t\t\t\t\t\t\t\t\t\t\t\t<figure class=\"wp-caption\">\n\t\t\t\t\t\t\t\t\t\t<img loading=\"lazy\" decoding=\"async\" width=\"792\" height=\"1024\" src=\"https:\/\/amae.eu\/wp-content\/uploads\/2020\/11\/La-Piste-Fantastique-01-GC-792x1024.jpg\" class=\"attachment-large size-large wp-image-1574\" alt=\"\" srcset=\"https:\/\/amae.eu\/wp-content\/uploads\/2020\/11\/La-Piste-Fantastique-01-GC-792x1024.jpg 792w, https:\/\/amae.eu\/wp-content\/uploads\/2020\/11\/La-Piste-Fantastique-01-GC-232x300.jpg 232w, https:\/\/amae.eu\/wp-content\/uploads\/2020\/11\/La-Piste-Fantastique-01-GC-768x993.jpg 768w, https:\/\/amae.eu\/wp-content\/uploads\/2020\/11\/La-Piste-Fantastique-01-GC-1188x1536.jpg 1188w, https:\/\/amae.eu\/wp-content\/uploads\/2020\/11\/La-Piste-Fantastique-01-GC-1584x2048.jpg 1584w, https:\/\/amae.eu\/wp-content\/uploads\/2020\/11\/La-Piste-Fantastique-01-GC-scaled.jpg 1980w\" sizes=\"(max-width: 792px) 100vw, 792px\" \/>\t\t\t\t\t\t\t\t\t\t\t<figcaption class=\"widget-image-caption wp-caption-text\">Collection Gilbert Courtois<\/figcaption>\n\t\t\t\t\t\t\t\t\t\t<\/figure>\n\t\t\t\t\t\t\t\t\t<\/div>\n\t\t\t\t<\/div>\n\t\t\t\t\t<\/div>\n\t\t<\/div>\n\t\t\t\t\t<\/div>\n\t\t<\/section>\n\t\t\t\t<\/div>\n\t\t","protected":false},"excerpt":{"rendered":"<p>En 1960, la caravane est re-d\u00e9cor\u00e9e au nom de La Piste Fantastique. Pendant deux ann\u00e9es encore la troupe parcours la France, puis, faute de motivation et de finances, l&rsquo;aventure du Cirque Lavrat dans ses nombreuses d\u00e9clinaisons s&rsquo;arr\u00eate. Collection Gilbert Courtois Collection Gilbert Courtois Collection Gilbert Courtois Collection Gilbert Courtois Collection Gilbert Courtois Collection Gilbert Courtois [&hellip;]<\/p>\n","protected":false},"author":1,"featured_media":0,"parent":88,"menu_order":0,"comment_status":"closed","ping_status":"closed","template":"","meta":{"ngg_post_thumbnail":0,"footnotes":""},"class_list":["post-321","page","type-page","status-publish","hentry","entry"],"_links":{"self":[{"href":"https:\/\/amae.eu\/index.php\/wp-json\/wp\/v2\/pages\/321"}],"collection":[{"href":"https:\/\/amae.eu\/index.php\/wp-json\/wp\/v2\/pages"}],"about":[{"href":"https:\/\/amae.eu\/index.php\/wp-json\/wp\/v2\/types\/page"}],"author":[{"embeddable":true,"href":"https:\/\/amae.eu\/index.php\/wp-json\/wp\/v2\/users\/1"}],"replies":[{"embeddable":true,"href":"https:\/\/amae.eu\/index.php\/wp-json\/wp\/v2\/comments?post=321"}],"version-history":[{"count":9,"href":"https:\/\/amae.eu\/index.php\/wp-json\/wp\/v2\/pages\/321\/revisions"}],"predecessor-version":[{"id":8345,"href":"https:\/\/amae.eu\/index.php\/wp-json\/wp\/v2\/pages\/321\/revisions\/8345"}],"up":[{"embeddable":true,"href":"https:\/\/amae.eu\/index.php\/wp-json\/wp\/v2\/pages\/88"}],"wp:attachment":[{"href":"https:\/\/amae.eu\/index.php\/wp-json\/wp\/v2\/media?parent=321"}],"curies":[{"name":"wp","href":"https:\/\/api.w.org\/{rel}","templated":true}]}}