{"id":38,"date":"2019-11-30T17:00:33","date_gmt":"2019-11-30T16:00:33","guid":{"rendered":"http:\/\/amae.eu\/?page_id=38"},"modified":"2023-02-08T10:15:41","modified_gmt":"2023-02-08T09:15:41","slug":"jean-nicolas-weigel","status":"publish","type":"page","link":"https:\/\/amae.eu\/index.php\/les-personnalites\/sportifs\/jean-nicolas-weigel\/","title":{"rendered":"Jean-Nicolas Weigel"},"content":{"rendered":"\n<figure class=\"wp-block-image\"><img decoding=\"async\" src=\"http:\/\/www.pellerine-orleans.fr\/wp-content\/uploads\/2019\/11\/JN-Weigel-1024x768.jpg\" alt=\"L\u2019attribut alt de cette image est vide, son nom de fichier est JN-Weigel-1024x768.jpg.\"\/><\/figure>\n\n\n\n<p>Enfant du quartier, Jean-Nicolas Weigel est un champion de boxe multi-titr\u00e9. Boxant dans la cat\u00e9gorie des poids l\u00e9gers et licenci\u00e9 au BC Victoria, il a \u00e9t\u00e9 champion de France amateur avant d&rsquo;\u00eatre engag\u00e9 en   professionnel \u00e0 18 ans dans l&rsquo;\u00e9curie Acari\u00e8s. Il a r\u00e9alis\u00e9 23 combats   avec 21 victoires dont 7 avant la limite, et un nul. Il a \u00e9t\u00e9 champion   de France professionnel en 2005 et 2006, vice-champion d&rsquo;Europe en 2007 \u00e0 Ajaccio apr\u00e8s avoir perdu contre l&rsquo;espagnol Juan Carlos Diaz Melero. Puis champion du monde IBF &#8211; 25ans (Junior) le 15 novembre 2008 \u00e0 Ch\u00e2teauneuf-sur-Loire en battant le tha\u00eflandais Decha Bankluaygym.   Jean-Nicolas Weigel est entraineur au Boxing Club de Ch\u00e2teauneuf-sur-Loire depuis 2015 apr\u00e8s avoir \u00e9t\u00e9 entraineur au BC Victoria et \u00e0 l&rsquo;USO Boxe. Il est par ailleurs expert de joutes   nautiques, avec 5 titres de champion de France \u00e0 son palmar\u00e8s.<\/p>\n\n\n\n<p>Auteur : J. Jacob<\/p>\n","protected":false},"excerpt":{"rendered":"<p>Enfant du quartier, Jean-Nicolas Weigel est un champion de boxe multi-titr\u00e9. Boxant dans la cat\u00e9gorie des poids l\u00e9gers et licenci\u00e9 au BC Victoria, il a \u00e9t\u00e9 champion de France amateur avant d&rsquo;\u00eatre engag\u00e9 en professionnel \u00e0 18 ans dans l&rsquo;\u00e9curie Acari\u00e8s. Il a r\u00e9alis\u00e9 23 combats avec 21 victoires dont 7 avant la limite, et [&hellip;]<\/p>\n","protected":false},"author":1,"featured_media":0,"parent":6483,"menu_order":0,"comment_status":"closed","ping_status":"closed","template":"","meta":{"ngg_post_thumbnail":0,"footnotes":""},"class_list":["post-38","page","type-page","status-publish","hentry","entry"],"_links":{"self":[{"href":"https:\/\/amae.eu\/index.php\/wp-json\/wp\/v2\/pages\/38"}],"collection":[{"href":"https:\/\/amae.eu\/index.php\/wp-json\/wp\/v2\/pages"}],"about":[{"href":"https:\/\/amae.eu\/index.php\/wp-json\/wp\/v2\/types\/page"}],"author":[{"embeddable":true,"href":"https:\/\/amae.eu\/index.php\/wp-json\/wp\/v2\/users\/1"}],"replies":[{"embeddable":true,"href":"https:\/\/amae.eu\/index.php\/wp-json\/wp\/v2\/comments?post=38"}],"version-history":[{"count":2,"href":"https:\/\/amae.eu\/index.php\/wp-json\/wp\/v2\/pages\/38\/revisions"}],"predecessor-version":[{"id":41,"href":"https:\/\/amae.eu\/index.php\/wp-json\/wp\/v2\/pages\/38\/revisions\/41"}],"up":[{"embeddable":true,"href":"https:\/\/amae.eu\/index.php\/wp-json\/wp\/v2\/pages\/6483"}],"wp:attachment":[{"href":"https:\/\/amae.eu\/index.php\/wp-json\/wp\/v2\/media?parent=38"}],"curies":[{"name":"wp","href":"https:\/\/api.w.org\/{rel}","templated":true}]}}