{"id":54,"date":"2019-11-30T17:10:12","date_gmt":"2019-11-30T16:10:12","guid":{"rendered":"http:\/\/amae.eu\/?page_id=54"},"modified":"2023-02-08T10:15:10","modified_gmt":"2023-02-08T09:15:10","slug":"alice-lemesle","status":"publish","type":"page","link":"https:\/\/amae.eu\/index.php\/les-personnalites\/bienfaitrices-bienfaiteurs\/alice-lemesle\/","title":{"rendered":"Alice Lemesle"},"content":{"rendered":"\n<p>Alice Lemesle est consid\u00e9r\u00e9e par beaucoup comme la grande bienfaitrice du quartier de l&rsquo;Argonne.<\/p>\n\n\n\n<p>N\u00e9e Alice Alphonsine Marie Gauthier le 27 avril 1887 \u00e0 Orl\u00e9ans de Alcide\nEdmond Gauthier et de Marie F\u00e9licie Haury habitant au 192 rue de la Fantaisie\ndans le Faubourg Saint Marc, elle passera toute sa vie dans sa maison au 10 rue\ndu 11 novembre qui, \u00e0 cette \u00e9poque, ne comportait qu&rsquo;un rez-de-chauss\u00e9e.<\/p>\n\n\n\n<p>Le 14 f\u00e9vrier 1912, elle \u00e9pouse Henri Lemesle (28\/07\/1888 \u2013 13\/02\/1959). Ils ajoutent un \u00e9tage \u00e0 l&rsquo;ancienne maison pour le couple qui n&rsquo;aura pas d&rsquo;enfant. Le foyer cultive la vigne et les arbres fruitiers. Le quartier, \u00e0 l&rsquo;\u00e9poque, a peu d&rsquo;habitations, mais de nombreux champs avec diverses cultures.<\/p>\n\n\n\n<p>Le quartier s&rsquo;anime en 1916 apr\u00e8s la cr\u00e9ation de l&rsquo;Usine d&rsquo;Ambert, puis en 1930 avec la cr\u00e9ation de la Cit\u00e9 Rouge et de la Cit\u00e9 Bleue, puis l&rsquo;arriv\u00e9e des commer\u00e7ants. En 1939 la famille d&rsquo;Alice Lemesle fait don d&rsquo;un terrain pour la construction d&rsquo;une \u00e9glise. Un baraquement provisoire destin\u00e9 au culte y est construit. Ce don initial est \u00e0 l&rsquo;origine de grandes r\u00e9alisations sociales dans le quartier. Il subsistera jusqu&rsquo;\u00e0 la construction de l&rsquo;Eglise Don Bosco en 1962.<\/p>\n\n\n\n<p>En 1941, un autre baraquement est construit sur ce terrain par le Secours National. Il sert \u00e0 divers services sociaux (dispensaire, consultations de nourrissons, garderies, aide aux m\u00e8res, surveillance des devoirs et salle pour les vieillards). Appel\u00e9 Centre Jeanne d&rsquo;Arc, il prend une importance croissante. Madame Millard en est la pr\u00e9sidente et est second\u00e9e par Alice Lemesle. Le Centre Jeanne d&rsquo;Arc est inaugur\u00e9 en septembre 1942, et la Chapelle attenante b\u00e9nie en m\u00eame temps, en pr\u00e9sence des autorit\u00e9s civiles et religieuses. Plus tard seront ajout\u00e9s trois douches, une salle de bains, une machine \u00e0 laver le linge, puis, gr\u00e2ce \u00e0 l&rsquo;aide financi\u00e8re de la municipalit\u00e9, on organisera la distribution de soupe et en 1946 le gouter des personnes \u00e2g\u00e9es.<\/p>\n\n\n\n<p>En 1961 un nouvel immeuble est construit par les Allocations\nFamiliales rue du Grand Villiers. Une salle y est r\u00e9serv\u00e9e le lundi apr\u00e8s-midi\npour les personnes \u00e2g\u00e9es. Le Foyer Jeanne d&rsquo;Arc s&rsquo;y installe avec toujours\nMesdames Millard et Lemesle \u00e0 la direction. Le baraquement de l&rsquo;ancien centre\nsocial est d\u00e9truit.<\/p>\n\n\n\n<p>En 1966 Madame Alice Lemesle fait don d&rsquo;une partie de son terrain\n\u00e0 la ville pour la construction d&rsquo;un foyer pour personnes \u00e2g\u00e9es, dont elle est\ntr\u00e8s soucieuse et, pour lesquelles elle s&rsquo;est d\u00e9vou\u00e9e. Alice Lemesle nous a\nquitt\u00e9s le 13 juin 1969. La maison est rest\u00e9e vacante jusqu&rsquo;\u00e0 la construction\ndu Foyer Alice Lemesle en 1977 par la ville d&rsquo;Orl\u00e9ans.<\/p>\n\n\n\n<p>Alice Lemesle savait donner de sa personne. Lorsqu&rsquo;un groupe du\nFoyer Jeanne d&rsquo;Arc allait \u00e0 la Ch\u00e2taigneraie, chacune emportait son\npique-nique. Madame Lemesle apportait le dessert : une bricohe qu&rsquo;elle\nconfectionnait elle-m\u00eame et pour laquelle elle n&rsquo;h\u00e9sitait pas \u00e0 se lever la\nnuit, si la p\u00e2te \u00e9tait pr\u00eate \u00e0 cuire, pour la mettre au four et la surveiller.<\/p>\n\n\n\n<p>R\u00e9f\u00e9rences : <\/p>\n\n\n\n<ul class=\"wp-block-list\"><li> <a href=\"http:\/\/archives.orleans-metropole.fr\/arkotheque\/visionneuse\/visionneuse.php?arko=YTo2OntzOjQ6ImRhdGUiO3M6MTA6IjIwMTktMTAtMDIiO3M6MTA6InR5cGVfZm9uZHMiO3M6MTE6ImFya29fc2VyaWVsIjtzOjQ6InJlZjEiO2k6ODtzOjQ6InJlZjIiO2k6MTMxMDtzOjE2OiJ2aXNpb25uZXVzZV9odG1sIjtiOjE7czoyMToidmlzaW9ubmV1c2VfaHRtbF9tb2RlIjtzOjQ6InByb2QiO30=#uielem_move=278.3999938964844%2C73&amp;uielem_islocked=0&amp;uielem_zoom=60&amp;uielem_brightness=0&amp;uielem_contrast=0&amp;uielem_isinverted=0&amp;uielem_rotate=F\">Fiches auxiliaires cadastrales<\/a>, Archives Municipales et Communautaires d&rsquo;Orl\u00e9ans \u2013 Rue du Onze Novembre. <\/li><li>Registre des naissance \u00e0 Orl\u00e9ans, ann\u00e9e 1887 &#8211; Vue 164 sur 286<\/li><li>Journal d&rsquo;Alice Lemesle<\/li><\/ul>\n\n\n\n<p>Auteur : Lydie Gascoin \u2013 et extraits du Journal d&rsquo;Alice Lemesle<\/p>\n","protected":false},"excerpt":{"rendered":"<p>Alice Lemesle est consid\u00e9r\u00e9e par beaucoup comme la grande bienfaitrice du quartier de l&rsquo;Argonne. N\u00e9e Alice Alphonsine Marie Gauthier le 27 avril 1887 \u00e0 Orl\u00e9ans de Alcide Edmond Gauthier et de Marie F\u00e9licie Haury habitant au 192 rue de la Fantaisie dans le Faubourg Saint Marc, elle passera toute sa vie dans sa maison au [&hellip;]<\/p>\n","protected":false},"author":1,"featured_media":0,"parent":6487,"menu_order":0,"comment_status":"closed","ping_status":"closed","template":"","meta":{"ngg_post_thumbnail":0,"footnotes":""},"class_list":["post-54","page","type-page","status-publish","hentry","entry"],"_links":{"self":[{"href":"https:\/\/amae.eu\/index.php\/wp-json\/wp\/v2\/pages\/54"}],"collection":[{"href":"https:\/\/amae.eu\/index.php\/wp-json\/wp\/v2\/pages"}],"about":[{"href":"https:\/\/amae.eu\/index.php\/wp-json\/wp\/v2\/types\/page"}],"author":[{"embeddable":true,"href":"https:\/\/amae.eu\/index.php\/wp-json\/wp\/v2\/users\/1"}],"replies":[{"embeddable":true,"href":"https:\/\/amae.eu\/index.php\/wp-json\/wp\/v2\/comments?post=54"}],"version-history":[{"count":1,"href":"https:\/\/amae.eu\/index.php\/wp-json\/wp\/v2\/pages\/54\/revisions"}],"predecessor-version":[{"id":55,"href":"https:\/\/amae.eu\/index.php\/wp-json\/wp\/v2\/pages\/54\/revisions\/55"}],"up":[{"embeddable":true,"href":"https:\/\/amae.eu\/index.php\/wp-json\/wp\/v2\/pages\/6487"}],"wp:attachment":[{"href":"https:\/\/amae.eu\/index.php\/wp-json\/wp\/v2\/media?parent=54"}],"curies":[{"name":"wp","href":"https:\/\/api.w.org\/{rel}","templated":true}]}}