{"id":57,"date":"2019-11-30T17:11:59","date_gmt":"2019-11-30T16:11:59","guid":{"rendered":"http:\/\/amae.eu\/?page_id=57"},"modified":"2023-05-20T18:02:06","modified_gmt":"2023-05-20T16:02:06","slug":"henri-lavedan","status":"publish","type":"page","link":"https:\/\/amae.eu\/index.php\/les-personnalites\/ecrivaines-ecrivains\/henri-lavedan\/","title":{"rendered":"Henri Lavedan"},"content":{"rendered":"\n<p>Article repris de <a href=\"https:\/\/fr.wikipedia.org\/wiki\/Henri_Lavedan\">Wikip\u00e9dia<\/a><\/p>\n\n\n\n<p><img decoding=\"async\" class=\"wp-image-1707\" style=\"width: 150px;\" src=\"http:\/\/www.pellerine-orleans.fr\/wp-content\/uploads\/2019\/11\/Lavedan_Henri-001.jpg\" alt=\"\"> Henri Lavedan par <a href=\"https:\/\/fr.wikipedia.org\/wiki\/Otto_Wegener\">Otto Wegener<\/a>. <\/p>\n\n\n\n<p>Fils du journaliste catholique L\u00e9on Lavedan, directeur du\nCorrespondant, Henri Lavedan commen\u00e7a ses \u00e9tudes au Petit s\u00e9minaire de La\nChapelle-Saint-Mesmin en 1867, alors dirig\u00e9 par Mgr Dupanloup, \u00e9v\u00eaque d&rsquo;Orl\u00e9ans.\nIl d\u00e9buta lui-m\u00eame comme journaliste, collaborant au Figaro, au Gil Blas ou \u00e0\nl&rsquo;\u00c9cho de Paris. Il donna de tr\u00e8s nombreux articles \u00e0 ces p\u00e9riodiques ainsi que\ndes contes et des dialogues sur la vie parisienne, dont beaucoup furent ensuite\nr\u00e9unis en volumes. L&rsquo;un d&rsquo;eux, la Haute, raille les aristocrates, inaugurant\nune veine que Lavedan allait ensuite exploiter largement sur la sc\u00e8ne.<\/p>\n\n\n\n<p>En 1890, il se tourna vers le th\u00e9\u00e2tre en donnant avec succ\u00e8s\n\u00e0 la Com\u00e9die-Fran\u00e7aise Une famille. En 1892, Le Prince d&rsquo;Aurec (plus tard\nrebaptis\u00e9 Les Descendants), fut refus\u00e9 par Jules Claretie \u00e0 la\nCom\u00e9die-Fran\u00e7aise mais applaudi au Th\u00e9\u00e2tre du Vaudeville o\u00f9 il eut plus de cent\nrepr\u00e9sentations : l&rsquo;auteur y d\u00e9veloppe un de ses th\u00e8mes de pr\u00e9dilection, la\nsatire de la noblesse, accus\u00e9e de frayer avec la haute finance juive.<\/p>\n\n\n\n<p>Suivirent de nombreuses com\u00e9dies brillantes et spirituelles\n: les Deux noblesses (1894), Catherine (1897), Le nouveau jeu (1898), Le Vieux\nmarcheur (1899), Le Marquis de Priola (1902), tentative de transposition du\nmythe de Don Juan \u00e0 l&rsquo;\u00e9poque moderne, Varennes (1904) (en collaboration avec G.\nLenotre), Le bon temps (1906), L\u2019assassinat du duc de Guise (1908). Il triompha\navec le Duel (1905, Com\u00e9die-Fran\u00e7aise), p\u00e9n\u00e9trante \u00e9tude psychologique des\nrelations entre deux fr\u00e8res en m\u00eame temps qu&rsquo;appel \u00e0 l&rsquo;apaisement au moment des\nd\u00e9chirements induits par la loi de s\u00e9paration des \u00c9glises et de l&rsquo;\u00c9tat. Sa\npi\u00e8ce l\u2019Assassinat du duc de Guise (1908) fut la source d&rsquo;un film du m\u00eame nom,\nr\u00e9alis\u00e9 en 1908 par Andr\u00e9 Calmettes et Charles Le Bargy.<\/p>\n\n\n\n<p>Au moment de l&rsquo;affaire Dreyfus, il rejoignit le camp\nanti-dreyfusard et la Ligue de la patrie fran\u00e7aise, ligue anti-dreyfusarde\nmod\u00e9r\u00e9e. Son nom c\u00f4toie les peintres Edgar Degas et Auguste Renoir, les po\u00e8tes\nJos\u00e9-Maria de Heredia et Pierre Lou\u00ffs, le compositeur Vincent d&rsquo;Indy, etc.<\/p>\n\n\n\n<p>Apr\u00e8s la Premi\u00e8re Guerre mondiale, face \u00e0 la transformation\nprofonde de la soci\u00e9t\u00e9 d\u00e9crite dans ses com\u00e9dies, Lavedan choisit de cesser\nd&rsquo;\u00e9crire pour le th\u00e9\u00e2tre. Il publie une chronique romanesque en 7 volumes (Le\nChemin du Salut, 1920-1924), un essai historique sur Saint Vincent de Paul\n(Monsieur Vincent aum\u00f4nier des gal\u00e8res, 1928) et des m\u00e9moires (Avant l&rsquo;oubli)\nparus dans La Petite Illustration (1933-1938).<\/p>\n\n\n\n<p>Il fut \u00e9lu \u00e0 l&rsquo;Acad\u00e9mie fran\u00e7aise, le 8 d\u00e9cembre 1898, en remplacement d&rsquo;Henri Meilhac. En mars 1898 il se marie avec Mathilde Auguez, artiste lyrique, d&rsquo;o\u00f9 une fille Genevi\u00e8ve (1886-1906).<\/p>\n\n\n\n<iframe src=\"https:\/\/www.google.com\/maps\/embed?pb=!4v1572794886815!6m8!1m7!1sWgxiKhD6JslSbbV8zlzeKw!2m2!1d47.90475458524202!2d1.92320052435463!3f176.048600566292!4f-2.097572800899144!5f0.7820865974627469\" style=\"border:0;\" allowfullscreen=\"\" width=\"600\" height=\"450\" frameborder=\"0\"><\/iframe>\n\n\n\n<p>Il est inhum\u00e9 au cimeti\u00e8re du P\u00e8re-Lachaise (19e division).<\/p>\n\n\n\n<p>A Orl\u00e9ans, une rue du quartier Est d&rsquo;Orl\u00e9ans porte son nom,\nentre la rue Saint Marc et la rue du Faubourg de Bourgogne.<\/p>\n\n\n<p><!--EndFragment--><br>\n<br>\n<\/p>","protected":false},"excerpt":{"rendered":"<p>Article repris de Wikip\u00e9dia Henri Lavedan par Otto Wegener. Fils du journaliste catholique L\u00e9on Lavedan, directeur du Correspondant, Henri Lavedan commen\u00e7a ses \u00e9tudes au Petit s\u00e9minaire de La Chapelle-Saint-Mesmin en 1867, alors dirig\u00e9 par Mgr Dupanloup, \u00e9v\u00eaque d&rsquo;Orl\u00e9ans. Il d\u00e9buta lui-m\u00eame comme journaliste, collaborant au Figaro, au Gil Blas ou \u00e0 l&rsquo;\u00c9cho de Paris. Il [&hellip;]<\/p>\n","protected":false},"author":1,"featured_media":0,"parent":6491,"menu_order":0,"comment_status":"closed","ping_status":"closed","template":"","meta":{"ngg_post_thumbnail":0,"footnotes":""},"class_list":["post-57","page","type-page","status-publish","hentry","entry"],"_links":{"self":[{"href":"https:\/\/amae.eu\/index.php\/wp-json\/wp\/v2\/pages\/57"}],"collection":[{"href":"https:\/\/amae.eu\/index.php\/wp-json\/wp\/v2\/pages"}],"about":[{"href":"https:\/\/amae.eu\/index.php\/wp-json\/wp\/v2\/types\/page"}],"author":[{"embeddable":true,"href":"https:\/\/amae.eu\/index.php\/wp-json\/wp\/v2\/users\/1"}],"replies":[{"embeddable":true,"href":"https:\/\/amae.eu\/index.php\/wp-json\/wp\/v2\/comments?post=57"}],"version-history":[{"count":1,"href":"https:\/\/amae.eu\/index.php\/wp-json\/wp\/v2\/pages\/57\/revisions"}],"predecessor-version":[{"id":58,"href":"https:\/\/amae.eu\/index.php\/wp-json\/wp\/v2\/pages\/57\/revisions\/58"}],"up":[{"embeddable":true,"href":"https:\/\/amae.eu\/index.php\/wp-json\/wp\/v2\/pages\/6491"}],"wp:attachment":[{"href":"https:\/\/amae.eu\/index.php\/wp-json\/wp\/v2\/media?parent=57"}],"curies":[{"name":"wp","href":"https:\/\/api.w.org\/{rel}","templated":true}]}}