{"id":6385,"date":"2023-02-04T16:59:57","date_gmt":"2023-02-04T15:59:57","guid":{"rendered":"https:\/\/amae.eu\/?page_id=6385"},"modified":"2023-06-02T13:38:30","modified_gmt":"2023-06-02T11:38:30","slug":"41-rue-de-bellebat-le-reveil-de-bellebat","status":"publish","type":"page","link":"https:\/\/amae.eu\/index.php\/anciens-commerces\/rue-de-bellebat\/41-rue-de-bellebat-le-reveil-de-bellebat\/","title":{"rendered":"41 rue de Bellebat &#8211; Le R\u00e9veil du Bellebat"},"content":{"rendered":"\n<p>A l&rsquo;angle de la Venelle Doublet se tient un lieu mythique du quartier qui a largement particip\u00e9 \u00e0 son animation : Le R\u00e9veil du Bellebat. La premi\u00e8re activit\u00e9 a \u00e9t\u00e9 celle d&rsquo;un cabaret-\u00e9picerie tenu successivement par Germain Lempereur-S\u00e9vin (1896-1897), Th\u00e9ophile Doubard (1897-1898), Angebert Parnault (1898-1902) et Jean-Joseph Houdr\u00e9 (1902-1904). Le propri\u00e9taire du b\u00e2timent \u00e9tait alors Eug\u00e8ne-Sylvain Jabrillat. Il vend ensuite le b\u00e2timent et le fonds de commerce \u00e0 Emmanuel Moreau qui poursuit l&rsquo;activit\u00e9 de cabaret-\u00e9picerie de 1904 \u00e0 1914. Sa femme, Louise Moreau n\u00e9e Beaujouan, prend la succession de 1914 \u00e0 1943. Elle c\u00e8de ensuite le fonds de commerce \u00e0 Hippolyte Montereau qui conserve l&rsquo;activit\u00e9 de cabaret-\u00e9picerie jusqu&rsquo;en 1947. A partir de 1947, c&rsquo;est Germain Beauvallet qui reprend l&rsquo;activit\u00e9 du bar-\u00e9picerie \u00ab\u00a0Le R\u00e9veil du Bellebat\u00a0\u00bb. Le propri\u00e9taire des lieux est alors Patrice Durand-<a>Goudet<\/a>. Les lieux deviennent ensuite un bar \u00e0 h\u00f4tesses avant d&rsquo;\u00eatre transform\u00e9s, dans les ann\u00e9es 2017-2018, en logements <a>locatifs<\/a>.<\/p>\n\n\n<div class=\"wp-block-image\">\n<figure class=\"aligncenter size-full\"><img fetchpriority=\"high\" decoding=\"async\" width=\"401\" height=\"300\" src=\"https:\/\/amae.eu\/wp-content\/uploads\/2023\/03\/image-33.png\" alt=\"\" class=\"wp-image-6956\" srcset=\"https:\/\/amae.eu\/wp-content\/uploads\/2023\/03\/image-33.png 401w, https:\/\/amae.eu\/wp-content\/uploads\/2023\/03\/image-33-300x224.png 300w\" sizes=\"(max-width: 401px) 100vw, 401px\" \/><figcaption>L&rsquo;int\u00e9rieur du R\u00e9veil du Bellebat en 2009.<\/figcaption><\/figure><\/div>\n\n\n<figure class=\"wp-block-image size-large\"><img decoding=\"async\" width=\"1024\" height=\"201\" src=\"http:\/\/amae.eu\/wp-content\/uploads\/2023\/05\/Reveil-du-Bellebat-1024x201.png\" alt=\"\" class=\"wp-image-7535\" srcset=\"https:\/\/amae.eu\/wp-content\/uploads\/2023\/05\/Reveil-du-Bellebat-1024x201.png 1024w, https:\/\/amae.eu\/wp-content\/uploads\/2023\/05\/Reveil-du-Bellebat-300x59.png 300w, https:\/\/amae.eu\/wp-content\/uploads\/2023\/05\/Reveil-du-Bellebat-768x151.png 768w, https:\/\/amae.eu\/wp-content\/uploads\/2023\/05\/Reveil-du-Bellebat-1536x302.png 1536w, https:\/\/amae.eu\/wp-content\/uploads\/2023\/05\/Reveil-du-Bellebat-2048x403.png 2048w\" sizes=\"(max-width: 1024px) 100vw, 1024px\" \/><figcaption>L&rsquo;enseigne du R\u00e9veil du Bellebat<\/figcaption><\/figure>\n\n\n\n<p>Sources : <\/p>\n\n\n\n<ul class=\"wp-block-list\"><li>Archives Municipales et Communautaires d&rsquo;Orl\u00e9ans M\u00e9tropole &#8211; Fiches auxiliaires cadastrales &#8211; 4 G 784<\/li><li><a rel=\"noreferrer noopener\" href=\"https:\/\/lereveildebellebat.skyrock.com\/1.html\" target=\"_blank\">https:\/\/lereveildebellebat.skyrock.com\/1.htm<\/a><\/li><\/ul>\n\n\n\n<hr class=\"wp-block-separator has-alpha-channel-opacity\"\/>\n","protected":false},"excerpt":{"rendered":"<p>A l&rsquo;angle de la Venelle Doublet se tient un lieu mythique du quartier qui a largement particip\u00e9 \u00e0 son animation : Le R\u00e9veil du Bellebat. La premi\u00e8re activit\u00e9 a \u00e9t\u00e9 celle d&rsquo;un cabaret-\u00e9picerie tenu successivement par Germain Lempereur-S\u00e9vin (1896-1897), Th\u00e9ophile Doubard (1897-1898), Angebert Parnault (1898-1902) et Jean-Joseph Houdr\u00e9 (1902-1904). Le propri\u00e9taire du b\u00e2timent \u00e9tait alors [&hellip;]<\/p>\n","protected":false},"author":1,"featured_media":0,"parent":6500,"menu_order":0,"comment_status":"closed","ping_status":"closed","template":"","meta":{"ngg_post_thumbnail":0,"footnotes":""},"class_list":["post-6385","page","type-page","status-publish","hentry","entry"],"_links":{"self":[{"href":"https:\/\/amae.eu\/index.php\/wp-json\/wp\/v2\/pages\/6385"}],"collection":[{"href":"https:\/\/amae.eu\/index.php\/wp-json\/wp\/v2\/pages"}],"about":[{"href":"https:\/\/amae.eu\/index.php\/wp-json\/wp\/v2\/types\/page"}],"author":[{"embeddable":true,"href":"https:\/\/amae.eu\/index.php\/wp-json\/wp\/v2\/users\/1"}],"replies":[{"embeddable":true,"href":"https:\/\/amae.eu\/index.php\/wp-json\/wp\/v2\/comments?post=6385"}],"version-history":[{"count":5,"href":"https:\/\/amae.eu\/index.php\/wp-json\/wp\/v2\/pages\/6385\/revisions"}],"predecessor-version":[{"id":7658,"href":"https:\/\/amae.eu\/index.php\/wp-json\/wp\/v2\/pages\/6385\/revisions\/7658"}],"up":[{"embeddable":true,"href":"https:\/\/amae.eu\/index.php\/wp-json\/wp\/v2\/pages\/6500"}],"wp:attachment":[{"href":"https:\/\/amae.eu\/index.php\/wp-json\/wp\/v2\/media?parent=6385"}],"curies":[{"name":"wp","href":"https:\/\/api.w.org\/{rel}","templated":true}]}}