{"id":6398,"date":"2023-02-04T17:57:36","date_gmt":"2023-02-04T16:57:36","guid":{"rendered":"https:\/\/amae.eu\/?page_id=6398"},"modified":"2023-02-04T18:19:30","modified_gmt":"2023-02-04T17:19:30","slug":"la-rue-croix-pechee","status":"publish","type":"page","link":"https:\/\/amae.eu\/index.php\/les-rues-du-quartier\/la-rue-croix-pechee\/","title":{"rendered":"La rue Croix P\u00each\u00e9e"},"content":{"rendered":"\n<p>Quelques anecdotes sur cette rue :<\/p>\n\n\n\n<ul class=\"wp-block-list\"><li>Dans les d\u00e9lib\u00e9rations du Conseil Municipal du 5 ao\u00fbt 1873, on peut lire la demande de M Sanglier sur l\u2019assainissement dans le rue Croix P\u00e9ch\u00e9e : \u00ab&nbsp;L\u2019esp\u00e8ce de foss\u00e9 qui la traverse r\u00e9pand, surtout pendant les chaleurs, des exhalaisons f\u00e9tides et il serait bon de rem\u00e9dier \u00e0 cet \u00e9tat de choses qui pr\u00e9sente des inconv\u00e9nients pour la salubrit\u00e9 publique.&nbsp;\u00bb<\/li><li>Dans le Journal du Loiret du 14 janvier 1858 on apprend que Mr Mo\u00efse, fabricant de f\u00e9cule, rue de Croix-P\u00each\u00e9e, faubourg Bourgogne, pr\u00e9vient qu\u2019il re\u00e7oit et ach\u00e8te toujours les pommes-de-terre.<\/li><\/ul>\n\n\n\n<figure class=\"wp-block-image\"><img decoding=\"async\" width=\"435\" height=\"58\" src=\"http:\/\/amae.eu\/wp-content\/uploads\/2019\/12\/image-23.png\" alt=\"\" class=\"wp-image-927\" srcset=\"https:\/\/amae.eu\/wp-content\/uploads\/2019\/12\/image-23.png 435w, https:\/\/amae.eu\/wp-content\/uploads\/2019\/12\/image-23-300x40.png 300w\" sizes=\"(max-width: 435px) 100vw, 435px\" \/><\/figure>\n\n\n\n<p>Mais pourquoi \u00ab\u00a0rue Croix-P\u00each\u00e9e\u00a0\u00bb ? L\u2019origine du nom proviendrait d\u2019une croix, trouv\u00e9e par des mariniers de Loire et qui se dressait \u00e0 l\u2019extr\u00e9mit\u00e9 de la rue de l\u2019Abreuvoir.<\/p>\n\n\n\n<p>R\u00e9f\u00e9rences :<\/p>\n\n\n\n<ul class=\"wp-block-list\"><li>Archives Municipales d&rsquo;Orl\u00e9ans : Conseil municipal. <a href=\"https:\/\/amae.eu\/wp-admin\/archives.orleans-metropole.fr\/arkotheque\/visionneuse\/visionneuse.php?arko=YTo2OntzOjEwOiJ0eXBlX2ZvbmRzIjtzOjExOiJmYWNldHRlc19lcyI7czo0OiJyZWYxIjtpOjE7czo0OiJyZWYyIjtzOjQyOiIyX2QvMWQvYWM0NTIzNF8xZDA2MC9hYzQ1MjM0XzFkMDYwXzA3Ni5qcGciO3M6NDoicmVmMyI7czoxOiI0IjtzOjk6InNvcnRBcnJheSI7YTozOntpOjA7aToxODczO2k6MTtkOjguNjU4MTE3MDAwMDAwMDAwNztpOjI7czo2NDoiY29uc2VpbC1tdW5pY2lwYWwtb2NyIzJfZC8xZC9hYzQ1MjM0XzFkMDYwL2FjNDUyMzRfMWQwNjBfMDc2LmpwZyI7fXM6MTA6InBvc19kZXBhcnQiO2k6NzU7fQ%3D%3D&amp;altoInput=croix%20p\u00e9ch\u00e9e#uielem_move=-333%2C-1509&amp;uielem_islocked=0&amp;uielem_zoom=288&amp;uielem_brightness=0&amp;uielem_contrast=0&amp;uielem_isinverted=0&amp;uielem_rotate=F\">D\u00e9lib\u00e9rations du 7 janvier 1873 au 20 d\u00e9cembre 1873<\/a> &#8211; 1D60<\/li><li>Annonces, affiches, nouvelles et avis divers de l\u00b4Orl\u00e9anais 09-01-1775\u00a0 Source\u00a0: E5127 (1773,1774,1775) <a href=\"http:\/\/aurelia.orleans.fr\/wrap\/img-viewer\/1750_1780\/452346101_1775\/452346101_17750901100605\/jpeg-100605\/iipviewer.html?base=mets&amp;vcontext=mets&amp;ns=10000001.jpg\">http:\/\/aurelia.orleans.fr\/<\/a><\/li><\/ul>\n","protected":false},"excerpt":{"rendered":"<p>Quelques anecdotes sur cette rue : Dans les d\u00e9lib\u00e9rations du Conseil Municipal du 5 ao\u00fbt 1873, on peut lire la demande de M Sanglier sur l\u2019assainissement dans le rue Croix P\u00e9ch\u00e9e : \u00ab&nbsp;L\u2019esp\u00e8ce de foss\u00e9 qui la traverse r\u00e9pand, surtout pendant les chaleurs, des exhalaisons f\u00e9tides et il serait bon de rem\u00e9dier \u00e0 cet \u00e9tat [&hellip;]<\/p>\n","protected":false},"author":1,"featured_media":0,"parent":6400,"menu_order":0,"comment_status":"closed","ping_status":"closed","template":"","meta":{"ngg_post_thumbnail":0,"footnotes":""},"class_list":["post-6398","page","type-page","status-publish","hentry","entry"],"_links":{"self":[{"href":"https:\/\/amae.eu\/index.php\/wp-json\/wp\/v2\/pages\/6398"}],"collection":[{"href":"https:\/\/amae.eu\/index.php\/wp-json\/wp\/v2\/pages"}],"about":[{"href":"https:\/\/amae.eu\/index.php\/wp-json\/wp\/v2\/types\/page"}],"author":[{"embeddable":true,"href":"https:\/\/amae.eu\/index.php\/wp-json\/wp\/v2\/users\/1"}],"replies":[{"embeddable":true,"href":"https:\/\/amae.eu\/index.php\/wp-json\/wp\/v2\/comments?post=6398"}],"version-history":[{"count":2,"href":"https:\/\/amae.eu\/index.php\/wp-json\/wp\/v2\/pages\/6398\/revisions"}],"predecessor-version":[{"id":6410,"href":"https:\/\/amae.eu\/index.php\/wp-json\/wp\/v2\/pages\/6398\/revisions\/6410"}],"up":[{"embeddable":true,"href":"https:\/\/amae.eu\/index.php\/wp-json\/wp\/v2\/pages\/6400"}],"wp:attachment":[{"href":"https:\/\/amae.eu\/index.php\/wp-json\/wp\/v2\/media?parent=6398"}],"curies":[{"name":"wp","href":"https:\/\/api.w.org\/{rel}","templated":true}]}}