{"id":6405,"date":"2023-02-04T18:03:04","date_gmt":"2023-02-04T17:03:04","guid":{"rendered":"https:\/\/amae.eu\/?page_id=6405"},"modified":"2023-02-08T10:12:29","modified_gmt":"2023-02-08T09:12:29","slug":"lamphitheatre-antique","status":"publish","type":"page","link":"https:\/\/amae.eu\/index.php\/les-batiments-remarquables\/lamphitheatre-antique\/","title":{"rendered":"L\u2019Amphith\u00e9\u00e2tre antique"},"content":{"rendered":"\n<p>Ce qui reste de l&rsquo;amphith\u00e9\u00e2tre antique c&rsquo;est une courbe, celle en arc de cercle de la rue de l\u2019Abreuvoir qui limite la parcelle \u00e0 l\u2019ouest. D\u2019apr\u00e8s l\u2019INRAP, cette courbe correspond au mur de pr\u00e9cinctions qui supportait les gradins (ou <em>cavea<\/em>) du th\u00e9\u00e2tre antique \u00e9rig\u00e9 d\u2019abord en bois au I<sup>er<\/sup> si\u00e8cle puis en pierre au II<sup>\u00e8me<\/sup> si\u00e8cle.<\/p>\n\n\n\n<figure class=\"wp-block-image\"><img fetchpriority=\"high\" decoding=\"async\" width=\"435\" height=\"278\" src=\"http:\/\/amae.eu\/wp-content\/uploads\/2019\/12\/image-22.png\" alt=\"\" class=\"wp-image-928\" srcset=\"https:\/\/amae.eu\/wp-content\/uploads\/2019\/12\/image-22.png 435w, https:\/\/amae.eu\/wp-content\/uploads\/2019\/12\/image-22-300x192.png 300w\" sizes=\"(max-width: 435px) 100vw, 435px\" \/><figcaption>Localisation et plan du th\u00e9\u00e2tre antique (d\u00e9sign\u00e9 comme \u00ab&nbsp;Restes d\u2019un Cirque Romain&nbsp;\u00bb) d\u2019apr\u00e8s des relev\u00e9s du XIX<sup>e<\/sup> si\u00e8cle, par Charles Pens\u00e9e, 1836.&nbsp;\u00a9 INRAP<\/figcaption><\/figure>\n","protected":false},"excerpt":{"rendered":"<p>Ce qui reste de l&rsquo;amphith\u00e9\u00e2tre antique c&rsquo;est une courbe, celle en arc de cercle de la rue de l\u2019Abreuvoir qui limite la parcelle \u00e0 l\u2019ouest. D\u2019apr\u00e8s l\u2019INRAP, cette courbe correspond au mur de pr\u00e9cinctions qui supportait les gradins (ou cavea) du th\u00e9\u00e2tre antique \u00e9rig\u00e9 d\u2019abord en bois au Ier si\u00e8cle puis en pierre au II\u00e8me [&hellip;]<\/p>\n","protected":false},"author":1,"featured_media":0,"parent":18,"menu_order":0,"comment_status":"closed","ping_status":"closed","template":"","meta":{"ngg_post_thumbnail":0,"footnotes":""},"class_list":["post-6405","page","type-page","status-publish","hentry","entry"],"_links":{"self":[{"href":"https:\/\/amae.eu\/index.php\/wp-json\/wp\/v2\/pages\/6405"}],"collection":[{"href":"https:\/\/amae.eu\/index.php\/wp-json\/wp\/v2\/pages"}],"about":[{"href":"https:\/\/amae.eu\/index.php\/wp-json\/wp\/v2\/types\/page"}],"author":[{"embeddable":true,"href":"https:\/\/amae.eu\/index.php\/wp-json\/wp\/v2\/users\/1"}],"replies":[{"embeddable":true,"href":"https:\/\/amae.eu\/index.php\/wp-json\/wp\/v2\/comments?post=6405"}],"version-history":[{"count":2,"href":"https:\/\/amae.eu\/index.php\/wp-json\/wp\/v2\/pages\/6405\/revisions"}],"predecessor-version":[{"id":6515,"href":"https:\/\/amae.eu\/index.php\/wp-json\/wp\/v2\/pages\/6405\/revisions\/6515"}],"up":[{"embeddable":true,"href":"https:\/\/amae.eu\/index.php\/wp-json\/wp\/v2\/pages\/18"}],"wp:attachment":[{"href":"https:\/\/amae.eu\/index.php\/wp-json\/wp\/v2\/media?parent=6405"}],"curies":[{"name":"wp","href":"https:\/\/api.w.org\/{rel}","templated":true}]}}