{"id":6412,"date":"2023-02-04T19:08:55","date_gmt":"2023-02-04T18:08:55","guid":{"rendered":"http:\/\/amae.eu\/?page_id=6412"},"modified":"2023-08-01T16:07:48","modified_gmt":"2023-08-01T14:07:48","slug":"jeanne-jugan","status":"publish","type":"page","link":"https:\/\/amae.eu\/index.php\/les-personnalites\/bienfaitrices-bienfaiteurs\/jeanne-jugan\/","title":{"rendered":"Jeanne Jugan"},"content":{"rendered":"\n<p>Jeanne Jugan est n\u00e9e en 1792 \u00e0 Cancale dans une famille de marins. Elle n\u2019a que 6 ans lorsque son p\u00e8re disparait en mer. A l\u2019\u00e2ge de 16 ans, Jeanne est engag\u00e9e comme aide cuisini\u00e8re dans un manoir proche de Cancale. A 25 ans, elle travaille \u00e0 l\u2019h\u00f4pital du Rosais comme aide-infirmi\u00e8re. En 1839, elle commence \u00e0 accueillir dans sa maison,&nbsp; des femmes \u00e2g\u00e9es, pauvres, d\u00e9laiss\u00e9e et malades, ce qui la conduit \u00e0 la fondation de La Congr\u00e9gation des Petites S\u0153urs des Pauvres qui se r\u00e9pand bient\u00f4t partout dans le monde. Elle devient S\u0153ur Marie de la Croix. A sa mort, en 1879, 4000 petites s\u0153urs de pauvres sont pr\u00e9sentes dans dix pays. Elle est b\u00e9atifi\u00e9e par Saint-Jean-Paul II en 1982 et canonis\u00e9e par le pape Benoit XVI en 2009. A Orl\u00e9ans, une voie qui relie la rue Bell\u00e9bat \u00e0 l\u2019avenue Jean Zay porte le nom de Jeanne Jugan. Et dans cette m\u00eame rue Bell\u00e9bat, se situe <a href=\"https:\/\/amae.eu\/index.php\/les-batiments-remarquables\/maison-des-petites-soeurs-des-pauvres\/\">Ma Maison des Petites S\u0153urs des Pauvres.<\/a> La r\u00e9sidence accueille une cinquantaine de personnes \u00e2g\u00e9es en Ehpad et une vingtaine en foyer-logements. De nombreuses repr\u00e9sentations de Jeanne Jugan sont visibles dans l\u2019\u00e9tablissement orl\u00e9anais. En particulier, une peinture, reproduction d\u2019une \u0153uvre de L\u00e9on Brune de 1885 et un triptyque sign\u00e9 Dina Belotti, datant de 1982.<\/p>\n\n\n\n<figure class=\"wp-block-image size-large\"><img fetchpriority=\"high\" decoding=\"async\" width=\"1024\" height=\"682\" src=\"https:\/\/amae.eu\/wp-content\/uploads\/2023\/04\/Jeanne-Jugan-Dina-Belotti-1982-1024x682.jpg\" alt=\"\" class=\"wp-image-7199\" srcset=\"https:\/\/amae.eu\/wp-content\/uploads\/2023\/04\/Jeanne-Jugan-Dina-Belotti-1982-1024x682.jpg 1024w, https:\/\/amae.eu\/wp-content\/uploads\/2023\/04\/Jeanne-Jugan-Dina-Belotti-1982-300x200.jpg 300w, https:\/\/amae.eu\/wp-content\/uploads\/2023\/04\/Jeanne-Jugan-Dina-Belotti-1982-768x512.jpg 768w, https:\/\/amae.eu\/wp-content\/uploads\/2023\/04\/Jeanne-Jugan-Dina-Belotti-1982-1536x1024.jpg 1536w, https:\/\/amae.eu\/wp-content\/uploads\/2023\/04\/Jeanne-Jugan-Dina-Belotti-1982.jpg 1637w\" sizes=\"(max-width: 1024px) 100vw, 1024px\" \/><figcaption>Jeanne Jugan par Dina Belotti, 1982<\/figcaption><\/figure>\n\n\n\n<figure class=\"wp-block-image size-large\"><img decoding=\"async\" width=\"819\" height=\"1024\" src=\"https:\/\/amae.eu\/wp-content\/uploads\/2023\/04\/Jeanne-Jugan-Leon-Brune-1885-819x1024.jpg\" alt=\"\" class=\"wp-image-7201\" srcset=\"https:\/\/amae.eu\/wp-content\/uploads\/2023\/04\/Jeanne-Jugan-Leon-Brune-1885-819x1024.jpg 819w, https:\/\/amae.eu\/wp-content\/uploads\/2023\/04\/Jeanne-Jugan-Leon-Brune-1885-240x300.jpg 240w, https:\/\/amae.eu\/wp-content\/uploads\/2023\/04\/Jeanne-Jugan-Leon-Brune-1885-768x960.jpg 768w, https:\/\/amae.eu\/wp-content\/uploads\/2023\/04\/Jeanne-Jugan-Leon-Brune-1885-1229x1536.jpg 1229w, https:\/\/amae.eu\/wp-content\/uploads\/2023\/04\/Jeanne-Jugan-Leon-Brune-1885-1638x2048.jpg 1638w, https:\/\/amae.eu\/wp-content\/uploads\/2023\/04\/Jeanne-Jugan-Leon-Brune-1885-scaled.jpg 2048w\" sizes=\"(max-width: 819px) 100vw, 819px\" \/><figcaption>Jeanne Jugan par L\u00e9on Brune, 1885<\/figcaption><\/figure>\n\n\n\n<p>Source&nbsp;: <a href=\"http:\/\/reflexionchretienne.e-monsite.com\/pages\/vie-des-saints\/aout\/sainte-marie-de-la-croix-jeanne-jugan-fondatrice-des-petites-s-urs-des-pauvres-1792-1879-fete-le-29-aout.html\">http:\/\/reflexionchretienne.e-monsite.com\/pages\/vie-des-saints\/aout\/sainte-marie-de-la-croix-jeanne-jugan-fondatrice-des-petites-s-urs-des-pauvres-1792-1879-fete-le-29-aout.html<\/a><\/p>\n","protected":false},"excerpt":{"rendered":"<p>Jeanne Jugan est n\u00e9e en 1792 \u00e0 Cancale dans une famille de marins. Elle n\u2019a que 6 ans lorsque son p\u00e8re disparait en mer. A l\u2019\u00e2ge de 16 ans, Jeanne est engag\u00e9e comme aide cuisini\u00e8re dans un manoir proche de Cancale. A 25 ans, elle travaille \u00e0 l\u2019h\u00f4pital du Rosais comme aide-infirmi\u00e8re. En 1839, elle [&hellip;]<\/p>\n","protected":false},"author":1,"featured_media":0,"parent":6487,"menu_order":0,"comment_status":"closed","ping_status":"closed","template":"","meta":{"ngg_post_thumbnail":0,"footnotes":""},"class_list":["post-6412","page","type-page","status-publish","hentry","entry"],"_links":{"self":[{"href":"https:\/\/amae.eu\/index.php\/wp-json\/wp\/v2\/pages\/6412"}],"collection":[{"href":"https:\/\/amae.eu\/index.php\/wp-json\/wp\/v2\/pages"}],"about":[{"href":"https:\/\/amae.eu\/index.php\/wp-json\/wp\/v2\/types\/page"}],"author":[{"embeddable":true,"href":"https:\/\/amae.eu\/index.php\/wp-json\/wp\/v2\/users\/1"}],"replies":[{"embeddable":true,"href":"https:\/\/amae.eu\/index.php\/wp-json\/wp\/v2\/comments?post=6412"}],"version-history":[{"count":4,"href":"https:\/\/amae.eu\/index.php\/wp-json\/wp\/v2\/pages\/6412\/revisions"}],"predecessor-version":[{"id":7957,"href":"https:\/\/amae.eu\/index.php\/wp-json\/wp\/v2\/pages\/6412\/revisions\/7957"}],"up":[{"embeddable":true,"href":"https:\/\/amae.eu\/index.php\/wp-json\/wp\/v2\/pages\/6487"}],"wp:attachment":[{"href":"https:\/\/amae.eu\/index.php\/wp-json\/wp\/v2\/media?parent=6412"}],"curies":[{"name":"wp","href":"https:\/\/api.w.org\/{rel}","templated":true}]}}