{"id":6421,"date":"2023-02-04T19:43:37","date_gmt":"2023-02-04T18:43:37","guid":{"rendered":"http:\/\/amae.eu\/?page_id=6421"},"modified":"2023-06-02T16:13:15","modified_gmt":"2023-06-02T14:13:15","slug":"la-cite-de-lagriculture","status":"publish","type":"page","link":"https:\/\/amae.eu\/index.php\/les-batiments-remarquables\/la-cite-de-lagriculture\/","title":{"rendered":"la Cit\u00e9 de l\u2019Agriculture"},"content":{"rendered":"\n<p>Ce b\u00e2timent de 200 m de long regroupe l&rsquo;ensemble des services ayant trait au domaine agricole du d\u00e9partement du Loiret. Le Loiret est producteur d&rsquo;une large gamme de produits agricoles : arboriculture, c\u00e9r\u00e9ales, betteraves, viticulture, etc. La symbolique du tonneau pr\u00e8s du rond-point repr\u00e9sente le pass\u00e9 viticole du quartier Est d&rsquo;Orl\u00e9ans.<\/p>\n","protected":false},"excerpt":{"rendered":"<p>Ce b\u00e2timent de 200 m de long regroupe l&rsquo;ensemble des services ayant trait au domaine agricole du d\u00e9partement du Loiret. Le Loiret est producteur d&rsquo;une large gamme de produits agricoles : arboriculture, c\u00e9r\u00e9ales, betteraves, viticulture, etc. La symbolique du tonneau pr\u00e8s du rond-point repr\u00e9sente le pass\u00e9 viticole du quartier Est d&rsquo;Orl\u00e9ans.<\/p>\n","protected":false},"author":1,"featured_media":0,"parent":18,"menu_order":0,"comment_status":"closed","ping_status":"closed","template":"","meta":{"ngg_post_thumbnail":0,"footnotes":""},"class_list":["post-6421","page","type-page","status-publish","hentry","entry"],"_links":{"self":[{"href":"https:\/\/amae.eu\/index.php\/wp-json\/wp\/v2\/pages\/6421"}],"collection":[{"href":"https:\/\/amae.eu\/index.php\/wp-json\/wp\/v2\/pages"}],"about":[{"href":"https:\/\/amae.eu\/index.php\/wp-json\/wp\/v2\/types\/page"}],"author":[{"embeddable":true,"href":"https:\/\/amae.eu\/index.php\/wp-json\/wp\/v2\/users\/1"}],"replies":[{"embeddable":true,"href":"https:\/\/amae.eu\/index.php\/wp-json\/wp\/v2\/comments?post=6421"}],"version-history":[{"count":2,"href":"https:\/\/amae.eu\/index.php\/wp-json\/wp\/v2\/pages\/6421\/revisions"}],"predecessor-version":[{"id":7681,"href":"https:\/\/amae.eu\/index.php\/wp-json\/wp\/v2\/pages\/6421\/revisions\/7681"}],"up":[{"embeddable":true,"href":"https:\/\/amae.eu\/index.php\/wp-json\/wp\/v2\/pages\/18"}],"wp:attachment":[{"href":"https:\/\/amae.eu\/index.php\/wp-json\/wp\/v2\/media?parent=6421"}],"curies":[{"name":"wp","href":"https:\/\/api.w.org\/{rel}","templated":true}]}}