{"id":6441,"date":"2023-02-05T10:32:24","date_gmt":"2023-02-05T09:32:24","guid":{"rendered":"http:\/\/amae.eu\/?page_id=6441"},"modified":"2023-03-06T08:37:33","modified_gmt":"2023-03-06T07:37:33","slug":"madeleine-lambert","status":"publish","type":"page","link":"https:\/\/amae.eu\/index.php\/les-personnalites\/artistes\/madeleine-lambert\/","title":{"rendered":"Madeleine Lambert"},"content":{"rendered":"\n<div class=\"wp-block-columns is-layout-flex wp-container-core-columns-is-layout-1 wp-block-columns-is-layout-flex\">\n<div class=\"wp-block-column is-layout-flow wp-block-column-is-layout-flow\">\n<figure class=\"wp-block-image size-large is-resized\"><img fetchpriority=\"high\" decoding=\"async\" src=\"http:\/\/amae.eu\/wp-content\/uploads\/2023\/02\/Madeleine-Lambert300px-769x1024.jpg\" alt=\"\" class=\"wp-image-6442\" width=\"376\" height=\"499\" srcset=\"https:\/\/amae.eu\/wp-content\/uploads\/2023\/02\/Madeleine-Lambert300px-225x300.jpg 225w, https:\/\/amae.eu\/wp-content\/uploads\/2023\/02\/Madeleine-Lambert300px-768x1022.jpg 768w, https:\/\/amae.eu\/wp-content\/uploads\/2023\/02\/Madeleine-Lambert300px-1154x1536.jpg 1154w, https:\/\/amae.eu\/wp-content\/uploads\/2023\/02\/Madeleine-Lambert300px-1539x2048.jpg 1539w\" sizes=\"(max-width: 376px) 100vw, 376px\" \/><figcaption>Madeleine Lambert dans son atelier en 2021. Photo L. Lordet<\/figcaption><\/figure>\n<\/div>\n\n\n\n<div class=\"wp-block-column is-layout-flow wp-block-column-is-layout-flow\">\n<p>N\u00e9e en 1924, \u00e0 Saint-Jean-de-Braye, Madeleine Lambert grandit dans une famille d\u2019enseignants. Tr\u00e8s t\u00f4t, elle affiche un go\u00fbt certain pour le dessin et la peinture. De 1941 \u00e0 1943, elle suit des cours de dessin et d\u2019architecture \u00e0 l\u2019Ecole des Beaux-Arts d\u2019Orl\u00e9ans. Madeleine Lambert r\u00e9v\u00e8le de r\u00e9elles dispositions pour l\u2019aquarelle qu\u2019elle pratique principalement en ext\u00e9rieur. Les paysages de Beauce, de Sologne et les bords de Loire sont ses principales sources d\u2019inspiration. Des lieux qu\u2019elle peint au fil des saisons pour en restituer l\u2019atmosph\u00e8re emprunt de lumi\u00e8res changeantes et de ciels charg\u00e9s.<\/p>\n\n\n\n<p>A la fin des ann\u00e9es 60, elle rejoint Le Grenier \u00e0&nbsp; Sel, un collectif d\u2019artistes orl\u00e9anais. Un peu plus tard, elle participe aux activit\u00e9s de la Soci\u00e9t\u00e9 Litt\u00e9raire et Artistique de l\u2019Orl\u00e9anais (SLAO). Dans les ann\u00e9es 80, elle devient adh\u00e9rente de la Soci\u00e9t\u00e9 des Artistes Orl\u00e9anais dont elle est, actuellement, membre d\u2019honneur. Ces diff\u00e9rentes collaborations lui permettent d\u2019affirmer son talent pour la peinture et de produire &nbsp;de nombreuses \u0153uvres sur papier et sur toile. Son parcours est jalonn\u00e9 de rencontres et d\u2019amiti\u00e9s avec des artistes connus.<\/p>\n<\/div>\n<\/div>\n\n\n\n<p>Madeleine Lambert pr\u00e9sente ses \u0153uvres \u00e0 plusieurs reprises lors d\u2019expositions individuelles ou collectives, dans la r\u00e9gion Centre Val de Loire, au cours desquelles elle re\u00e7oit plusieurs prix et r\u00e9compenses. En 2012, au cours du salon des Artistes Orl\u00e9anais, elle expose, pour la derni\u00e8re fois, une peinture acrylique, de 60x40cm, intitul\u00e9e \u00ab\u00a0Les vieilles maisons\u00a0\u00bb. Depuis 1957, l\u2019artiste vit dans le quartier du faubourg de Bourgogne<\/p>\n","protected":false},"excerpt":{"rendered":"<p>N\u00e9e en 1924, \u00e0 Saint-Jean-de-Braye, Madeleine Lambert grandit dans une famille d\u2019enseignants. Tr\u00e8s t\u00f4t, elle affiche un go\u00fbt certain pour le dessin et la peinture. De 1941 \u00e0 1943, elle suit des cours de dessin et d\u2019architecture \u00e0 l\u2019Ecole des Beaux-Arts d\u2019Orl\u00e9ans. Madeleine Lambert r\u00e9v\u00e8le de r\u00e9elles dispositions pour l\u2019aquarelle qu\u2019elle pratique principalement en ext\u00e9rieur. [&hellip;]<\/p>\n","protected":false},"author":1,"featured_media":0,"parent":6485,"menu_order":0,"comment_status":"closed","ping_status":"closed","template":"","meta":{"ngg_post_thumbnail":0,"footnotes":""},"class_list":["post-6441","page","type-page","status-publish","hentry","entry"],"_links":{"self":[{"href":"https:\/\/amae.eu\/index.php\/wp-json\/wp\/v2\/pages\/6441"}],"collection":[{"href":"https:\/\/amae.eu\/index.php\/wp-json\/wp\/v2\/pages"}],"about":[{"href":"https:\/\/amae.eu\/index.php\/wp-json\/wp\/v2\/types\/page"}],"author":[{"embeddable":true,"href":"https:\/\/amae.eu\/index.php\/wp-json\/wp\/v2\/users\/1"}],"replies":[{"embeddable":true,"href":"https:\/\/amae.eu\/index.php\/wp-json\/wp\/v2\/comments?post=6441"}],"version-history":[{"count":3,"href":"https:\/\/amae.eu\/index.php\/wp-json\/wp\/v2\/pages\/6441\/revisions"}],"predecessor-version":[{"id":6710,"href":"https:\/\/amae.eu\/index.php\/wp-json\/wp\/v2\/pages\/6441\/revisions\/6710"}],"up":[{"embeddable":true,"href":"https:\/\/amae.eu\/index.php\/wp-json\/wp\/v2\/pages\/6485"}],"wp:attachment":[{"href":"https:\/\/amae.eu\/index.php\/wp-json\/wp\/v2\/media?parent=6441"}],"curies":[{"name":"wp","href":"https:\/\/api.w.org\/{rel}","templated":true}]}}