{"id":6463,"date":"2023-02-05T12:46:50","date_gmt":"2023-02-05T11:46:50","guid":{"rendered":"http:\/\/amae.eu\/?page_id=6463"},"modified":"2023-04-05T17:34:47","modified_gmt":"2023-04-05T15:34:47","slug":"gymnase-gaston-et-jacques-barthelemy","status":"publish","type":"page","link":"https:\/\/amae.eu\/index.php\/les-batiments-remarquables\/sport\/gymnase-gaston-et-jacques-barthelemy\/","title":{"rendered":"Gymnase Gaston et Jacques Barth\u00e9l\u00e9my"},"content":{"rendered":"\n<p>Le Gymnase Gaston et Jacques Barth\u00e9lemy, situ\u00e9 rue Jeanne Jugan \u00e0 Orl\u00e9ans, a \u00e9t\u00e9 mis en service en 2000. L\u2019\u00e9quipement dispose de deux salles d\u2019environ 1000m2 chacune o\u00f9 se pratiquent volley-ball, futsal, tennis, handball, badminton, basket-ball, et d\u2019une salle de tennis de table de 234m2, de vestiaires, douches, sanitaires et de parkings. Le gymnase est \u00e0 usage scolaire, des clubs, individuel ou familial, de comp\u00e9titions sportives, de formations sportives et de loisirs. Gaston et Jacques Barth\u00e9lemy, des passionn\u00e9s de sports, \u00e9taient les fils et petit-fils d\u2019Alfred Barth\u00e9lemy, cr\u00e9ateur des \u00ab\u00a0Caf\u00e9s Jeanne d\u2019Arc\u00a0\u00bb. Le magasin, bien connu des orl\u00e9anais, est implant\u00e9 rue de la R\u00e9publique depuis sa cr\u00e9ation en 1899. Il est toujours la propri\u00e9t\u00e9 de la m\u00eame famille.<\/p>\n\n\n\n<figure class=\"wp-block-image size-large\"><img fetchpriority=\"high\" decoding=\"async\" width=\"1024\" height=\"732\" src=\"https:\/\/amae.eu\/wp-content\/uploads\/2023\/04\/Gymnase-Barthelemy-mars-2023-1024x732.jpg\" alt=\"\" class=\"wp-image-7194\" srcset=\"https:\/\/amae.eu\/wp-content\/uploads\/2023\/04\/Gymnase-Barthelemy-mars-2023-1024x732.jpg 1024w, https:\/\/amae.eu\/wp-content\/uploads\/2023\/04\/Gymnase-Barthelemy-mars-2023-300x214.jpg 300w, https:\/\/amae.eu\/wp-content\/uploads\/2023\/04\/Gymnase-Barthelemy-mars-2023-768x549.jpg 768w, https:\/\/amae.eu\/wp-content\/uploads\/2023\/04\/Gymnase-Barthelemy-mars-2023-1536x1097.jpg 1536w, https:\/\/amae.eu\/wp-content\/uploads\/2023\/04\/Gymnase-Barthelemy-mars-2023.jpg 1954w\" sizes=\"(max-width: 1024px) 100vw, 1024px\" \/><figcaption>Gymnase Gaston et Jacques Barth\u00e9lemy, mars 2023. Photo Luc Lordet<\/figcaption><\/figure>\n\n\n\n<p>Sources&nbsp;: <a href=\"https:\/\/www.sportenfrance.fr\/centre\/loiret\/orleans\/452340035-gymnase-gaston-et-jacques-barthelemy\">https:\/\/www.sportenfrance.fr\/centre\/loiret\/orleans\/452340035-gymnase-gaston-et-jacques-barthelemy<\/a><\/p>\n\n\n\n<p>Photo&nbsp;: Gymnase Gaston et Jacques Barth\u00e9lemy, mars 2023<\/p>\n","protected":false},"excerpt":{"rendered":"<p>Le Gymnase Gaston et Jacques Barth\u00e9lemy, situ\u00e9 rue Jeanne Jugan \u00e0 Orl\u00e9ans, a \u00e9t\u00e9 mis en service en 2000. L\u2019\u00e9quipement dispose de deux salles d\u2019environ 1000m2 chacune o\u00f9 se pratiquent volley-ball, futsal, tennis, handball, badminton, basket-ball, et d\u2019une salle de tennis de table de 234m2, de vestiaires, douches, sanitaires et de parkings. Le gymnase est [&hellip;]<\/p>\n","protected":false},"author":1,"featured_media":0,"parent":6727,"menu_order":0,"comment_status":"closed","ping_status":"closed","template":"","meta":{"ngg_post_thumbnail":0,"footnotes":""},"class_list":["post-6463","page","type-page","status-publish","hentry","entry"],"_links":{"self":[{"href":"https:\/\/amae.eu\/index.php\/wp-json\/wp\/v2\/pages\/6463"}],"collection":[{"href":"https:\/\/amae.eu\/index.php\/wp-json\/wp\/v2\/pages"}],"about":[{"href":"https:\/\/amae.eu\/index.php\/wp-json\/wp\/v2\/types\/page"}],"author":[{"embeddable":true,"href":"https:\/\/amae.eu\/index.php\/wp-json\/wp\/v2\/users\/1"}],"replies":[{"embeddable":true,"href":"https:\/\/amae.eu\/index.php\/wp-json\/wp\/v2\/comments?post=6463"}],"version-history":[{"count":2,"href":"https:\/\/amae.eu\/index.php\/wp-json\/wp\/v2\/pages\/6463\/revisions"}],"predecessor-version":[{"id":7195,"href":"https:\/\/amae.eu\/index.php\/wp-json\/wp\/v2\/pages\/6463\/revisions\/7195"}],"up":[{"embeddable":true,"href":"https:\/\/amae.eu\/index.php\/wp-json\/wp\/v2\/pages\/6727"}],"wp:attachment":[{"href":"https:\/\/amae.eu\/index.php\/wp-json\/wp\/v2\/media?parent=6463"}],"curies":[{"name":"wp","href":"https:\/\/api.w.org\/{rel}","templated":true}]}}