{"id":6698,"date":"2023-03-05T19:58:55","date_gmt":"2023-03-05T18:58:55","guid":{"rendered":"https:\/\/amae.eu\/?page_id=6698"},"modified":"2023-05-24T09:45:03","modified_gmt":"2023-05-24T07:45:03","slug":"christian-pheline","status":"publish","type":"page","link":"https:\/\/amae.eu\/index.php\/les-personnalites\/artistes\/christian-pheline\/","title":{"rendered":"Christian Pheline"},"content":{"rendered":"\n<p>N\u00e9 \u00e0 Blida en 1925 en Alg\u00e9rie, Christian Ph\u00e9line s\u2019installe \u00e0 Orl\u00e9ans en 1962. Chirurgien, il fonde le service de Neurologie \u00e0 l\u2019h\u00f4pital d\u2019Orl\u00e9ans. Passionn\u00e9 de peinture, il participe \u00e0 la cr\u00e9ation du Grenier \u00e0 Sel, un collectif d\u2019artistes peintres. Il prend sa retraite en 1991, puis enseigne la cr\u00e9ativit\u00e9 \u00e0 l\u2019Institut d\u2019Art Visuel\u00a0 et anime un atelier de peinture \u00e0 Orl\u00e9ans. En 2014, il est nomm\u00e9 membre d\u2019honneur des Artistes Orl\u00e9anais. Sa peinture est inspir\u00e9e par la m\u00e9ditation Zen, la lumi\u00e8re d\u2019Alg\u00e9rie et le corps f\u00e9minin. Il pratique son art jusqu\u2019\u00e0 sa disparition en 2016.<\/p>\n\n\n<div class=\"wp-block-image\">\n<figure class=\"aligncenter size-full\"><img fetchpriority=\"high\" decoding=\"async\" width=\"276\" height=\"484\" src=\"https:\/\/amae.eu\/wp-content\/uploads\/2023\/05\/image-2.png\" alt=\"\" class=\"wp-image-7566\" srcset=\"https:\/\/amae.eu\/wp-content\/uploads\/2023\/05\/image-2.png 276w, https:\/\/amae.eu\/wp-content\/uploads\/2023\/05\/image-2-171x300.png 171w\" sizes=\"(max-width: 276px) 100vw, 276px\" \/><\/figure><\/div>\n\n\n<hr class=\"wp-block-separator has-alpha-channel-opacity\"\/>\n\n\n\n<p>Source Olivier Ph\u00e9line et livret du 107<sup>\u00e8me<\/sup> salon des Artistes Orl\u00e9anais.<\/p>\n\n\n\n<p><a id=\"_msocom_1\"><\/a><\/p>\n","protected":false},"excerpt":{"rendered":"<p>N\u00e9 \u00e0 Blida en 1925 en Alg\u00e9rie, Christian Ph\u00e9line s\u2019installe \u00e0 Orl\u00e9ans en 1962. Chirurgien, il fonde le service de Neurologie \u00e0 l\u2019h\u00f4pital d\u2019Orl\u00e9ans. Passionn\u00e9 de peinture, il participe \u00e0 la cr\u00e9ation du Grenier \u00e0 Sel, un collectif d\u2019artistes peintres. Il prend sa retraite en 1991, puis enseigne la cr\u00e9ativit\u00e9 \u00e0 l\u2019Institut d\u2019Art Visuel\u00a0 et [&hellip;]<\/p>\n","protected":false},"author":1,"featured_media":0,"parent":6485,"menu_order":0,"comment_status":"closed","ping_status":"closed","template":"","meta":{"ngg_post_thumbnail":0,"footnotes":""},"class_list":["post-6698","page","type-page","status-publish","hentry","entry"],"_links":{"self":[{"href":"https:\/\/amae.eu\/index.php\/wp-json\/wp\/v2\/pages\/6698"}],"collection":[{"href":"https:\/\/amae.eu\/index.php\/wp-json\/wp\/v2\/pages"}],"about":[{"href":"https:\/\/amae.eu\/index.php\/wp-json\/wp\/v2\/types\/page"}],"author":[{"embeddable":true,"href":"https:\/\/amae.eu\/index.php\/wp-json\/wp\/v2\/users\/1"}],"replies":[{"embeddable":true,"href":"https:\/\/amae.eu\/index.php\/wp-json\/wp\/v2\/comments?post=6698"}],"version-history":[{"count":3,"href":"https:\/\/amae.eu\/index.php\/wp-json\/wp\/v2\/pages\/6698\/revisions"}],"predecessor-version":[{"id":7568,"href":"https:\/\/amae.eu\/index.php\/wp-json\/wp\/v2\/pages\/6698\/revisions\/7568"}],"up":[{"embeddable":true,"href":"https:\/\/amae.eu\/index.php\/wp-json\/wp\/v2\/pages\/6485"}],"wp:attachment":[{"href":"https:\/\/amae.eu\/index.php\/wp-json\/wp\/v2\/media?parent=6698"}],"curies":[{"name":"wp","href":"https:\/\/api.w.org\/{rel}","templated":true}]}}