{"id":6701,"date":"2023-03-05T20:05:49","date_gmt":"2023-03-05T19:05:49","guid":{"rendered":"https:\/\/amae.eu\/?page_id=6701"},"modified":"2023-09-08T17:12:39","modified_gmt":"2023-09-08T15:12:39","slug":"nadine-ringuede","status":"publish","type":"page","link":"https:\/\/amae.eu\/index.php\/les-personnalites\/artistes\/nadine-ringuede\/","title":{"rendered":"Nadine Ringued\u00e9"},"content":{"rendered":"\n<p>Nadine Ringued\u00e9, n\u00e9e \u00e0 Pithiviers, vit et travaille \u00e0 Orl\u00e9ans depuis 1985. Son atelier est install\u00e9 dans cette maison de ville, rue Salesses, depuis 1998. De 1986 \u00e0 1990, elle suit des cours du soir \u00e0 l\u2019\u00e9cole des Beaux-arts d\u2019Orl\u00e9ans. En 1997, Lionel, un peintre talentueux d\u2019Anjou l\u2019a lib\u00e8re du dessin, en la conduisant vers les chemins de l\u2019abstraction. Dans les ann\u00e9es 2000, elle travaille avec Thibaut de Rempr\u00e9, grand peintre fran\u00e7ais contemporain qui est plut\u00f4t dans le mouvement de l\u2019expressionnisme abstrait. Depuis 2014, elle travaille r\u00e9guli\u00e8rement avec Giancarlo Bargoni, tr\u00e8s grand peintre italien, ma\u00eetre de l\u2019abstraction lyrique.<br>\u00c0 travers ses peintures, l\u2019artiste cherche \u00e0 faire ressurgir des narrations sans peindre sur un motif, mais malgr\u00e9 cette distance avec le r\u00e9el, elle ne veut pas traduire pour autant une c\u00e9sure entre la figuration et l\u2019abstraction. Nadine Ringued\u00e9 participe \u00e0 de nombreuses expositions priv\u00e9es ou collectives. Plusieurs prix d\u00e9di\u00e9s et achats d\u2019\u0153uvres sont venus r\u00e9guli\u00e8rement r\u00e9compenser son travail.<\/p>\n\n\n<div class=\"wp-block-image\">\n<figure class=\"aligncenter size-large\"><img fetchpriority=\"high\" decoding=\"async\" width=\"683\" height=\"1024\" src=\"http:\/\/amae.eu\/wp-content\/uploads\/2023\/09\/Nadine-RINGUEDE-Photo-Valerie-Thevenot-683x1024.jpg\" alt=\"\" class=\"wp-image-8209\" srcset=\"https:\/\/amae.eu\/wp-content\/uploads\/2023\/09\/Nadine-RINGUEDE-Photo-Valerie-Thevenot-683x1024.jpg 683w, https:\/\/amae.eu\/wp-content\/uploads\/2023\/09\/Nadine-RINGUEDE-Photo-Valerie-Thevenot-200x300.jpg 200w, https:\/\/amae.eu\/wp-content\/uploads\/2023\/09\/Nadine-RINGUEDE-Photo-Valerie-Thevenot-768x1152.jpg 768w, https:\/\/amae.eu\/wp-content\/uploads\/2023\/09\/Nadine-RINGUEDE-Photo-Valerie-Thevenot-1024x1536.jpg 1024w, https:\/\/amae.eu\/wp-content\/uploads\/2023\/09\/Nadine-RINGUEDE-Photo-Valerie-Thevenot-1365x2048.jpg 1365w, https:\/\/amae.eu\/wp-content\/uploads\/2023\/09\/Nadine-RINGUEDE-Photo-Valerie-Thevenot-scaled.jpg 1707w\" sizes=\"(max-width: 683px) 100vw, 683px\" \/><figcaption>Nadine Ringued\u00e9, dans son atelier rue Salesses en 2023 (Photo Val\u00e9rie Th\u00e9venot)<\/figcaption><\/figure><\/div>\n\n\n<p>Source&nbsp;: <a href=\"https:\/\/www.nadine-ringuede.com\/\" target=\"_blank\" rel=\"noreferrer noopener\">https:\/\/www.nadine-ringuede.com\/<\/a><\/p>\n\n\n\n<p><\/p>\n","protected":false},"excerpt":{"rendered":"<p>Nadine Ringued\u00e9, n\u00e9e \u00e0 Pithiviers, vit et travaille \u00e0 Orl\u00e9ans depuis 1985. Son atelier est install\u00e9 dans cette maison de ville, rue Salesses, depuis 1998. De 1986 \u00e0 1990, elle suit des cours du soir \u00e0 l\u2019\u00e9cole des Beaux-arts d\u2019Orl\u00e9ans. En 1997, Lionel, un peintre talentueux d\u2019Anjou l\u2019a lib\u00e8re du dessin, en la conduisant vers [&hellip;]<\/p>\n","protected":false},"author":1,"featured_media":0,"parent":6485,"menu_order":0,"comment_status":"closed","ping_status":"closed","template":"","meta":{"ngg_post_thumbnail":0,"footnotes":""},"class_list":["post-6701","page","type-page","status-publish","hentry","entry"],"_links":{"self":[{"href":"https:\/\/amae.eu\/index.php\/wp-json\/wp\/v2\/pages\/6701"}],"collection":[{"href":"https:\/\/amae.eu\/index.php\/wp-json\/wp\/v2\/pages"}],"about":[{"href":"https:\/\/amae.eu\/index.php\/wp-json\/wp\/v2\/types\/page"}],"author":[{"embeddable":true,"href":"https:\/\/amae.eu\/index.php\/wp-json\/wp\/v2\/users\/1"}],"replies":[{"embeddable":true,"href":"https:\/\/amae.eu\/index.php\/wp-json\/wp\/v2\/comments?post=6701"}],"version-history":[{"count":3,"href":"https:\/\/amae.eu\/index.php\/wp-json\/wp\/v2\/pages\/6701\/revisions"}],"predecessor-version":[{"id":8210,"href":"https:\/\/amae.eu\/index.php\/wp-json\/wp\/v2\/pages\/6701\/revisions\/8210"}],"up":[{"embeddable":true,"href":"https:\/\/amae.eu\/index.php\/wp-json\/wp\/v2\/pages\/6485"}],"wp:attachment":[{"href":"https:\/\/amae.eu\/index.php\/wp-json\/wp\/v2\/media?parent=6701"}],"curies":[{"name":"wp","href":"https:\/\/api.w.org\/{rel}","templated":true}]}}