{"id":6777,"date":"2023-03-07T15:11:39","date_gmt":"2023-03-07T14:11:39","guid":{"rendered":"https:\/\/amae.eu\/?page_id=6777"},"modified":"2023-05-26T12:32:26","modified_gmt":"2023-05-26T10:32:26","slug":"102-rue-de-bellebat-cabaret-epicerie-superette","status":"publish","type":"page","link":"https:\/\/amae.eu\/index.php\/anciens-commerces\/rue-de-bellebat\/102-rue-de-bellebat-cabaret-epicerie-superette\/","title":{"rendered":"102 rue de Bellebat &#8211; Cabaret-Epicerie-Sup\u00e9rette"},"content":{"rendered":"\n<p>En 1926 il est fait mention d&rsquo;un cabaret constitu\u00e9 d&rsquo;une boutique et d&rsquo;une salle tenu par Mme Cavet veuve Michaud. En 1930, l&rsquo;activit\u00e9 est reprise par Henri Gaudin-Cochard puis par Flavien Jumentier Gaudissard en 1935. M et Mme Sicot y d\u00e9veloppent une activit\u00e9 d&rsquo;\u00e9picerie vers 1937. L\u2019\u00e9picier Sicot a revendu en 1952 \u00e0 Henri Dassonville, qui a transform\u00e9 la boutique en petite sup\u00e9rette vers 1971. A partir de 1973 c&rsquo;est Andr\u00e9 Fouchereau qui a tenu l&rsquo;\u00e9picerie, jusqu&rsquo;en 1983. Le magasin a ensuite \u00e9t\u00e9 transform\u00e9 en fleuriste (M Benoist?), mais il n\u2019a pas tenu longtemps. <\/p>\n\n\n<div class=\"wp-block-image\">\n<figure class=\"aligncenter size-full\"><img fetchpriority=\"high\" decoding=\"async\" width=\"313\" height=\"213\" src=\"https:\/\/amae.eu\/wp-content\/uploads\/2023\/03\/image-12.png\" alt=\"\" class=\"wp-image-6878\" srcset=\"https:\/\/amae.eu\/wp-content\/uploads\/2023\/03\/image-12.png 313w, https:\/\/amae.eu\/wp-content\/uploads\/2023\/03\/image-12-300x204.png 300w\" sizes=\"(max-width: 313px) 100vw, 313px\" \/><figcaption>Publicit\u00e9 dans le Bulletin Paroissial de Saint-Marc, 1971. Source : Archives Municipales et Communautaires d&rsquo;Orl\u00e9ans &#8211; C2817.<\/figcaption><\/figure><\/div>\n\n<div class=\"wp-block-image\">\n<figure class=\"aligncenter size-full\"><img decoding=\"async\" width=\"324\" height=\"212\" src=\"https:\/\/amae.eu\/wp-content\/uploads\/2023\/03\/image-13.png\" alt=\"\" class=\"wp-image-6879\" srcset=\"https:\/\/amae.eu\/wp-content\/uploads\/2023\/03\/image-13.png 324w, https:\/\/amae.eu\/wp-content\/uploads\/2023\/03\/image-13-300x196.png 300w\" sizes=\"(max-width: 324px) 100vw, 324px\" \/><figcaption>Publicit\u00e9 dans le Bulletin Paroissial de Saint-Marc, 1975. Source : Archives Municipales et Communautaires d&rsquo;Orl\u00e9ans &#8211; C2817.<\/figcaption><\/figure><\/div>\n\n\n<p>Sources : Archives Municipales et Communautaires d&rsquo;Orl\u00e9ans M\u00e9tropole &#8211; Fiches auxiliaires cadastrales &#8211; 4 G 784<\/p>\n","protected":false},"excerpt":{"rendered":"<p>En 1926 il est fait mention d&rsquo;un cabaret constitu\u00e9 d&rsquo;une boutique et d&rsquo;une salle tenu par Mme Cavet veuve Michaud. En 1930, l&rsquo;activit\u00e9 est reprise par Henri Gaudin-Cochard puis par Flavien Jumentier Gaudissard en 1935. M et Mme Sicot y d\u00e9veloppent une activit\u00e9 d&rsquo;\u00e9picerie vers 1937. L\u2019\u00e9picier Sicot a revendu en 1952 \u00e0 Henri Dassonville, [&hellip;]<\/p>\n","protected":false},"author":1,"featured_media":0,"parent":6500,"menu_order":0,"comment_status":"closed","ping_status":"closed","template":"","meta":{"ngg_post_thumbnail":0,"footnotes":""},"class_list":["post-6777","page","type-page","status-publish","hentry","entry"],"_links":{"self":[{"href":"https:\/\/amae.eu\/index.php\/wp-json\/wp\/v2\/pages\/6777"}],"collection":[{"href":"https:\/\/amae.eu\/index.php\/wp-json\/wp\/v2\/pages"}],"about":[{"href":"https:\/\/amae.eu\/index.php\/wp-json\/wp\/v2\/types\/page"}],"author":[{"embeddable":true,"href":"https:\/\/amae.eu\/index.php\/wp-json\/wp\/v2\/users\/1"}],"replies":[{"embeddable":true,"href":"https:\/\/amae.eu\/index.php\/wp-json\/wp\/v2\/comments?post=6777"}],"version-history":[{"count":3,"href":"https:\/\/amae.eu\/index.php\/wp-json\/wp\/v2\/pages\/6777\/revisions"}],"predecessor-version":[{"id":7582,"href":"https:\/\/amae.eu\/index.php\/wp-json\/wp\/v2\/pages\/6777\/revisions\/7582"}],"up":[{"embeddable":true,"href":"https:\/\/amae.eu\/index.php\/wp-json\/wp\/v2\/pages\/6500"}],"wp:attachment":[{"href":"https:\/\/amae.eu\/index.php\/wp-json\/wp\/v2\/media?parent=6777"}],"curies":[{"name":"wp","href":"https:\/\/api.w.org\/{rel}","templated":true}]}}