{"id":6786,"date":"2023-03-07T15:16:18","date_gmt":"2023-03-07T14:16:18","guid":{"rendered":"https:\/\/amae.eu\/?page_id=6786"},"modified":"2023-06-02T13:35:52","modified_gmt":"2023-06-02T11:35:52","slug":"6-impasse-du-chateau-gaillard-marchands-de-boissons","status":"publish","type":"page","link":"https:\/\/amae.eu\/index.php\/anciens-commerces\/impasse-du-chateau-gaillard\/6-impasse-du-chateau-gaillard-marchands-de-boissons\/","title":{"rendered":"6 impasse du Ch\u00e2teau-Gaillard &#8211; Marchands de boissons"},"content":{"rendered":"\n<p>A cette adresse D\u00e9sir\u00e9 Armand Narcisse Cassegrain (n\u00e9 \u00e0 Artenay le 29 mars 1865) d\u00e9veloppait, \u00e0 partir de 1924, une activit\u00e9 de marchand de boissons (eaux min\u00e9rales, boissons gazeuses, jus de fruits et sirops). L&rsquo;activit\u00e9 f\u00fbt reprise de 1934 \u00e0 1961 par le neveu (et consid\u00e9r\u00e9 comme domestique dans le recensement de 1926) de D\u00e9sir\u00e9, Georges Cochard (n\u00e9 en 1907 \u00e0 Artenay).<\/p>\n\n\n\n<p>D\u00e9sir\u00e9 fut mari\u00e9 \u00e0 Berthe Marie Cochard le 16 mai 1900. D\u00e9sir\u00e9, Georges et sa femme Jane (n\u00e9e Parrault en 1905 \u00e0 Mer) habitaient au 45 rue du Ch\u00e2teau-Gaillard en 1926. En 1936 Georges y vivait seulement avec sa femme, Yvette.<\/p>\n\n\n\n<p>Auparavant, D\u00e9sir\u00e9 Cassegrain a occup\u00e9 de 1895 \u00e0 1904 l&rsquo;ancien \u00ab\u00a0H\u00f4tel de France\u00a0\u00bb le 64 rue Sainte-Catherine pour des activit\u00e9s de restauration et d&rsquo;h\u00f4tellerie (la \u00ab\u00a0Buvette Cassegrain\u00a0\u00bb). En 2022 ce b\u00e2timent avait toujours une activit\u00e9 de restauration : \u00ab\u00a0Le Brin-de-Zinc\u00a0\u00bb.<\/p>\n\n\n\n<p>Sources :<\/p>\n\n\n\n<ul class=\"wp-block-list\"><li>Archives Municipales et Communautaires d&rsquo;Orl\u00e9ans &#8211; Fiches auxiliaires cadastrales &#8211; 4G798<\/li><li>Archives Municipales et Communautaires d&rsquo;Orl\u00e9ans &#8211; Recensement \u2013 Ann\u00e9e 1926 &#8211; 1F48<\/li><\/ul>\n\n\n\n<ul class=\"wp-block-list\"><li><a href=\"http:\/\/orleansha.free.fr\/includes\/page.php?numpage=514&amp;menuvertic=rue-sainte-catherine\">http:\/\/orleansha.free.fr\/includes\/page.php?numpage=514&amp;menuvertic=rue-sainte-catherine<\/a><\/li><\/ul>\n","protected":false},"excerpt":{"rendered":"<p>A cette adresse D\u00e9sir\u00e9 Armand Narcisse Cassegrain (n\u00e9 \u00e0 Artenay le 29 mars 1865) d\u00e9veloppait, \u00e0 partir de 1924, une activit\u00e9 de marchand de boissons (eaux min\u00e9rales, boissons gazeuses, jus de fruits et sirops). L&rsquo;activit\u00e9 f\u00fbt reprise de 1934 \u00e0 1961 par le neveu (et consid\u00e9r\u00e9 comme domestique dans le recensement de 1926) de D\u00e9sir\u00e9, [&hellip;]<\/p>\n","protected":false},"author":1,"featured_media":0,"parent":6787,"menu_order":0,"comment_status":"closed","ping_status":"closed","template":"","meta":{"ngg_post_thumbnail":0,"footnotes":""},"class_list":["post-6786","page","type-page","status-publish","hentry","entry"],"_links":{"self":[{"href":"https:\/\/amae.eu\/index.php\/wp-json\/wp\/v2\/pages\/6786"}],"collection":[{"href":"https:\/\/amae.eu\/index.php\/wp-json\/wp\/v2\/pages"}],"about":[{"href":"https:\/\/amae.eu\/index.php\/wp-json\/wp\/v2\/types\/page"}],"author":[{"embeddable":true,"href":"https:\/\/amae.eu\/index.php\/wp-json\/wp\/v2\/users\/1"}],"replies":[{"embeddable":true,"href":"https:\/\/amae.eu\/index.php\/wp-json\/wp\/v2\/comments?post=6786"}],"version-history":[{"count":4,"href":"https:\/\/amae.eu\/index.php\/wp-json\/wp\/v2\/pages\/6786\/revisions"}],"predecessor-version":[{"id":7651,"href":"https:\/\/amae.eu\/index.php\/wp-json\/wp\/v2\/pages\/6786\/revisions\/7651"}],"up":[{"embeddable":true,"href":"https:\/\/amae.eu\/index.php\/wp-json\/wp\/v2\/pages\/6787"}],"wp:attachment":[{"href":"https:\/\/amae.eu\/index.php\/wp-json\/wp\/v2\/media?parent=6786"}],"curies":[{"name":"wp","href":"https:\/\/api.w.org\/{rel}","templated":true}]}}