{"id":6801,"date":"2023-03-07T15:20:55","date_gmt":"2023-03-07T14:20:55","guid":{"rendered":"https:\/\/amae.eu\/?page_id=6801"},"modified":"2023-06-02T13:37:26","modified_gmt":"2023-06-02T11:37:26","slug":"45-rue-du-chateau-gaillard-marchand-de-boissons","status":"publish","type":"page","link":"https:\/\/amae.eu\/index.php\/anciens-commerces\/rue-chateau-gaillard\/45-rue-du-chateau-gaillard-marchand-de-boissons\/","title":{"rendered":"45 rue du Ch\u00e2teau-Gaillard &#8211; Marchand de boissons"},"content":{"rendered":"\n<p><span style=\"font-size:11.0pt;line-height:115%;\nfont-family:&quot;Calibri&quot;,sans-serif;mso-ascii-theme-font:minor-latin;mso-fareast-font-family:\nCalibri;mso-fareast-theme-font:minor-latin;mso-hansi-theme-font:minor-latin;\nmso-bidi-font-family:&quot;Times New Roman&quot;;mso-bidi-theme-font:minor-bidi;\nmso-ansi-language:FR;mso-fareast-language:EN-US;mso-bidi-language:AR-SA\">Dans cette maison D\u00e9sir\u00e9 Cassegrain \u00e9tait marchand de boissons entre 1915 et 1923. Georges Cochard a repris l&rsquo;activit\u00e9 de 1934 \u00e0 1967.  Sources : Archives Municipales et Communautaires d&rsquo;Orl\u00e9ans M\u00e9tropole &#8211; Fiches auxiliaires cadastrales &#8211; 4G798<\/span><\/p>\n","protected":false},"excerpt":{"rendered":"<p>Dans cette maison D\u00e9sir\u00e9 Cassegrain \u00e9tait marchand de boissons entre 1915 et 1923. Georges Cochard a repris l&rsquo;activit\u00e9 de 1934 \u00e0 1967. Sources : Archives Municipales et Communautaires d&rsquo;Orl\u00e9ans M\u00e9tropole &#8211; Fiches auxiliaires cadastrales &#8211; 4G798<\/p>\n","protected":false},"author":1,"featured_media":0,"parent":6502,"menu_order":0,"comment_status":"closed","ping_status":"closed","template":"","meta":{"ngg_post_thumbnail":0,"footnotes":""},"class_list":["post-6801","page","type-page","status-publish","hentry","entry"],"_links":{"self":[{"href":"https:\/\/amae.eu\/index.php\/wp-json\/wp\/v2\/pages\/6801"}],"collection":[{"href":"https:\/\/amae.eu\/index.php\/wp-json\/wp\/v2\/pages"}],"about":[{"href":"https:\/\/amae.eu\/index.php\/wp-json\/wp\/v2\/types\/page"}],"author":[{"embeddable":true,"href":"https:\/\/amae.eu\/index.php\/wp-json\/wp\/v2\/users\/1"}],"replies":[{"embeddable":true,"href":"https:\/\/amae.eu\/index.php\/wp-json\/wp\/v2\/comments?post=6801"}],"version-history":[{"count":3,"href":"https:\/\/amae.eu\/index.php\/wp-json\/wp\/v2\/pages\/6801\/revisions"}],"predecessor-version":[{"id":7656,"href":"https:\/\/amae.eu\/index.php\/wp-json\/wp\/v2\/pages\/6801\/revisions\/7656"}],"up":[{"embeddable":true,"href":"https:\/\/amae.eu\/index.php\/wp-json\/wp\/v2\/pages\/6502"}],"wp:attachment":[{"href":"https:\/\/amae.eu\/index.php\/wp-json\/wp\/v2\/media?parent=6801"}],"curies":[{"name":"wp","href":"https:\/\/api.w.org\/{rel}","templated":true}]}}