{"id":6810,"date":"2023-03-07T15:24:02","date_gmt":"2023-03-07T14:24:02","guid":{"rendered":"https:\/\/amae.eu\/?page_id=6810"},"modified":"2023-03-08T13:05:28","modified_gmt":"2023-03-08T12:05:28","slug":"37-rue-de-la-pellerine-marchand-de-volailles","status":"publish","type":"page","link":"https:\/\/amae.eu\/index.php\/anciens-commerces\/rue-de-la-pellerine\/37-rue-de-la-pellerine-marchand-de-volailles\/","title":{"rendered":"37 rue de la Pellerine &#8211; Marchand de volailles"},"content":{"rendered":"\n<p>De 1900 \u00e0 1915 Pierre David vendait ici des volailles et des \u0153ufs, en d\u00e9tail \u00e0 l&rsquo;\u00e9talage.<\/p>\n\n\n\n<p>Source : Archives Municipales et Communautaires d&rsquo;Orl\u00e9ans M\u00e9tropole &#8211; Fiches auxiliaires cadastrales &#8211; 4G890<\/p>\n","protected":false},"excerpt":{"rendered":"<p>De 1900 \u00e0 1915 Pierre David vendait ici des volailles et des \u0153ufs, en d\u00e9tail \u00e0 l&rsquo;\u00e9talage. Source : Archives Municipales et Communautaires d&rsquo;Orl\u00e9ans M\u00e9tropole &#8211; Fiches auxiliaires cadastrales &#8211; 4G890<\/p>\n","protected":false},"author":1,"featured_media":0,"parent":6506,"menu_order":0,"comment_status":"closed","ping_status":"closed","template":"","meta":{"ngg_post_thumbnail":0,"footnotes":""},"class_list":["post-6810","page","type-page","status-publish","hentry","entry"],"_links":{"self":[{"href":"https:\/\/amae.eu\/index.php\/wp-json\/wp\/v2\/pages\/6810"}],"collection":[{"href":"https:\/\/amae.eu\/index.php\/wp-json\/wp\/v2\/pages"}],"about":[{"href":"https:\/\/amae.eu\/index.php\/wp-json\/wp\/v2\/types\/page"}],"author":[{"embeddable":true,"href":"https:\/\/amae.eu\/index.php\/wp-json\/wp\/v2\/users\/1"}],"replies":[{"embeddable":true,"href":"https:\/\/amae.eu\/index.php\/wp-json\/wp\/v2\/comments?post=6810"}],"version-history":[{"count":2,"href":"https:\/\/amae.eu\/index.php\/wp-json\/wp\/v2\/pages\/6810\/revisions"}],"predecessor-version":[{"id":6911,"href":"https:\/\/amae.eu\/index.php\/wp-json\/wp\/v2\/pages\/6810\/revisions\/6911"}],"up":[{"embeddable":true,"href":"https:\/\/amae.eu\/index.php\/wp-json\/wp\/v2\/pages\/6506"}],"wp:attachment":[{"href":"https:\/\/amae.eu\/index.php\/wp-json\/wp\/v2\/media?parent=6810"}],"curies":[{"name":"wp","href":"https:\/\/api.w.org\/{rel}","templated":true}]}}