{"id":6832,"date":"2023-03-08T11:24:28","date_gmt":"2023-03-08T10:24:28","guid":{"rendered":"https:\/\/amae.eu\/?page_id=6832"},"modified":"2023-03-08T17:01:40","modified_gmt":"2023-03-08T16:01:40","slug":"12-rue-bleue-brocanteur","status":"publish","type":"page","link":"https:\/\/amae.eu\/index.php\/anciens-commerces\/rue-bleue\/12-rue-bleue-brocanteur\/","title":{"rendered":"12 rue Bleue &#8211; Brocanteur"},"content":{"rendered":"\n<p>Au 12 rue Bleue vivait Fernand Merlin, brocanteur dans les ventes, sans boutique ni magasin. Il a cess\u00e9 ses activit\u00e9s en 1932 et est d\u00e9c\u00e9d\u00e9 le 23 janvier 1935.<\/p>\n\n\n\n<p>Source : Archives Municipales et Communautaires d&rsquo;Orl\u00e9ans M\u00e9tropole &#8211; Fiches auxiliaires cadastrales &#8211; 4G782.<\/p>\n","protected":false},"excerpt":{"rendered":"<p>Au 12 rue Bleue vivait Fernand Merlin, brocanteur dans les ventes, sans boutique ni magasin. Il a cess\u00e9 ses activit\u00e9s en 1932 et est d\u00e9c\u00e9d\u00e9 le 23 janvier 1935. Source : Archives Municipales et Communautaires d&rsquo;Orl\u00e9ans M\u00e9tropole &#8211; Fiches auxiliaires cadastrales &#8211; 4G782.<\/p>\n","protected":false},"author":1,"featured_media":0,"parent":6828,"menu_order":0,"comment_status":"closed","ping_status":"closed","template":"","meta":{"ngg_post_thumbnail":0,"footnotes":""},"class_list":["post-6832","page","type-page","status-publish","hentry","entry"],"_links":{"self":[{"href":"https:\/\/amae.eu\/index.php\/wp-json\/wp\/v2\/pages\/6832"}],"collection":[{"href":"https:\/\/amae.eu\/index.php\/wp-json\/wp\/v2\/pages"}],"about":[{"href":"https:\/\/amae.eu\/index.php\/wp-json\/wp\/v2\/types\/page"}],"author":[{"embeddable":true,"href":"https:\/\/amae.eu\/index.php\/wp-json\/wp\/v2\/users\/1"}],"replies":[{"embeddable":true,"href":"https:\/\/amae.eu\/index.php\/wp-json\/wp\/v2\/comments?post=6832"}],"version-history":[{"count":2,"href":"https:\/\/amae.eu\/index.php\/wp-json\/wp\/v2\/pages\/6832\/revisions"}],"predecessor-version":[{"id":6923,"href":"https:\/\/amae.eu\/index.php\/wp-json\/wp\/v2\/pages\/6832\/revisions\/6923"}],"up":[{"embeddable":true,"href":"https:\/\/amae.eu\/index.php\/wp-json\/wp\/v2\/pages\/6828"}],"wp:attachment":[{"href":"https:\/\/amae.eu\/index.php\/wp-json\/wp\/v2\/media?parent=6832"}],"curies":[{"name":"wp","href":"https:\/\/api.w.org\/{rel}","templated":true}]}}