{"id":6838,"date":"2023-03-08T11:27:50","date_gmt":"2023-03-08T10:27:50","guid":{"rendered":"https:\/\/amae.eu\/?page_id=6838"},"modified":"2023-03-08T17:05:10","modified_gmt":"2023-03-08T16:05:10","slug":"11-rue-de-la-pellerine-matelassier","status":"publish","type":"page","link":"https:\/\/amae.eu\/index.php\/anciens-commerces\/rue-de-la-pellerine\/11-rue-de-la-pellerine-matelassier\/","title":{"rendered":"11 rue de la Pellerine &#8211; Matelassier"},"content":{"rendered":"\n<p>M et Mme Lointier, matelassiers, commencent leur activit\u00e9 en 1948. La maison est alors la propri\u00e9t\u00e9 d&rsquo;Adolphe Lointier-Jacquier. Leur atelier occupait le garage actuel. Mme Lointier est d\u00e9c\u00e9d\u00e9e \u00e0 98 ans en 1999. Mr Lointier a eu 101 ans en 2001.<\/p>\n\n\n\n<p>Source : Archives Municipales et Communautaires d&rsquo;Orl\u00e9ans M\u00e9tropole &#8211; Fiches auxiliaires cadastrales &#8211; 4G890<\/p>\n","protected":false},"excerpt":{"rendered":"<p>M et Mme Lointier, matelassiers, commencent leur activit\u00e9 en 1948. La maison est alors la propri\u00e9t\u00e9 d&rsquo;Adolphe Lointier-Jacquier. Leur atelier occupait le garage actuel. Mme Lointier est d\u00e9c\u00e9d\u00e9e \u00e0 98 ans en 1999. Mr Lointier a eu 101 ans en 2001. Source : Archives Municipales et Communautaires d&rsquo;Orl\u00e9ans M\u00e9tropole &#8211; Fiches auxiliaires cadastrales &#8211; 4G890<\/p>\n","protected":false},"author":1,"featured_media":0,"parent":6506,"menu_order":0,"comment_status":"closed","ping_status":"closed","template":"","meta":{"ngg_post_thumbnail":0,"footnotes":""},"class_list":["post-6838","page","type-page","status-publish","hentry","entry"],"_links":{"self":[{"href":"https:\/\/amae.eu\/index.php\/wp-json\/wp\/v2\/pages\/6838"}],"collection":[{"href":"https:\/\/amae.eu\/index.php\/wp-json\/wp\/v2\/pages"}],"about":[{"href":"https:\/\/amae.eu\/index.php\/wp-json\/wp\/v2\/types\/page"}],"author":[{"embeddable":true,"href":"https:\/\/amae.eu\/index.php\/wp-json\/wp\/v2\/users\/1"}],"replies":[{"embeddable":true,"href":"https:\/\/amae.eu\/index.php\/wp-json\/wp\/v2\/comments?post=6838"}],"version-history":[{"count":2,"href":"https:\/\/amae.eu\/index.php\/wp-json\/wp\/v2\/pages\/6838\/revisions"}],"predecessor-version":[{"id":6928,"href":"https:\/\/amae.eu\/index.php\/wp-json\/wp\/v2\/pages\/6838\/revisions\/6928"}],"up":[{"embeddable":true,"href":"https:\/\/amae.eu\/index.php\/wp-json\/wp\/v2\/pages\/6506"}],"wp:attachment":[{"href":"https:\/\/amae.eu\/index.php\/wp-json\/wp\/v2\/media?parent=6838"}],"curies":[{"name":"wp","href":"https:\/\/api.w.org\/{rel}","templated":true}]}}