{"id":6869,"date":"2023-03-08T12:12:58","date_gmt":"2023-03-08T11:12:58","guid":{"rendered":"https:\/\/amae.eu\/?page_id=6869"},"modified":"2023-05-26T12:31:51","modified_gmt":"2023-05-26T10:31:51","slug":"100bis-rue-de-bellebat-cabaret-epicerie-mercerie","status":"publish","type":"page","link":"https:\/\/amae.eu\/index.php\/anciens-commerces\/rue-de-bellebat\/100bis-rue-de-bellebat-cabaret-epicerie-mercerie\/","title":{"rendered":"100bis rue de Bellebat &#8211; Cabaret-Epicerie-Mercerie"},"content":{"rendered":"\n<p>Le b\u00e2timent a d&rsquo;abord servi de cabaret-\u00e9picerie entre 1881 et 1922, tenu par Eug\u00e8ne Geyzot-Cottenceau (1881-1914), Cyrille Gaston Soubiroux-Lejeune (1914-1920) puis Henri Petit (1920-1922). Mme Cavet veuve Michont a ensuite tenu un cabaret-boutique \u00e0 partir de 1922. En 1931, Mme Passegu\u00e9 n\u00e9e Poug\u00e8s d\u00e9veloppe un commerce de mercerie qui sera repris en 1935 par Augustin Guiot-Duchon.<\/p>\n\n\n<div class=\"wp-block-image\">\n<figure class=\"aligncenter size-full\"><img fetchpriority=\"high\" decoding=\"async\" width=\"986\" height=\"294\" src=\"https:\/\/amae.eu\/wp-content\/uploads\/2023\/03\/image-9.png\" alt=\"\" class=\"wp-image-6870\" srcset=\"https:\/\/amae.eu\/wp-content\/uploads\/2023\/03\/image-9.png 986w, https:\/\/amae.eu\/wp-content\/uploads\/2023\/03\/image-9-300x89.png 300w, https:\/\/amae.eu\/wp-content\/uploads\/2023\/03\/image-9-768x229.png 768w\" sizes=\"(max-width: 986px) 100vw, 986px\" \/><figcaption>Publicit\u00e9 dans le Bulletin paroissial Saint Marc, Juin 1938<\/figcaption><\/figure><\/div>\n\n\n<p>M et Mme Andr\u00e9 Arnoult reprennent la mercerie en 1952, puis Pierre Coutant et sa femme Th\u00e9r\u00e8se qui la nomment \u00ab\u00a0Les Galeries Bellebat\u00a0\u00bb entre 1967-1974. Claude Pinguat reprend bri\u00e8vement l&rsquo;activit\u00e9 avant Odette Mathieu, cette derni\u00e8re vivant toujours dans le quartier en 2020. La cessation de son activit\u00e9 est dat\u00e9e de d\u00e9cembre 1999. Un voisin t\u00e9moigne : \u00ab\u00a0C\u2019\u00e9tait une dame adorable qui vendait de la mercerie et des nouveaut\u00e9s vestimentaires !! Il y avait m\u00eame une cabine d\u2019essayage\u00a0\u00bb.<\/p>\n\n\n<div class=\"wp-block-image\">\n<figure class=\"aligncenter size-full\"><img decoding=\"async\" width=\"605\" height=\"210\" src=\"https:\/\/amae.eu\/wp-content\/uploads\/2023\/03\/image-10.png\" alt=\"\" class=\"wp-image-6873\" srcset=\"https:\/\/amae.eu\/wp-content\/uploads\/2023\/03\/image-10.png 605w, https:\/\/amae.eu\/wp-content\/uploads\/2023\/03\/image-10-300x104.png 300w\" sizes=\"(max-width: 605px) 100vw, 605px\" \/><figcaption>Publicit\u00e9 dans le Bulletin Paroissial de Saint-Marc, 1967. Source : Archives Municipales et Communautaires d&rsquo;Orl\u00e9ans &#8211; C2817.<\/figcaption><\/figure><\/div>\n\n<div class=\"wp-block-image\">\n<figure class=\"aligncenter size-full\"><img decoding=\"async\" width=\"257\" height=\"342\" src=\"https:\/\/amae.eu\/wp-content\/uploads\/2023\/03\/image-11.png\" alt=\"\" class=\"wp-image-6876\" srcset=\"https:\/\/amae.eu\/wp-content\/uploads\/2023\/03\/image-11.png 257w, https:\/\/amae.eu\/wp-content\/uploads\/2023\/03\/image-11-225x300.png 225w\" sizes=\"(max-width: 257px) 100vw, 257px\" \/><figcaption>Thermom\u00e8tre promotionnel de M Andr\u00e9 Arnoult, don de M Pallu.<\/figcaption><\/figure><\/div>\n\n\n<p>Sources :<\/p>\n\n\n\n<ul class=\"wp-block-list\"><li>Archives Municipales et Communautaires d&rsquo;Orl\u00e9ans &#8211; C2817.<\/li><\/ul>\n\n\n\n<ul class=\"wp-block-list\"><li>Archives Municipales et Communautaires d&rsquo;Orl\u00e9ans M\u00e9tropole &#8211; Fiches auxiliaires cadastrales &#8211; 4 G 784<\/li><\/ul>\n","protected":false},"excerpt":{"rendered":"<p>Le b\u00e2timent a d&rsquo;abord servi de cabaret-\u00e9picerie entre 1881 et 1922, tenu par Eug\u00e8ne Geyzot-Cottenceau (1881-1914), Cyrille Gaston Soubiroux-Lejeune (1914-1920) puis Henri Petit (1920-1922). Mme Cavet veuve Michont a ensuite tenu un cabaret-boutique \u00e0 partir de 1922. En 1931, Mme Passegu\u00e9 n\u00e9e Poug\u00e8s d\u00e9veloppe un commerce de mercerie qui sera repris en 1935 par Augustin [&hellip;]<\/p>\n","protected":false},"author":1,"featured_media":0,"parent":6500,"menu_order":0,"comment_status":"closed","ping_status":"closed","template":"","meta":{"ngg_post_thumbnail":0,"footnotes":""},"class_list":["post-6869","page","type-page","status-publish","hentry","entry"],"_links":{"self":[{"href":"https:\/\/amae.eu\/index.php\/wp-json\/wp\/v2\/pages\/6869"}],"collection":[{"href":"https:\/\/amae.eu\/index.php\/wp-json\/wp\/v2\/pages"}],"about":[{"href":"https:\/\/amae.eu\/index.php\/wp-json\/wp\/v2\/types\/page"}],"author":[{"embeddable":true,"href":"https:\/\/amae.eu\/index.php\/wp-json\/wp\/v2\/users\/1"}],"replies":[{"embeddable":true,"href":"https:\/\/amae.eu\/index.php\/wp-json\/wp\/v2\/comments?post=6869"}],"version-history":[{"count":4,"href":"https:\/\/amae.eu\/index.php\/wp-json\/wp\/v2\/pages\/6869\/revisions"}],"predecessor-version":[{"id":7578,"href":"https:\/\/amae.eu\/index.php\/wp-json\/wp\/v2\/pages\/6869\/revisions\/7578"}],"up":[{"embeddable":true,"href":"https:\/\/amae.eu\/index.php\/wp-json\/wp\/v2\/pages\/6500"}],"wp:attachment":[{"href":"https:\/\/amae.eu\/index.php\/wp-json\/wp\/v2\/media?parent=6869"}],"curies":[{"name":"wp","href":"https:\/\/api.w.org\/{rel}","templated":true}]}}