{"id":6948,"date":"2023-03-08T18:59:29","date_gmt":"2023-03-08T17:59:29","guid":{"rendered":"https:\/\/amae.eu\/?page_id=6948"},"modified":"2023-05-20T13:57:17","modified_gmt":"2023-05-20T11:57:17","slug":"1-rue-de-la-pellerine-installateur-de-sono","status":"publish","type":"page","link":"https:\/\/amae.eu\/index.php\/anciens-commerces\/rue-de-la-pellerine\/1-rue-de-la-pellerine-installateur-de-sono\/","title":{"rendered":"1 rue de la Pellerine &#8211; Installateur de sono"},"content":{"rendered":"\n<p>A cette adresse, entre 1951 et 1974, Maxime Souchu \u00e9tait \u00ab\u00a0r\u00e9dacteur enregistrement\u00a0\u00bb. Cette maison fut \u00e9galement, \u00e0 partir de 1948, le si\u00e8ge de la SARL \u00ab\u00a0Luiant Sardou\u00a0\u00bb. Jean Gu\u00e9don occupa les lieux \u00e0 partir de 1974 pour d\u00e9velopper une activit\u00e9 d&rsquo;installateur de dispositifs de sonorisation.<\/p>\n\n\n\n<p>Source : Archives Municipales et Communautaires d&rsquo;Orl\u00e9ans M\u00e9tropole &#8211; Fiches auxiliaires cadastrales &#8211; <a href=\"https:\/\/archives.orleans-metropole.fr\/ark:24625\/s005755793f0e9ed\/5782685b30370.fiche=arko_fiche_603d362e34fc1.moteur=arko_default_603e55c86bc60\">4G890<\/a><\/p>\n","protected":false},"excerpt":{"rendered":"<p>A cette adresse, entre 1951 et 1974, Maxime Souchu \u00e9tait \u00ab\u00a0r\u00e9dacteur enregistrement\u00a0\u00bb. Cette maison fut \u00e9galement, \u00e0 partir de 1948, le si\u00e8ge de la SARL \u00ab\u00a0Luiant Sardou\u00a0\u00bb. Jean Gu\u00e9don occupa les lieux \u00e0 partir de 1974 pour d\u00e9velopper une activit\u00e9 d&rsquo;installateur de dispositifs de sonorisation. Source : Archives Municipales et Communautaires d&rsquo;Orl\u00e9ans M\u00e9tropole &#8211; Fiches [&hellip;]<\/p>\n","protected":false},"author":1,"featured_media":0,"parent":6506,"menu_order":0,"comment_status":"closed","ping_status":"closed","template":"","meta":{"ngg_post_thumbnail":0,"footnotes":""},"class_list":["post-6948","page","type-page","status-publish","hentry","entry"],"_links":{"self":[{"href":"https:\/\/amae.eu\/index.php\/wp-json\/wp\/v2\/pages\/6948"}],"collection":[{"href":"https:\/\/amae.eu\/index.php\/wp-json\/wp\/v2\/pages"}],"about":[{"href":"https:\/\/amae.eu\/index.php\/wp-json\/wp\/v2\/types\/page"}],"author":[{"embeddable":true,"href":"https:\/\/amae.eu\/index.php\/wp-json\/wp\/v2\/users\/1"}],"replies":[{"embeddable":true,"href":"https:\/\/amae.eu\/index.php\/wp-json\/wp\/v2\/comments?post=6948"}],"version-history":[{"count":2,"href":"https:\/\/amae.eu\/index.php\/wp-json\/wp\/v2\/pages\/6948\/revisions"}],"predecessor-version":[{"id":7496,"href":"https:\/\/amae.eu\/index.php\/wp-json\/wp\/v2\/pages\/6948\/revisions\/7496"}],"up":[{"embeddable":true,"href":"https:\/\/amae.eu\/index.php\/wp-json\/wp\/v2\/pages\/6506"}],"wp:attachment":[{"href":"https:\/\/amae.eu\/index.php\/wp-json\/wp\/v2\/media?parent=6948"}],"curies":[{"name":"wp","href":"https:\/\/api.w.org\/{rel}","templated":true}]}}