{"id":6978,"date":"2023-03-11T00:59:15","date_gmt":"2023-03-10T23:59:15","guid":{"rendered":"https:\/\/amae.eu\/?page_id=6978"},"modified":"2023-08-07T18:29:13","modified_gmt":"2023-08-07T16:29:13","slug":"12-rue-de-reims-cinema-le-joyeux-abri","status":"publish","type":"page","link":"https:\/\/amae.eu\/index.php\/anciens-commerces\/rue-de-reims\/12-rue-de-reims-cinema-le-joyeux-abri\/","title":{"rendered":"12 rue de Reims &#8211; Salle du cin\u00e9ma de l\u2019Argonne"},"content":{"rendered":"\n<p>Dans une lettre du 22 octobre 1935 adress\u00e9e au Maire d\u2019Orl\u00e9ans et au Pr\u00e9fet, Marcel Meunier demande l\u2019autorisation d\u2019ouvrir une \u00ab\u00a0salle de distraction\u00a0\u00bb de 100 places assises. Elle \u00ab\u00a0servira de salle de r\u00e9union au Comit\u00e9 de l\u2019Argonne, aux conf\u00e9rences et chaque semaine \u00e0 une s\u00e9ance de cin\u00e9ma parlant.\u00a0\u00bb Il entreprend des travaux pour la s\u00e9curit\u00e9. Il d\u00e9crit ainsi la salle\u00a0: \u00ab\u00a0Batti (sic) au niveau du sol, a\u00e9r\u00e9 et \u00e9clair\u00e9 (sic) par trois grandes fen\u00eatres avec une porte de sortie ouvrant ext\u00e9rieurement et donnant passage de deux m\u00e8tres, cette salle est mont\u00e9e et couverte en dure.\u00a0\u00bb<\/p>\n\n\n\n<p>Parall\u00e8lement, dans une lettre en date du 29 octobre 1935, Jean Zay, d\u00e9put\u00e9 du Loiret appuie aupr\u00e8s du Maire la demande d\u2019autorisation d\u2019ouverture exceptionnelle de cette salle de spectacles avant le passage de la commission de s\u00e9curit\u00e9. En effet, Marcel Meunier souhaite y donner un bal \u00e0 l\u2019occasion des f\u00eates du 11 novembre. Le maire y r\u00e9pond favorablement.<\/p>\n\n\n\n<p>La commission de s\u00e9curit\u00e9 fait la visite de la salle le 12 novembre 1935 et prescrit des travaux suppl\u00e9mentaires qui sont r\u00e9alis\u00e9s.<\/p>\n\n\n\n<p>Le 17 janvier 1936, Marcel Meunier r\u00e9pond favorablement \u00e0 la demande de la municipalit\u00e9 d\u2019utiliser sa salle pour les prochaines \u00e9lections l\u00e9gislatives. Il pr\u00e9cise qu\u2019elle porte le nom suivant\u00a0: salle du cin\u00e9ma de l\u2019Argonne et dessine un plan de situation et un plan de la salle.<\/p>\n\n\n\n<p>Aussi, par courrier adress\u00e9 au directeur des Travaux municipaux du 3 mars 1936, au vu des modifications demand\u00e9es par la commission de s\u00e9curit\u00e9, le Cabinet du Maire demande-t-il l\u2019ouverture de la salle au public pour des r\u00e9unions et des s\u00e9ances de cin\u00e9matographe.<\/p>\n\n\n\n<p>Il y a aussi des mentions de Keber et Pavard, horlogers (dates inconnues)<\/p>\n\n\n\n<p>Sources :<\/p>\n\n\n\n<ul class=\"wp-block-list\"><li>AMO &#8211; Cote 4G909 &#8211; Propri\u00e9t\u00e9s b\u00e2ties, imposition. &#8211; Rue de Reims : fiches auxiliaires cadastrales (1895-1984).<\/li><li>AMO &#8211; Cote 1J467 &#8211; Commission communale de s\u00e9curit\u00e9. &#8211; Autorisations d&rsquo;ouverture et visites (1935-1955).<\/li><\/ul>\n","protected":false},"excerpt":{"rendered":"<p>Dans une lettre du 22 octobre 1935 adress\u00e9e au Maire d\u2019Orl\u00e9ans et au Pr\u00e9fet, Marcel Meunier demande l\u2019autorisation d\u2019ouvrir une \u00ab\u00a0salle de distraction\u00a0\u00bb de 100 places assises. Elle \u00ab\u00a0servira de salle de r\u00e9union au Comit\u00e9 de l\u2019Argonne, aux conf\u00e9rences et chaque semaine \u00e0 une s\u00e9ance de cin\u00e9ma parlant.\u00a0\u00bb Il entreprend des travaux pour la s\u00e9curit\u00e9. [&hellip;]<\/p>\n","protected":false},"author":1,"featured_media":0,"parent":6980,"menu_order":0,"comment_status":"closed","ping_status":"closed","template":"","meta":{"ngg_post_thumbnail":0,"footnotes":""},"class_list":["post-6978","page","type-page","status-publish","hentry","entry"],"_links":{"self":[{"href":"https:\/\/amae.eu\/index.php\/wp-json\/wp\/v2\/pages\/6978"}],"collection":[{"href":"https:\/\/amae.eu\/index.php\/wp-json\/wp\/v2\/pages"}],"about":[{"href":"https:\/\/amae.eu\/index.php\/wp-json\/wp\/v2\/types\/page"}],"author":[{"embeddable":true,"href":"https:\/\/amae.eu\/index.php\/wp-json\/wp\/v2\/users\/1"}],"replies":[{"embeddable":true,"href":"https:\/\/amae.eu\/index.php\/wp-json\/wp\/v2\/comments?post=6978"}],"version-history":[{"count":4,"href":"https:\/\/amae.eu\/index.php\/wp-json\/wp\/v2\/pages\/6978\/revisions"}],"predecessor-version":[{"id":7995,"href":"https:\/\/amae.eu\/index.php\/wp-json\/wp\/v2\/pages\/6978\/revisions\/7995"}],"up":[{"embeddable":true,"href":"https:\/\/amae.eu\/index.php\/wp-json\/wp\/v2\/pages\/6980"}],"wp:attachment":[{"href":"https:\/\/amae.eu\/index.php\/wp-json\/wp\/v2\/media?parent=6978"}],"curies":[{"name":"wp","href":"https:\/\/api.w.org\/{rel}","templated":true}]}}