{"id":7432,"date":"2023-05-18T14:33:14","date_gmt":"2023-05-18T12:33:14","guid":{"rendered":"https:\/\/amae.eu\/?page_id=7432"},"modified":"2023-06-02T13:34:01","modified_gmt":"2023-06-02T11:34:01","slug":"8-bis-venelle-de-gien","status":"publish","type":"page","link":"https:\/\/amae.eu\/index.php\/anciens-commerces\/venelle-de-gien\/8-bis-venelle-de-gien\/","title":{"rendered":"8 bis Venelle de Gien"},"content":{"rendered":"\n<p>Mme Gauguet, professeure dipl\u00f4m\u00e9e, proposait \u00e0 cette adresse en 1937 des activit\u00e9s physiques et de la gymnastique rythmique aux dames, jeunes filles et enfants. Gauguet est le nom marital de <a href=\"https:\/\/amae.eu\/index.php\/anciens-commerces\/rue-de-bellebat\/98-rue-de-bellebat-education-physique\/\">Genevi\u00e8ve Machard<\/a> (mari\u00e9e en 1936 \u00e0 Louis Emile Gauguet), fille des propri\u00e9taires de la fabrique de caisses en bois <a href=\"https:\/\/amae.eu\/index.php\/anciens-commerces\/rue-chateau-gaillard\/59-rue-du-chateau-gaillard-scierie-et-transports-t-r-e-c\/\">Machard-Lacour<\/a> (au 59 rue du Ch\u00e2teau-Gaillard), et officiait auparavant sous son nom de jeune fille au <a href=\"https:\/\/amae.eu\/index.php\/anciens-commerces\/rue-de-bellebat\/98-rue-de-bellebat-education-physique\/\">98 rue de Bellebat<\/a>. Elle est d\u00e9c\u00e9d\u00e9e le 9 mars 2009 \u00e0 Froissay (Loire Atlantique).<\/p>\n\n\n<div class=\"wp-block-image\">\n<figure class=\"aligncenter size-full\"><img fetchpriority=\"high\" decoding=\"async\" width=\"540\" height=\"285\" src=\"https:\/\/amae.eu\/wp-content\/uploads\/2023\/05\/8bis-Venelle-de-Gien-Gauguet-Bulletin-Paroissial-Saint-Marc-Novembre-1937.png\" alt=\"\" class=\"wp-image-7433\" srcset=\"https:\/\/amae.eu\/wp-content\/uploads\/2023\/05\/8bis-Venelle-de-Gien-Gauguet-Bulletin-Paroissial-Saint-Marc-Novembre-1937.png 540w, https:\/\/amae.eu\/wp-content\/uploads\/2023\/05\/8bis-Venelle-de-Gien-Gauguet-Bulletin-Paroissial-Saint-Marc-Novembre-1937-300x158.png 300w\" sizes=\"(max-width: 540px) 100vw, 540px\" \/><figcaption>Publicit\u00e9 dans le Bulletin Paroissial de Saint-Marc de 1937.<\/figcaption><\/figure><\/div>\n\n\n<p>Sources : Archives Municipales et M\u00e9tropolitaines d&rsquo;Orl\u00e9ans, <a href=\"https:\/\/archives.orleans-metropole.fr\/ark:24625\/s00527b6f0d524d5\/574d7f2c124de.fiche=arko_fiche_603d352599c99.moteur=arko_default_603e556c28cf3\">Registre des naissances<\/a>. &#8211; 1\u00e8re s\u00e9rie : n\u00b01 \u00e0 779 (31 d\u00e9cembre 1913 &#8211; 16 ao\u00fbt 1914). C\u00f4te 2E398<\/p>\n\n\n\n<p><\/p>\n","protected":false},"excerpt":{"rendered":"<p>Mme Gauguet, professeure dipl\u00f4m\u00e9e, proposait \u00e0 cette adresse en 1937 des activit\u00e9s physiques et de la gymnastique rythmique aux dames, jeunes filles et enfants. Gauguet est le nom marital de Genevi\u00e8ve Machard (mari\u00e9e en 1936 \u00e0 Louis Emile Gauguet), fille des propri\u00e9taires de la fabrique de caisses en bois Machard-Lacour (au 59 rue du Ch\u00e2teau-Gaillard), [&hellip;]<\/p>\n","protected":false},"author":1,"featured_media":0,"parent":7430,"menu_order":0,"comment_status":"closed","ping_status":"closed","template":"","meta":{"ngg_post_thumbnail":0,"footnotes":""},"class_list":["post-7432","page","type-page","status-publish","hentry","entry"],"_links":{"self":[{"href":"https:\/\/amae.eu\/index.php\/wp-json\/wp\/v2\/pages\/7432"}],"collection":[{"href":"https:\/\/amae.eu\/index.php\/wp-json\/wp\/v2\/pages"}],"about":[{"href":"https:\/\/amae.eu\/index.php\/wp-json\/wp\/v2\/types\/page"}],"author":[{"embeddable":true,"href":"https:\/\/amae.eu\/index.php\/wp-json\/wp\/v2\/users\/1"}],"replies":[{"embeddable":true,"href":"https:\/\/amae.eu\/index.php\/wp-json\/wp\/v2\/comments?post=7432"}],"version-history":[{"count":6,"href":"https:\/\/amae.eu\/index.php\/wp-json\/wp\/v2\/pages\/7432\/revisions"}],"predecessor-version":[{"id":7645,"href":"https:\/\/amae.eu\/index.php\/wp-json\/wp\/v2\/pages\/7432\/revisions\/7645"}],"up":[{"embeddable":true,"href":"https:\/\/amae.eu\/index.php\/wp-json\/wp\/v2\/pages\/7430"}],"wp:attachment":[{"href":"https:\/\/amae.eu\/index.php\/wp-json\/wp\/v2\/media?parent=7432"}],"curies":[{"name":"wp","href":"https:\/\/api.w.org\/{rel}","templated":true}]}}