{"id":7484,"date":"2023-05-20T13:32:27","date_gmt":"2023-05-20T11:32:27","guid":{"rendered":"http:\/\/amae.eu\/?page_id=7484"},"modified":"2023-05-31T09:44:15","modified_gmt":"2023-05-31T07:44:15","slug":"39-rue-de-bellebat-roger-toulouse-et-etablissements-marche","status":"publish","type":"page","link":"https:\/\/amae.eu\/index.php\/anciens-commerces\/rue-de-bellebat\/39-rue-de-bellebat-roger-toulouse-et-etablissements-marche\/","title":{"rendered":"39 rue de Bellebat &#8211; Roger Toulouse et \u00c9tablissements March\u00e9"},"content":{"rendered":"\n<p>Cette maison f\u00fbt construite en 1889 par Claude Chariot. A son d\u00e9c\u00e8s en 1898 elle devient la propri\u00e9t\u00e9 de sa veuve qui la revend en 1911 \u00e0 \u00c9mile March\u00e9, fabricant et vendeur de brosses, qui occupait d\u00e9j\u00e0 les locaux depuis 1908.<\/p>\n\n\n\n<p>De 1937 \u00e0 1941 la maison est habit\u00e9e par Charles F\u00e9lix Texier (entrepreneur de ma\u00e7onnerie), sa femme, leur fille Marguerite, et <a href=\"https:\/\/amae.eu\/index.php\/les-personnalites\/artistes\/roger-toulouse\/\">Roger Toulouse<\/a>. C&rsquo;est \u00e0 cette \u00e9poque que l&rsquo;artiste fait la connaissance du po\u00e8te Max Jacob qui assistera, avec Marcel B\u00e9alu, au mariage de Roger et Marguerite le 20 juin 1938. La famille d\u00e9m\u00e9nage en 1941 pour le Quai Saint-Laurent.<\/p>\n\n\n\n<div class=\"wp-block-columns is-layout-flex wp-container-core-columns-is-layout-1 wp-block-columns-is-layout-flex\">\n<div class=\"wp-block-column is-layout-flow wp-block-column-is-layout-flow\"><div class=\"wp-block-image\">\n<figure class=\"aligncenter size-full\"><img fetchpriority=\"high\" decoding=\"async\" width=\"274\" height=\"270\" src=\"https:\/\/amae.eu\/wp-content\/uploads\/2023\/05\/pt_mj_rt_1938_atelier_bellebat_r_ws29377857.jpg\" alt=\"\" class=\"wp-image-7507\"\/><figcaption>Roger Toulouse dans sont atelier rue de Bellebat, avec le po\u00e8te Max Jacob. \u00a9 Association Les Amis de Roger Toulouse<\/figcaption><\/figure><\/div><\/div>\n\n\n\n<div class=\"wp-block-column is-layout-flow wp-block-column-is-layout-flow\"><div class=\"wp-block-image\">\n<figure class=\"aligncenter size-large is-resized\"><img decoding=\"async\" src=\"https:\/\/amae.eu\/wp-content\/uploads\/2023\/05\/1938-Max-Jacob-Roger-et-Marguerite-Tououse-39-rue-Bellebat-a-Orleans-1024x981.jpg\" alt=\"\" class=\"wp-image-7591\" width=\"284\" height=\"271\" srcset=\"https:\/\/amae.eu\/wp-content\/uploads\/2023\/05\/1938-Max-Jacob-Roger-et-Marguerite-Tououse-39-rue-Bellebat-a-Orleans-1024x981.jpg 1024w, https:\/\/amae.eu\/wp-content\/uploads\/2023\/05\/1938-Max-Jacob-Roger-et-Marguerite-Tououse-39-rue-Bellebat-a-Orleans-300x287.jpg 300w, https:\/\/amae.eu\/wp-content\/uploads\/2023\/05\/1938-Max-Jacob-Roger-et-Marguerite-Tououse-39-rue-Bellebat-a-Orleans-768x736.jpg 768w, https:\/\/amae.eu\/wp-content\/uploads\/2023\/05\/1938-Max-Jacob-Roger-et-Marguerite-Tououse-39-rue-Bellebat-a-Orleans.jpg 1280w\" sizes=\"(max-width: 284px) 100vw, 284px\" \/><figcaption>Max Jacob, Roger Toulouse et Marguerite Toulouse-Texier rue de Bellebat en 1938. \u00a9 Association Les Amis de Roger Toulouse<\/figcaption><\/figure><\/div><\/div>\n<\/div>\n\n\n\n<p>Le 18 mars 1955 Georges March\u00e9, fils d&rsquo;Emile (d\u00e9c\u00e9d\u00e9 le 17 d\u00e9cembre 1968), h\u00e9rite de la propri\u00e9t\u00e9 dans laquelle seront situ\u00e9s les bureaux des \u00c9tablissements March\u00e9 (mat\u00e9riaux de construction), dont les hangars et d\u00e9p\u00f4ts seront situ\u00e9s au <a href=\"http:\/\/amae.eu\/index.php\/anciens-commerces\/rue-de-bellebat\/86-rue-de-bellebat-etablissements-marche\/\">86 rue de Bellebat<\/a>.<\/p>\n\n\n\n<p>Sources : <\/p>\n\n\n\n<ul class=\"wp-block-list\"><li>Archives Municipales et Communautaires d\u2019Orl\u00e9ans M\u00e9tropole \u2013 Fiches auxiliaires cadastrales \u2013 <a href=\"https:\/\/archives.orleans-metropole.fr\/ark:24625\/s005755793ee1bf6\/58845def9f7ca.fiche=arko_fiche_603d3623c3de7.moteur=arko_default_603e55c86bc60\">4G777<\/a><\/li><li><a href=\"http:\/\/www.roger-toulouse.com\/\">Les Amis de Roger Toulouse<\/a><\/li><\/ul>\n","protected":false},"excerpt":{"rendered":"<p>Cette maison f\u00fbt construite en 1889 par Claude Chariot. A son d\u00e9c\u00e8s en 1898 elle devient la propri\u00e9t\u00e9 de sa veuve qui la revend en 1911 \u00e0 \u00c9mile March\u00e9, fabricant et vendeur de brosses, qui occupait d\u00e9j\u00e0 les locaux depuis 1908. De 1937 \u00e0 1941 la maison est habit\u00e9e par Charles F\u00e9lix Texier (entrepreneur de [&hellip;]<\/p>\n","protected":false},"author":1,"featured_media":0,"parent":6500,"menu_order":0,"comment_status":"closed","ping_status":"closed","template":"","meta":{"ngg_post_thumbnail":0,"footnotes":""},"class_list":["post-7484","page","type-page","status-publish","hentry","entry"],"_links":{"self":[{"href":"https:\/\/amae.eu\/index.php\/wp-json\/wp\/v2\/pages\/7484"}],"collection":[{"href":"https:\/\/amae.eu\/index.php\/wp-json\/wp\/v2\/pages"}],"about":[{"href":"https:\/\/amae.eu\/index.php\/wp-json\/wp\/v2\/types\/page"}],"author":[{"embeddable":true,"href":"https:\/\/amae.eu\/index.php\/wp-json\/wp\/v2\/users\/1"}],"replies":[{"embeddable":true,"href":"https:\/\/amae.eu\/index.php\/wp-json\/wp\/v2\/comments?post=7484"}],"version-history":[{"count":8,"href":"https:\/\/amae.eu\/index.php\/wp-json\/wp\/v2\/pages\/7484\/revisions"}],"predecessor-version":[{"id":7627,"href":"https:\/\/amae.eu\/index.php\/wp-json\/wp\/v2\/pages\/7484\/revisions\/7627"}],"up":[{"embeddable":true,"href":"https:\/\/amae.eu\/index.php\/wp-json\/wp\/v2\/pages\/6500"}],"wp:attachment":[{"href":"https:\/\/amae.eu\/index.php\/wp-json\/wp\/v2\/media?parent=7484"}],"curies":[{"name":"wp","href":"https:\/\/api.w.org\/{rel}","templated":true}]}}