{"id":7652,"date":"2023-06-02T13:42:25","date_gmt":"2023-06-02T11:42:25","guid":{"rendered":"https:\/\/amae.eu\/?page_id=7652"},"modified":"2023-08-09T15:20:25","modified_gmt":"2023-08-09T13:20:25","slug":"2-rue-du-petit-pont-fabrique-de-caisses-en-bois","status":"publish","type":"page","link":"https:\/\/amae.eu\/index.php\/anciens-commerces\/rue-du-petit-pont\/2-rue-du-petit-pont-fabrique-de-caisses-en-bois\/","title":{"rendered":"2 rue du Petit-Pont &#8211; Fabrique de caisses en bois"},"content":{"rendered":"<div class=\"wp-block-image\">\n<figure class=\"aligncenter size-full is-resized\"><img fetchpriority=\"high\" decoding=\"async\" src=\"https:\/\/amae.eu\/wp-content\/uploads\/2023\/06\/2-rue-du-Petit-Pont-Machard-Bourgeois-Photo-Sylvie-Daudon.jpg\" alt=\"\" class=\"wp-image-7654\" width=\"644\" height=\"483\" srcset=\"https:\/\/amae.eu\/wp-content\/uploads\/2023\/06\/2-rue-du-Petit-Pont-Machard-Bourgeois-Photo-Sylvie-Daudon.jpg 960w, https:\/\/amae.eu\/wp-content\/uploads\/2023\/06\/2-rue-du-Petit-Pont-Machard-Bourgeois-Photo-Sylvie-Daudon-300x225.jpg 300w, https:\/\/amae.eu\/wp-content\/uploads\/2023\/06\/2-rue-du-Petit-Pont-Machard-Bourgeois-Photo-Sylvie-Daudon-768x576.jpg 768w\" sizes=\"(max-width: 644px) 100vw, 644px\" \/><\/figure><\/div>\n\n\n<p>Les b\u00e2timents qui se tenaient au 2 rue du Petit-Pont ont \u00e9t\u00e9 d\u00e9truits durant le percement de la Voie \u00ab&nbsp;G&nbsp;\u00bb (Avenue des Droits-de-l\u2019Homme).<\/p>\n\n\n\n<p>Emile <strong>Albert <\/strong>Machard (n\u00e9 en 1861 \u00e0 Ouvrouer-les-Champs, Loiret) construit en 1898 sur le terrain de Paul Roulleau un hangar ouvert, un hangar ferm\u00e9 et deux hangars pour scieries. Dans les hangars, Albert d\u00e9veloppe au tout d\u00e9but du XX<sup>\u00e8me<\/sup> si\u00e8cle une activit\u00e9 de scierie pour la fabrication de caisses ou coffres en bois blanc, avec usine \u00e0 vapeur\u00a0! Les hangars seront d\u00e9molis en 1926. Le nom de son entreprise est \u00ab\u00a0Machard-Bourgeois\u00a0\u00bb. En effet, Albert est mari\u00e9 \u00e0 L\u00e9onie n\u00e9e Bourgeois. En 1906 Albert vit dans la maison attenante aux hangars avec sa femme, leurs enfants Gaston et Edouard (tous deux n\u00e9s \u00e0 Saint-Jean-de-Braye, respectivement en 1891 et me 6 f\u00e9vrier 1888), <a>Cl\u00e9ophas<\/a><a href=\"#_msocom_1\">[JJ1]<\/a>\u00a0, p\u00e8re de L\u00e9onie et Ang\u00e9line sa s\u0153ur, ainsi que deux ouvriers de la fabrique de caisses en bois : Achille Bottet et Lucien Thivierge. Les parents et enfants, le p\u00e8re de L\u00e9onie et sa s\u0153ur vivent toujours \u00e0 cette adresse en 1911. Des membres de la famille Bourgeois (Georges, le p\u00e8re, patron vigneron, Augustine Delahaye la m\u00e8re, Madeleine et Ars\u00e8ne leurs enfants) vivaient d\u00e9j\u00e0 \u00e0 cette adresse en 1901.<\/p>\n\n\n\n<p>L&rsquo;entreprise sera c\u00e9d\u00e9e le 1<sup>er<\/sup> juin 1919 \u00e0 Edouard Machard. Albert <strong>Edouard <\/strong>Jules Machard se marie le 19 d\u00e9cembre 1911 avec Marie Louise Lacour, institutrice libre. Avant d&rsquo;accompagner son p\u00e8re puis de reprendre son activit\u00e9, Edouard \u00e9tait, entre 1912 et 1914 professeur de gymnastique, de culture physique, de massage m\u00e9dical, et d&rsquo;escrime (\u00e9p\u00e9e, fleuret, <a>sabre<\/a>). Marie Louise est sans profession. \u00a0Ils ont habit\u00e9 au 41 rue de Bourgogne, puis 23 et 26 rue Coquille puis 26 rue Coquille en 1913, \u00e0 la naissance de leur premier enfant Jean L\u00e9on Marie.<\/p>\n\n\n\n<p>En 1921, la propri\u00e9t\u00e9 n&rsquo;est plus occup\u00e9e que par la famille de Edouard et Marie. La famille s&rsquo;est agrandie puisque Genevi\u00e8ve (n\u00e9e en 1914), Edith (n\u00e9e en 1916) et Monique (n\u00e9e en 1920) rejoignent Jean. Louise P\u00e9guy, leur domestique, habite aussi les lieux.<\/p>\n\n\n\n<p>La famille et la scierie (d\u00e9sormais d\u00e9nomm\u00e9e \u00ab&nbsp;Machard-Lacour&nbsp;\u00bb) d\u00e9m\u00e9nagent pour le <a href=\"https:\/\/amae.eu\/index.php\/anciens-commerces\/rue-chateau-gaillard\/59-rue-du-chateau-gaillard-scierie-et-transports-t-r-e-c\/\">59 rue du Ch\u00e2teau-Gaillard<\/a> en 1929. La famille Dargery occupera ensuite la maison \u00e0 partir de 1931.<\/p>\n\n\n\n<p>R\u00e9f\u00e9rences : <\/p>\n\n\n\n<p>Archives municipales et m\u00e9tropolitaines d\u2019Orl\u00e9ans<\/p>\n\n\n\n<ul class=\"wp-block-list\"><li>Propri\u00e9t\u00e9s b\u00e2ties, imposition. &#8211; Rue du Petit-Pont : <a href=\"https:\/\/archives.orleans-metropole.fr\/ark:24625\/s005755793f0f326\/596e991a1f953.fiche=arko_fiche_603d362e461a6.moteur=arko_default_603e55c86bc60\">fiches auxiliaires cadastrales<\/a> (1864-1984). 4G892<\/li><li><a href=\"https:\/\/archives.orleans-metropole.fr\/ark:24625\/s00527b7f738e867\/527b802e1e4e5.fiche=arko_fiche_603d36f02ff02.moteur=arko_default_603e55e82bf99\">Recensement de la population de 1901<\/a>. &#8211; Liste nominative : cantons nord-est, nord-ouest et sud. 1F40<\/li><li><a href=\"https:\/\/archives.orleans-metropole.fr\/ark:24625\/s00527b7f739175f\/527b80364b1fb.fiche=arko_fiche_603d36f04c101.moteur=arko_default_603e55e82bf99\">Recensement de la population de 1906<\/a>. &#8211; Liste nominative : cantons nord-est, nord-ouest et sud. 1F42<\/li><li><a href=\"https:\/\/archives.orleans-metropole.fr\/ark:24625\/s00527b7f73945c4\/527b803ab5753.fiche=arko_fiche_603d36f0649a8.moteur=arko_default_603e55e82bf99\">Recensement de la population de 1911<\/a>. &#8211; Liste nominative : cantons nord-est, nord-ouest et sud. 1F44<\/li><li><a href=\"https:\/\/archives.orleans-metropole.fr\/ark:24625\/s00527b7f73974ae\/5aba54a2d58b7.fiche=arko_fiche_603d36f078b81.moteur=arko_default_603e55e82bf99\">Recensement de la population de 1921<\/a>. &#8211; Liste nominative : cantons nord-est, nord-ouest et sud. 1F46<\/li><li><a href=\"https:\/\/archives.orleans-metropole.fr\/ark:24625\/s00527b7f739e9c7\/5b18edfe2f4bf.fiche=arko_fiche_603d36f0aae1a.moteur=arko_default_603e55e82bf99\">Recensement de la population de 1931<\/a>. &#8211; Liste nominative : cantons nord-est, nord-ouest et sud. 1F51<\/li><\/ul>\n\n\n\n<hr class=\"wp-block-separator has-alpha-channel-opacity\"\/>\n","protected":false},"excerpt":{"rendered":"<p>Les b\u00e2timents qui se tenaient au 2 rue du Petit-Pont ont \u00e9t\u00e9 d\u00e9truits durant le percement de la Voie \u00ab&nbsp;G&nbsp;\u00bb (Avenue des Droits-de-l\u2019Homme). Emile Albert Machard (n\u00e9 en 1861 \u00e0 Ouvrouer-les-Champs, Loiret) construit en 1898 sur le terrain de Paul Roulleau un hangar ouvert, un hangar ferm\u00e9 et deux hangars pour scieries. Dans les hangars, [&hellip;]<\/p>\n","protected":false},"author":1,"featured_media":0,"parent":7641,"menu_order":0,"comment_status":"closed","ping_status":"closed","template":"","meta":{"ngg_post_thumbnail":0,"footnotes":""},"class_list":["post-7652","page","type-page","status-publish","hentry","entry"],"_links":{"self":[{"href":"https:\/\/amae.eu\/index.php\/wp-json\/wp\/v2\/pages\/7652"}],"collection":[{"href":"https:\/\/amae.eu\/index.php\/wp-json\/wp\/v2\/pages"}],"about":[{"href":"https:\/\/amae.eu\/index.php\/wp-json\/wp\/v2\/types\/page"}],"author":[{"embeddable":true,"href":"https:\/\/amae.eu\/index.php\/wp-json\/wp\/v2\/users\/1"}],"replies":[{"embeddable":true,"href":"https:\/\/amae.eu\/index.php\/wp-json\/wp\/v2\/comments?post=7652"}],"version-history":[{"count":10,"href":"https:\/\/amae.eu\/index.php\/wp-json\/wp\/v2\/pages\/7652\/revisions"}],"predecessor-version":[{"id":8056,"href":"https:\/\/amae.eu\/index.php\/wp-json\/wp\/v2\/pages\/7652\/revisions\/8056"}],"up":[{"embeddable":true,"href":"https:\/\/amae.eu\/index.php\/wp-json\/wp\/v2\/pages\/7641"}],"wp:attachment":[{"href":"https:\/\/amae.eu\/index.php\/wp-json\/wp\/v2\/media?parent=7652"}],"curies":[{"name":"wp","href":"https:\/\/api.w.org\/{rel}","templated":true}]}}