{"id":832,"date":"2019-12-10T09:44:07","date_gmt":"2019-12-10T08:44:07","guid":{"rendered":"http:\/\/amae.eu\/?page_id=832"},"modified":"2020-09-17T19:07:13","modified_gmt":"2020-09-17T17:07:13","slug":"anciens-commerces","status":"publish","type":"page","link":"https:\/\/amae.eu\/index.php\/anciens-commerces\/","title":{"rendered":"Anciens Commerces"},"content":{"rendered":"\n<p>Quelle activit\u00e9 !<\/p>\n\n\n\n<p>La carte ci-dessous recense les anciens commerces du quartier. Un vendeur de peaux de lapins, un brocanteur, une couturi\u00e8re, etc&#8230;<\/p>\n\n\n\n<p>En faisant appel \u00e0 la m\u00e9moire des habitants du quartier, nous sommes parvenus \u00e0 dresser un panorama assez \u00e9tendu de la vitalit\u00e9 du quartier. Il a \u00e9t\u00e9 compl\u00e9t\u00e9 par des recherches dans les fonds des archives municipales et communautaires d&rsquo;Orl\u00e9ans, notamment les fiches auxiliaires cadastrales et les casiers sanitaires. <\/p>\n\n\n\n<p>Pour obtenir la description d&rsquo;un ancien commerce, cliquez sur un point bleu sur la carte ci-dessous. la navigation est plus pratique si vous vous mettez en mode plein \u00e9cran (lien sous la carte).<\/p>\n\n\n\n<p>Malgr\u00e9 le soin que nous y apportons, cet inventaire est encore tr\u00e8s incomplet.<\/p>\n\n\n\n<p>Il manque sans doute d&rsquo;autres commerces, les dates d&rsquo;activit\u00e9s, les propri\u00e9taires et exploitants et des photos des fa\u00e7ades, de l&rsquo;int\u00e9rieur, des objets (publicitaires par exemple, ou des factures, des publicit\u00e9s&#8230;) !<\/p>\n\n\n\n<p>Aidez-nous \u00e0 compl\u00e9ter au maximum cette carte en laissant des commentaires.<\/p>\n\n\n\n<p><\/p>\n\n\n\n<iframe width=\"100%\" height=\"600px\" frameborder=\"0\" allowfullscreen src=\"\/\/umap.openstreetmap.fr\/fr\/map\/lieux-remarquables-est-dorleans_499894?scaleControl=false&#038;miniMap=false&#038;scrollWheelZoom=true&#038;zoomControl=true&#038;allowEdit=false&#038;moreControl=true&#038;searchControl=null&#038;tilelayersControl=null&#038;embedControl=null&#038;datalayersControl=true&#038;onLoadPanel=undefined&#038;captionBar=false&#038;datalayers=1405430#14\/47.9091\/1.9297\"><\/iframe><p><a href=\"\/\/umap.openstreetmap.fr\/fr\/map\/lieux-remarquables-est-dorleans_499894\">Voir en plein \u00e9cran<\/a><\/p>\n\n\n\n<figure class=\"wp-block-image size-large\"><img fetchpriority=\"high\" decoding=\"async\" width=\"538\" height=\"350\" src=\"http:\/\/amae.eu\/wp-content\/uploads\/2019\/12\/130-Etablissements-Nicolle.jpg\" alt=\"\" class=\"wp-image-843\" srcset=\"https:\/\/amae.eu\/wp-content\/uploads\/2019\/12\/130-Etablissements-Nicolle.jpg 538w, https:\/\/amae.eu\/wp-content\/uploads\/2019\/12\/130-Etablissements-Nicolle-300x195.jpg 300w\" sizes=\"(max-width: 538px) 100vw, 538px\" \/><figcaption>Carte postale des Etablissements Nicolle au 41 rue du Ch\u00e2teau Gaillard<\/figcaption><\/figure>\n","protected":false},"excerpt":{"rendered":"<p>Quelle activit\u00e9 ! La carte ci-dessous recense les anciens commerces du quartier. Un vendeur de peaux de lapins, un brocanteur, une couturi\u00e8re, etc&#8230; En faisant appel \u00e0 la m\u00e9moire des habitants du quartier, nous sommes parvenus \u00e0 dresser un panorama assez \u00e9tendu de la vitalit\u00e9 du quartier. Il a \u00e9t\u00e9 compl\u00e9t\u00e9 par des recherches dans [&hellip;]<\/p>\n","protected":false},"author":1,"featured_media":0,"parent":0,"menu_order":0,"comment_status":"closed","ping_status":"closed","template":"","meta":{"ngg_post_thumbnail":0,"footnotes":""},"class_list":["post-832","page","type-page","status-publish","hentry","entry"],"_links":{"self":[{"href":"https:\/\/amae.eu\/index.php\/wp-json\/wp\/v2\/pages\/832"}],"collection":[{"href":"https:\/\/amae.eu\/index.php\/wp-json\/wp\/v2\/pages"}],"about":[{"href":"https:\/\/amae.eu\/index.php\/wp-json\/wp\/v2\/types\/page"}],"author":[{"embeddable":true,"href":"https:\/\/amae.eu\/index.php\/wp-json\/wp\/v2\/users\/1"}],"replies":[{"embeddable":true,"href":"https:\/\/amae.eu\/index.php\/wp-json\/wp\/v2\/comments?post=832"}],"version-history":[{"count":16,"href":"https:\/\/amae.eu\/index.php\/wp-json\/wp\/v2\/pages\/832\/revisions"}],"predecessor-version":[{"id":1546,"href":"https:\/\/amae.eu\/index.php\/wp-json\/wp\/v2\/pages\/832\/revisions\/1546"}],"wp:attachment":[{"href":"https:\/\/amae.eu\/index.php\/wp-json\/wp\/v2\/media?parent=832"}],"curies":[{"name":"wp","href":"https:\/\/api.w.org\/{rel}","templated":true}]}}