{"id":851,"date":"2019-12-10T10:34:15","date_gmt":"2019-12-10T09:34:15","guid":{"rendered":"http:\/\/amae.eu\/?page_id=851"},"modified":"2019-12-10T10:35:50","modified_gmt":"2019-12-10T09:35:50","slug":"le-marche-quai-du-roi","status":"publish","type":"page","link":"https:\/\/amae.eu\/index.php\/les-batiments-remarquables\/le-marche-quai-du-roi\/","title":{"rendered":"Le March\u00e9 Quai du Roi"},"content":{"rendered":"\n<p>A Orl\u00e9ans, les bords de Loire ont \u00e9t\u00e9 am\u00e9nag\u00e9s depuis tr\u00e8s longtemps pour favoriser la navigation. La ville a dispos\u00e9 d&rsquo;une situation g\u00e9ographique avantageuse, proche de la Seine et de Paris et a \u00e9t\u00e9 un point de redistribution des marchandises qui ont contribu\u00e9 \u00e0 son d\u00e9veloppement. Apr\u00e8s plusieurs campagnes de travaux, dont la construction d&rsquo;un pont, de quais ma\u00e7onn\u00e9s et de cales d&rsquo;abordage pour les bateaux, \u00e0 la fin du XVIII\u00e8me si\u00e8cle, les quais d&rsquo;Orl\u00e9ans forment une voie continue, de la porte Saint-Laurent jusqu&rsquo;au Fort Alleaume.<\/p>\n\n\n\n<p>Le 5 d\u00e9cembre 1829, la partie du bord de Loire, situ\u00e9e en amont de la Motte-Sanguin et jusqu&rsquo;au Cabinet Vert, prend le nom de Quai du Roi, par d\u00e9cision du Conseil Municipal. De 1843 \u00e0 1847, un pont de chemin de fer est \u00e9difi\u00e9, au niveau de la Motte-Sanguin. Il permet au train de franchir la Loire et de poursuivre son trajet en direction de Vierzon. En 1852, des bois de charpente, des pierres de taille, des charniers et des merrains \u00e9taient d\u00e9pos\u00e9s sur le Quai du Roi. Durant l&rsquo;hiver 1870-71, la ville doit faire face \u00e0 une p\u00e9nurie de bois et de charbon. Tous les peupliers du Quai du Roi sont r\u00e9quisitionn\u00e9s pour \u00eatre abattus et transform\u00e9s en bois de chauffage.<\/p>\n\n\n\n<figure class=\"wp-block-image size-large\"><img fetchpriority=\"high\" decoding=\"async\" width=\"1024\" height=\"673\" src=\"http:\/\/amae.eu\/wp-content\/uploads\/2019\/12\/AC045_234_2FI0055-1024x673.jpg\" alt=\"\" class=\"wp-image-852\" srcset=\"https:\/\/amae.eu\/wp-content\/uploads\/2019\/12\/AC045_234_2FI0055-1024x673.jpg 1024w, https:\/\/amae.eu\/wp-content\/uploads\/2019\/12\/AC045_234_2FI0055-300x197.jpg 300w, https:\/\/amae.eu\/wp-content\/uploads\/2019\/12\/AC045_234_2FI0055-768x505.jpg 768w, https:\/\/amae.eu\/wp-content\/uploads\/2019\/12\/AC045_234_2FI0055.jpg 1072w\" sizes=\"(max-width: 1024px) 100vw, 1024px\" \/><figcaption> Carte postale &#8211; Orl\u00e9ans par temps de neige &#8211; Le Quai du Roi. Source : Archives Municipales et Communautaires d&rsquo;Orl\u00e9ans <\/figcaption><\/figure>\n\n\n\n<p>Au d\u00e9but du XX\u00e8me si\u00e8cle, en concurrence avec le rail, le trafic fluvial chute et de nombreux projets d&rsquo;am\u00e9nagements de la Loire sont abandonn\u00e9s. Except\u00e9, le prolongement du canal d&rsquo;Orl\u00e9ans, entre Combleux et Orl\u00e9ans. A cet effet, les travaux, men\u00e9s de 1910 \u00e0 1921, vont profond\u00e9ment modifier l&rsquo;acc\u00e8s \u00e0 la Loire, du Cabinet Vert au Quai du Fort Alleaume. <\/p>\n\n\n\n<p>En 1922, l&rsquo;Union cycliste d&rsquo;Orl\u00e9ans (UCO) fait construire un v\u00e9lodrome sur un terrain lui appartenant 33, quai du Roi \u00e0 Orl\u00e9ans &#8211; Voir <a href=\"http:\/\/archives.orleans-metropole.fr\/f\/encycloedifices\/24604\/fiche\/?\">fiche d\u00e9di\u00e9e<\/a> sur l&rsquo;EncyclO.<\/p>\n\n\n\n<figure class=\"wp-block-image size-large\"><img decoding=\"async\" width=\"814\" height=\"523\" src=\"http:\/\/amae.eu\/wp-content\/uploads\/2019\/12\/ori_union-cycliste-d-orleans.-stade-velodrome-d-orleans-33-quai-du-roi-amo-2fi855-.jpg\" alt=\"\" class=\"wp-image-853\" srcset=\"https:\/\/amae.eu\/wp-content\/uploads\/2019\/12\/ori_union-cycliste-d-orleans.-stade-velodrome-d-orleans-33-quai-du-roi-amo-2fi855-.jpg 814w, https:\/\/amae.eu\/wp-content\/uploads\/2019\/12\/ori_union-cycliste-d-orleans.-stade-velodrome-d-orleans-33-quai-du-roi-amo-2fi855--300x193.jpg 300w, https:\/\/amae.eu\/wp-content\/uploads\/2019\/12\/ori_union-cycliste-d-orleans.-stade-velodrome-d-orleans-33-quai-du-roi-amo-2fi855--768x493.jpg 768w\" sizes=\"(max-width: 814px) 100vw, 814px\" \/><figcaption> Union cycliste d&rsquo;Orl\u00e9ans. Stade v\u00e9lodrome d&rsquo;Orl\u00e9ans &#8211; 33, quai du Roi  (AMO, 2FI855). Source : Archives Municipales et Communautaires d&rsquo;Orl\u00e9ans <\/figcaption><\/figure>\n\n\n\n<p> Le chemin de fer et l&rsquo;automobile entrainent le d\u00e9clin de la navigation  sur le canal d&rsquo;Orl\u00e9ans, qui est ensuite d\u00e9class\u00e9 en 1954. L&rsquo;ouvrage  manque d&rsquo;entretien et se d\u00e9grade inexorablement.<\/p>\n\n\n\n<figure class=\"wp-block-image size-large\"><img decoding=\"async\" width=\"930\" height=\"622\" src=\"http:\/\/amae.eu\/wp-content\/uploads\/2019\/12\/Capture-1.jpg\" alt=\"\" class=\"wp-image-854\" srcset=\"https:\/\/amae.eu\/wp-content\/uploads\/2019\/12\/Capture-1.jpg 930w, https:\/\/amae.eu\/wp-content\/uploads\/2019\/12\/Capture-1-300x201.jpg 300w, https:\/\/amae.eu\/wp-content\/uploads\/2019\/12\/Capture-1-768x514.jpg 768w\" sizes=\"(max-width: 930px) 100vw, 930px\" \/><figcaption> Carte Postale : Orl\u00e9ans &#8211; La Loire et le Cabinet Vert &#8211; Source : Archives Municipales et Communautaires d&rsquo;Orl\u00e9ans <\/figcaption><\/figure>\n\n\n\n<p> Au cours des ann\u00e9es 50-60, la cuvette, entre le Cabinet Vert et le Pont  de Vierzon, est progressivement combl\u00e9e. Le Quai du Roi n&rsquo;est plus qu&rsquo;un  vaste espace, peu attrayant, o\u00f9 sont cr\u00e9\u00e9s des parkings. L&rsquo;un d\u00e9di\u00e9 aux  poids lourds, les autres allou\u00e9s aux entreprises Brill et Escalier. En  1969, une promenade de d\u00e9tente, agr\u00e9ment\u00e9e de plantations et de pelouse  est am\u00e9nag\u00e9e par la ville.<\/p>\n\n\n\n<figure class=\"wp-block-image size-large\"><img loading=\"lazy\" decoding=\"async\" width=\"1024\" height=\"683\" src=\"http:\/\/amae.eu\/wp-content\/uploads\/2019\/12\/DSF6564-Copier-1-1024x683.jpg\" alt=\"\" class=\"wp-image-855\" srcset=\"https:\/\/amae.eu\/wp-content\/uploads\/2019\/12\/DSF6564-Copier-1-1024x683.jpg 1024w, https:\/\/amae.eu\/wp-content\/uploads\/2019\/12\/DSF6564-Copier-1-300x200.jpg 300w, https:\/\/amae.eu\/wp-content\/uploads\/2019\/12\/DSF6564-Copier-1-768x512.jpg 768w, https:\/\/amae.eu\/wp-content\/uploads\/2019\/12\/DSF6564-Copier-1-1536x1024.jpg 1536w, https:\/\/amae.eu\/wp-content\/uploads\/2019\/12\/DSF6564-Copier-1.jpg 1728w\" sizes=\"(max-width: 1024px) 100vw, 1024px\" \/><figcaption>  Le Quai du Roi et le Cabinet Vert en 2019 &#8211; Photo L. Lordet<\/figcaption><\/figure>\n\n\n\n<p> A d\u00e9but des ann\u00e9es 2000, la ville d&rsquo;Orl\u00e9ans d\u00e9cide de reconqu\u00e9rir le  fleuve avec pour projet d&rsquo;ouvrir les quais \u00e0 la promenade, aux loisirs  et de r\u00e9habiliter le canal. En 2012, le march\u00e9 s&rsquo;installe d\u00e9finitivement  Quai du Roi, dans un espace abrit\u00e9 par des structures m\u00e9talliques. En  2013, le public, d\u00e9couvre le nouveau Quai du Roi. Dans un environnement  paysag\u00e9, la promenade et la piste cyclable sont mis en valeur, une aire  de jeux et des bancs compl\u00e8tent l&rsquo;\u00e9quipement.<\/p>\n\n\n\n<figure class=\"wp-block-image size-large\"><img loading=\"lazy\" decoding=\"async\" width=\"1024\" height=\"683\" src=\"http:\/\/amae.eu\/wp-content\/uploads\/2019\/12\/DSF6550-Copier-1024x683.jpg\" alt=\"\" class=\"wp-image-856\" srcset=\"https:\/\/amae.eu\/wp-content\/uploads\/2019\/12\/DSF6550-Copier-1024x683.jpg 1024w, https:\/\/amae.eu\/wp-content\/uploads\/2019\/12\/DSF6550-Copier-300x200.jpg 300w, https:\/\/amae.eu\/wp-content\/uploads\/2019\/12\/DSF6550-Copier-768x512.jpg 768w, https:\/\/amae.eu\/wp-content\/uploads\/2019\/12\/DSF6550-Copier-1536x1024.jpg 1536w, https:\/\/amae.eu\/wp-content\/uploads\/2019\/12\/DSF6550-Copier.jpg 1728w\" sizes=\"(max-width: 1024px) 100vw, 1024px\" \/><figcaption> Le Quai du Roi en 2019 &#8211; Photo L. Lordet <\/figcaption><\/figure>\n\n\n\n<p> En 2018, le march\u00e9 du Quai du Roi a \u00e9t\u00e9 l&rsquo;un des  25 finalistes du concours national \u00ab\u00a0Votre plus beau march\u00e9\u00a0\u00bb.<\/p>\n\n\n\n<iframe src=\"\/\/players.brightcove.net\/1330301255001\/SJYHCUbL_default\/index.html?videoId=5775746849001\" allowfullscreen=\"\" frameborder=\"0\"><\/iframe>\n\n\n\n<p>Auteur : L. Lordet<\/p>\n\n\n\n<p>Sources:<\/p>\n\n\n\n<ul class=\"wp-block-list\"><li><em>Archives Municipales d&rsquo;Orl\u00e9ans: cote O 3709, cote 4H8<\/em><\/li><li><em>R\u00e9gion centre-Val de Loire-Inventaire et Service Inventaire et Patrimoine: Les am\u00e9nagements portuaires de la Loire : commune d&rsquo;Orl\u00e9ans (Loiret)<\/em><\/li><li><a href=\"https:\/\/www.larep.fr\/orleans-45000\/actualites\/le-reportage-de-tf1-sur-le-marche-du-quai-du-roi-a-orleans-diffuse-ce-lundi-au-jt-de-13h_12823271\/\">Le reportage de TF1 sur le march\u00e9 du quai du Roi \u00e0 Orl\u00e9ans diffus\u00e9 ce lundi au JT de 13h<\/a> &#8211; La R\u00e9publique du Centr<em>e<\/em> 23\/04\/2018<\/li><li><a href=\"https:\/\/www.leberry.fr\/orleans-45000\/actualites\/orleans-plus-beau-marche-de-france_12749271\/#refresh\">Orl\u00e9ans, plus beau march\u00e9 de France ?<\/a> &#8211; Le Berry R\u00e9publicain 23\/02\/2018<\/li><\/ul>\n","protected":false},"excerpt":{"rendered":"<p>A Orl\u00e9ans, les bords de Loire ont \u00e9t\u00e9 am\u00e9nag\u00e9s depuis tr\u00e8s longtemps pour favoriser la navigation. La ville a dispos\u00e9 d&rsquo;une situation g\u00e9ographique avantageuse, proche de la Seine et de Paris et a \u00e9t\u00e9 un point de redistribution des marchandises qui ont contribu\u00e9 \u00e0 son d\u00e9veloppement. Apr\u00e8s plusieurs campagnes de travaux, dont la construction d&rsquo;un [&hellip;]<\/p>\n","protected":false},"author":1,"featured_media":0,"parent":18,"menu_order":0,"comment_status":"closed","ping_status":"closed","template":"","meta":{"ngg_post_thumbnail":0,"footnotes":""},"class_list":["post-851","page","type-page","status-publish","hentry","entry"],"_links":{"self":[{"href":"https:\/\/amae.eu\/index.php\/wp-json\/wp\/v2\/pages\/851"}],"collection":[{"href":"https:\/\/amae.eu\/index.php\/wp-json\/wp\/v2\/pages"}],"about":[{"href":"https:\/\/amae.eu\/index.php\/wp-json\/wp\/v2\/types\/page"}],"author":[{"embeddable":true,"href":"https:\/\/amae.eu\/index.php\/wp-json\/wp\/v2\/users\/1"}],"replies":[{"embeddable":true,"href":"https:\/\/amae.eu\/index.php\/wp-json\/wp\/v2\/comments?post=851"}],"version-history":[{"count":2,"href":"https:\/\/amae.eu\/index.php\/wp-json\/wp\/v2\/pages\/851\/revisions"}],"predecessor-version":[{"id":860,"href":"https:\/\/amae.eu\/index.php\/wp-json\/wp\/v2\/pages\/851\/revisions\/860"}],"up":[{"embeddable":true,"href":"https:\/\/amae.eu\/index.php\/wp-json\/wp\/v2\/pages\/18"}],"wp:attachment":[{"href":"https:\/\/amae.eu\/index.php\/wp-json\/wp\/v2\/media?parent=851"}],"curies":[{"name":"wp","href":"https:\/\/api.w.org\/{rel}","templated":true}]}}