{"id":878,"date":"2019-12-10T11:00:41","date_gmt":"2019-12-10T10:00:41","guid":{"rendered":"http:\/\/amae.eu\/?page_id=878"},"modified":"2023-08-06T17:23:21","modified_gmt":"2023-08-06T15:23:21","slug":"foyer-alice-lemesle","status":"publish","type":"page","link":"https:\/\/amae.eu\/index.php\/les-batiments-remarquables\/social\/foyer-alice-lemesle\/","title":{"rendered":"La r\u00e9sidence Alice Lemesle"},"content":{"rendered":"\n<p>Le r\u00e9sidence Alice Lemesle est un foyer logement pour personnes \u00e2g\u00e9es autonomes. Le b\u00e2timent, situ\u00e9 au 36 rue du 11 novembre \u00e0 Orl\u00e9ans, a \u00e9t\u00e9 construit par la ville en 1977 sur un terrain donn\u00e9 par Alice Lemesle. L\u2019\u00e9tablissement se compose de 78 appartements, dont un pour un couple. Deux appartements meubl\u00e9s permettent d\u2019accueillir des personnes en h\u00e9bergement temporaire.\u00a0Des espaces communs sont \u00e0 la disposition des r\u00e9sidents\u00a0: une salle \u00e0 manger, un salon, une salle d\u2019activit\u00e9s, une terrasse, un jardin arbor\u00e9, un parking visiteurs.<\/p>\n\n\n\n<div class=\"wp-block-columns is-layout-flex wp-container-core-columns-is-layout-1 wp-block-columns-is-layout-flex\">\n<div class=\"wp-block-column is-layout-flow wp-block-column-is-layout-flow\">\n<figure class=\"wp-block-image size-large\"><img fetchpriority=\"high\" decoding=\"async\" width=\"1024\" height=\"768\" src=\"https:\/\/amae.eu\/wp-content\/uploads\/2023\/04\/Residence-A.Lemesle-2023-1024x768.jpg\" alt=\"\" class=\"wp-image-7204\"\/><figcaption>La r\u00e9sidence Alice Lemesle en mars 2023. Photo L. Lordet<\/figcaption><\/figure>\n<\/div>\n\n\n\n<div class=\"wp-block-column is-layout-flow wp-block-column-is-layout-flow\">\n<figure class=\"wp-block-image size-full\"><img decoding=\"async\" width=\"400\" height=\"306\" src=\"http:\/\/amae.eu\/wp-content\/uploads\/2023\/08\/678_001-e1691335357931.jpg\" alt=\"\" class=\"wp-image-7971\" srcset=\"https:\/\/amae.eu\/wp-content\/uploads\/2023\/08\/678_001-e1691335357931.jpg 400w, https:\/\/amae.eu\/wp-content\/uploads\/2023\/08\/678_001-e1691335357931-300x230.jpg 300w\" sizes=\"(max-width: 400px) 100vw, 400px\" \/><figcaption>Carte postale de la r\u00e9sidence. Source : Delcampe.net<\/figcaption><\/figure>\n<\/div>\n<\/div>\n\n\n\n<p>Sources&nbsp;: <\/p>\n\n\n\n<ul class=\"wp-block-list\"><li><a href=\"https:\/\/www.orleans-metropole.fr\/fileadmin\/orleans\/MEDIA\/kiosque\/seniors\/hebergement\/hebergement-personnes-agees.pdf\">https:\/\/www.orleans-metropole.fr\/fileadmin\/orleans\/MEDIA\/kiosque\/seniors\/hebergement\/hebergement-personnes-agees.pdf<\/a><\/li><li>St\u00e9phanie Chevallier, responsable de la r\u00e9sidence Alice Lemesle<\/li><\/ul>\n","protected":false},"excerpt":{"rendered":"<p>Le r\u00e9sidence Alice Lemesle est un foyer logement pour personnes \u00e2g\u00e9es autonomes. Le b\u00e2timent, situ\u00e9 au 36 rue du 11 novembre \u00e0 Orl\u00e9ans, a \u00e9t\u00e9 construit par la ville en 1977 sur un terrain donn\u00e9 par Alice Lemesle. L\u2019\u00e9tablissement se compose de 78 appartements, dont un pour un couple. Deux appartements meubl\u00e9s permettent d\u2019accueillir des [&hellip;]<\/p>\n","protected":false},"author":1,"featured_media":0,"parent":6736,"menu_order":0,"comment_status":"closed","ping_status":"closed","template":"","meta":{"ngg_post_thumbnail":0,"footnotes":""},"class_list":["post-878","page","type-page","status-publish","hentry","entry"],"_links":{"self":[{"href":"https:\/\/amae.eu\/index.php\/wp-json\/wp\/v2\/pages\/878"}],"collection":[{"href":"https:\/\/amae.eu\/index.php\/wp-json\/wp\/v2\/pages"}],"about":[{"href":"https:\/\/amae.eu\/index.php\/wp-json\/wp\/v2\/types\/page"}],"author":[{"embeddable":true,"href":"https:\/\/amae.eu\/index.php\/wp-json\/wp\/v2\/users\/1"}],"replies":[{"embeddable":true,"href":"https:\/\/amae.eu\/index.php\/wp-json\/wp\/v2\/comments?post=878"}],"version-history":[{"count":5,"href":"https:\/\/amae.eu\/index.php\/wp-json\/wp\/v2\/pages\/878\/revisions"}],"predecessor-version":[{"id":7973,"href":"https:\/\/amae.eu\/index.php\/wp-json\/wp\/v2\/pages\/878\/revisions\/7973"}],"up":[{"embeddable":true,"href":"https:\/\/amae.eu\/index.php\/wp-json\/wp\/v2\/pages\/6736"}],"wp:attachment":[{"href":"https:\/\/amae.eu\/index.php\/wp-json\/wp\/v2\/media?parent=878"}],"curies":[{"name":"wp","href":"https:\/\/api.w.org\/{rel}","templated":true}]}}