{"id":898,"date":"2019-12-10T11:17:43","date_gmt":"2019-12-10T10:17:43","guid":{"rendered":"http:\/\/amae.eu\/?page_id=898"},"modified":"2023-05-20T15:50:52","modified_gmt":"2023-05-20T13:50:52","slug":"patrick-caron","status":"publish","type":"page","link":"https:\/\/amae.eu\/index.php\/les-personnalites\/sportifs\/patrick-caron\/","title":{"rendered":"Patrick Caron"},"content":{"rendered":"\n<p>Patrick Caron a \u00e9t\u00e9 membre de l\u2019Equipe de France de sauts d\u2019obstacles de 1979 \u00e0 1984, champion du monde par \u00e9quipe \u00e0 Dublin (1982) et champion du monde de saut en puissance \u00e0 Londres (1982). Il a ensuite \u00e9t\u00e9 Entraineur National de Sauts d\u2019Obstacles (1985-1999) puis manager G\u00e9n\u00e9ral du Haut Niveau de la F\u00e9d\u00e9ration Fran\u00e7aise d&rsquo;Equitation (1993-1995). Sur 14 ans de carri\u00e8re, Patrick Caron a collectionn\u00e9 plus de 100 m\u00e9dailles aux championnats du Monde, championnats d\u2019Europe, finales de Coupes du Monde et Jeux Olympiques.<\/p>\n\n\n<div class=\"wp-block-image\">\n<figure class=\"aligncenter size-large is-resized\"><img fetchpriority=\"high\" decoding=\"async\" src=\"http:\/\/amae.eu\/wp-content\/uploads\/2019\/12\/IMG_7476-768x1024.jpg\" alt=\"\" class=\"wp-image-899\" width=\"329\" height=\"438\" srcset=\"https:\/\/amae.eu\/wp-content\/uploads\/2019\/12\/IMG_7476-768x1024.jpg 768w, https:\/\/amae.eu\/wp-content\/uploads\/2019\/12\/IMG_7476-225x300.jpg 225w, https:\/\/amae.eu\/wp-content\/uploads\/2019\/12\/IMG_7476-1152x1536.jpg 1152w, https:\/\/amae.eu\/wp-content\/uploads\/2019\/12\/IMG_7476-1536x2048.jpg 1536w, https:\/\/amae.eu\/wp-content\/uploads\/2019\/12\/IMG_7476-scaled.jpg 1920w\" sizes=\"(max-width: 329px) 100vw, 329px\" \/><\/figure><\/div>\n\n\n<p>La maison dans laquelle il v\u00e9cu au 1 rue Gaston Cout\u00e9 a \u00e9t\u00e9 d\u00e9molie en 2023, en pr\u00e9vision d&rsquo;un projet immobilier.<\/p>\n\n\n\n<div class=\"wp-block-columns is-layout-flex wp-container-core-columns-is-layout-1 wp-block-columns-is-layout-flex\">\n<div class=\"wp-block-column is-layout-flow wp-block-column-is-layout-flow\">\n<figure class=\"wp-block-image size-large\"><img decoding=\"async\" width=\"1024\" height=\"769\" src=\"http:\/\/amae.eu\/wp-content\/uploads\/2023\/05\/1-rue-Gaston-Coute-2-1024x769.jpg\" alt=\"\" class=\"wp-image-7510\" srcset=\"https:\/\/amae.eu\/wp-content\/uploads\/2023\/05\/1-rue-Gaston-Coute-2-1024x769.jpg 1024w, https:\/\/amae.eu\/wp-content\/uploads\/2023\/05\/1-rue-Gaston-Coute-2-300x225.jpg 300w, https:\/\/amae.eu\/wp-content\/uploads\/2023\/05\/1-rue-Gaston-Coute-2-768x577.jpg 768w, https:\/\/amae.eu\/wp-content\/uploads\/2023\/05\/1-rue-Gaston-Coute-2-1536x1153.jpg 1536w, https:\/\/amae.eu\/wp-content\/uploads\/2023\/05\/1-rue-Gaston-Coute-2-2048x1538.jpg 2048w\" sizes=\"(max-width: 1024px) 100vw, 1024px\" \/><\/figure>\n<\/div>\n\n\n\n<div class=\"wp-block-column is-layout-flow wp-block-column-is-layout-flow\">\n<figure class=\"wp-block-image size-large\"><img decoding=\"async\" width=\"1024\" height=\"769\" src=\"http:\/\/amae.eu\/wp-content\/uploads\/2023\/05\/1-rue-Gaston-Coute-0-1024x769.jpg\" alt=\"\" class=\"wp-image-7511\" srcset=\"https:\/\/amae.eu\/wp-content\/uploads\/2023\/05\/1-rue-Gaston-Coute-0-1024x769.jpg 1024w, https:\/\/amae.eu\/wp-content\/uploads\/2023\/05\/1-rue-Gaston-Coute-0-300x225.jpg 300w, https:\/\/amae.eu\/wp-content\/uploads\/2023\/05\/1-rue-Gaston-Coute-0-768x577.jpg 768w, https:\/\/amae.eu\/wp-content\/uploads\/2023\/05\/1-rue-Gaston-Coute-0-1536x1153.jpg 1536w, https:\/\/amae.eu\/wp-content\/uploads\/2023\/05\/1-rue-Gaston-Coute-0-2048x1538.jpg 2048w\" sizes=\"(max-width: 1024px) 100vw, 1024px\" \/><\/figure>\n<\/div>\n\n\n\n<div class=\"wp-block-column is-layout-flow wp-block-column-is-layout-flow\">\n<figure class=\"wp-block-image size-large\"><img loading=\"lazy\" decoding=\"async\" width=\"1024\" height=\"769\" src=\"http:\/\/amae.eu\/wp-content\/uploads\/2023\/05\/1-rue-Gaston-Coute-6-1024x769.jpg\" alt=\"\" class=\"wp-image-7512\" srcset=\"https:\/\/amae.eu\/wp-content\/uploads\/2023\/05\/1-rue-Gaston-Coute-6-1024x769.jpg 1024w, https:\/\/amae.eu\/wp-content\/uploads\/2023\/05\/1-rue-Gaston-Coute-6-300x225.jpg 300w, https:\/\/amae.eu\/wp-content\/uploads\/2023\/05\/1-rue-Gaston-Coute-6-768x577.jpg 768w, https:\/\/amae.eu\/wp-content\/uploads\/2023\/05\/1-rue-Gaston-Coute-6-1536x1153.jpg 1536w, https:\/\/amae.eu\/wp-content\/uploads\/2023\/05\/1-rue-Gaston-Coute-6-2048x1538.jpg 2048w\" sizes=\"(max-width: 1024px) 100vw, 1024px\" \/><\/figure>\n<\/div>\n<\/div>\n\n\n\n<div class=\"wp-block-columns is-layout-flex wp-container-core-columns-is-layout-2 wp-block-columns-is-layout-flex\">\n<div class=\"wp-block-column is-layout-flow wp-block-column-is-layout-flow\">\n<figure class=\"wp-block-image size-large\"><img loading=\"lazy\" decoding=\"async\" width=\"1024\" height=\"769\" src=\"http:\/\/amae.eu\/wp-content\/uploads\/2023\/05\/1-rue-Gaston-Coute-7-1024x769.jpg\" alt=\"\" class=\"wp-image-7513\" srcset=\"https:\/\/amae.eu\/wp-content\/uploads\/2023\/05\/1-rue-Gaston-Coute-7-1024x769.jpg 1024w, https:\/\/amae.eu\/wp-content\/uploads\/2023\/05\/1-rue-Gaston-Coute-7-300x225.jpg 300w, https:\/\/amae.eu\/wp-content\/uploads\/2023\/05\/1-rue-Gaston-Coute-7-768x577.jpg 768w, https:\/\/amae.eu\/wp-content\/uploads\/2023\/05\/1-rue-Gaston-Coute-7-1536x1153.jpg 1536w, https:\/\/amae.eu\/wp-content\/uploads\/2023\/05\/1-rue-Gaston-Coute-7-2048x1538.jpg 2048w\" sizes=\"(max-width: 1024px) 100vw, 1024px\" \/><\/figure>\n<\/div>\n\n\n\n<div class=\"wp-block-column is-layout-flow wp-block-column-is-layout-flow\">\n<figure class=\"wp-block-image size-large\"><img loading=\"lazy\" decoding=\"async\" width=\"1024\" height=\"769\" src=\"http:\/\/amae.eu\/wp-content\/uploads\/2023\/05\/1-rue-Gaston-Coute-8-1024x769.jpg\" alt=\"\" class=\"wp-image-7514\" srcset=\"https:\/\/amae.eu\/wp-content\/uploads\/2023\/05\/1-rue-Gaston-Coute-8-1024x769.jpg 1024w, https:\/\/amae.eu\/wp-content\/uploads\/2023\/05\/1-rue-Gaston-Coute-8-300x225.jpg 300w, https:\/\/amae.eu\/wp-content\/uploads\/2023\/05\/1-rue-Gaston-Coute-8-768x577.jpg 768w, https:\/\/amae.eu\/wp-content\/uploads\/2023\/05\/1-rue-Gaston-Coute-8-1536x1153.jpg 1536w, https:\/\/amae.eu\/wp-content\/uploads\/2023\/05\/1-rue-Gaston-Coute-8-2048x1538.jpg 2048w\" sizes=\"(max-width: 1024px) 100vw, 1024px\" \/><\/figure>\n<\/div>\n\n\n\n<div class=\"wp-block-column is-layout-flow wp-block-column-is-layout-flow\">\n<figure class=\"wp-block-image size-large\"><img loading=\"lazy\" decoding=\"async\" width=\"1024\" height=\"769\" src=\"http:\/\/amae.eu\/wp-content\/uploads\/2023\/05\/1-rue-Gaston-Coute-11-1024x769.jpg\" alt=\"\" class=\"wp-image-7515\" srcset=\"https:\/\/amae.eu\/wp-content\/uploads\/2023\/05\/1-rue-Gaston-Coute-11-1024x769.jpg 1024w, https:\/\/amae.eu\/wp-content\/uploads\/2023\/05\/1-rue-Gaston-Coute-11-300x225.jpg 300w, https:\/\/amae.eu\/wp-content\/uploads\/2023\/05\/1-rue-Gaston-Coute-11-768x577.jpg 768w, https:\/\/amae.eu\/wp-content\/uploads\/2023\/05\/1-rue-Gaston-Coute-11-1536x1153.jpg 1536w, https:\/\/amae.eu\/wp-content\/uploads\/2023\/05\/1-rue-Gaston-Coute-11-2048x1538.jpg 2048w\" sizes=\"(max-width: 1024px) 100vw, 1024px\" \/><\/figure>\n<\/div>\n<\/div>\n\n\n\n<div class=\"wp-block-columns is-layout-flex wp-container-core-columns-is-layout-3 wp-block-columns-is-layout-flex\">\n<div class=\"wp-block-column is-layout-flow wp-block-column-is-layout-flow\">\n<figure class=\"wp-block-image size-large\"><img loading=\"lazy\" decoding=\"async\" width=\"1024\" height=\"769\" src=\"http:\/\/amae.eu\/wp-content\/uploads\/2023\/05\/1-rue-Gaston-Coute-9-1024x769.jpg\" alt=\"\" class=\"wp-image-7516\" srcset=\"https:\/\/amae.eu\/wp-content\/uploads\/2023\/05\/1-rue-Gaston-Coute-9-1024x769.jpg 1024w, https:\/\/amae.eu\/wp-content\/uploads\/2023\/05\/1-rue-Gaston-Coute-9-300x225.jpg 300w, https:\/\/amae.eu\/wp-content\/uploads\/2023\/05\/1-rue-Gaston-Coute-9-768x577.jpg 768w, https:\/\/amae.eu\/wp-content\/uploads\/2023\/05\/1-rue-Gaston-Coute-9-1536x1153.jpg 1536w, https:\/\/amae.eu\/wp-content\/uploads\/2023\/05\/1-rue-Gaston-Coute-9-2048x1538.jpg 2048w\" sizes=\"(max-width: 1024px) 100vw, 1024px\" \/><\/figure>\n<\/div>\n\n\n\n<div class=\"wp-block-column is-layout-flow wp-block-column-is-layout-flow\">\n<figure class=\"wp-block-image size-large\"><img loading=\"lazy\" decoding=\"async\" width=\"1024\" height=\"769\" src=\"http:\/\/amae.eu\/wp-content\/uploads\/2023\/05\/1-rue-Gaston-Coute-10-1024x769.jpg\" alt=\"\" class=\"wp-image-7517\" srcset=\"https:\/\/amae.eu\/wp-content\/uploads\/2023\/05\/1-rue-Gaston-Coute-10-1024x769.jpg 1024w, https:\/\/amae.eu\/wp-content\/uploads\/2023\/05\/1-rue-Gaston-Coute-10-300x225.jpg 300w, https:\/\/amae.eu\/wp-content\/uploads\/2023\/05\/1-rue-Gaston-Coute-10-768x577.jpg 768w, https:\/\/amae.eu\/wp-content\/uploads\/2023\/05\/1-rue-Gaston-Coute-10-1536x1153.jpg 1536w, https:\/\/amae.eu\/wp-content\/uploads\/2023\/05\/1-rue-Gaston-Coute-10-2048x1538.jpg 2048w\" sizes=\"(max-width: 1024px) 100vw, 1024px\" \/><\/figure>\n<\/div>\n\n\n\n<div class=\"wp-block-column is-layout-flow wp-block-column-is-layout-flow\">\n<figure class=\"wp-block-image size-large\"><img loading=\"lazy\" decoding=\"async\" width=\"1024\" height=\"769\" src=\"http:\/\/amae.eu\/wp-content\/uploads\/2023\/05\/1-rue-Gaston-Coute-12-1-1024x769.jpg\" alt=\"\" class=\"wp-image-7519\" srcset=\"https:\/\/amae.eu\/wp-content\/uploads\/2023\/05\/1-rue-Gaston-Coute-12-1-1024x769.jpg 1024w, https:\/\/amae.eu\/wp-content\/uploads\/2023\/05\/1-rue-Gaston-Coute-12-1-300x225.jpg 300w, https:\/\/amae.eu\/wp-content\/uploads\/2023\/05\/1-rue-Gaston-Coute-12-1-768x577.jpg 768w, https:\/\/amae.eu\/wp-content\/uploads\/2023\/05\/1-rue-Gaston-Coute-12-1-1536x1153.jpg 1536w, https:\/\/amae.eu\/wp-content\/uploads\/2023\/05\/1-rue-Gaston-Coute-12-1-2048x1538.jpg 2048w\" sizes=\"(max-width: 1024px) 100vw, 1024px\" \/><\/figure>\n<\/div>\n<\/div>\n\n\n<div class=\"wp-block-image\">\n<figure class=\"aligncenter size-large is-resized\"><img loading=\"lazy\" decoding=\"async\" src=\"http:\/\/amae.eu\/wp-content\/uploads\/2023\/05\/1-rue-Gaston-Coute-3-1024x769.jpg\" alt=\"\" class=\"wp-image-7520\" width=\"271\" height=\"203\" srcset=\"https:\/\/amae.eu\/wp-content\/uploads\/2023\/05\/1-rue-Gaston-Coute-3-1024x769.jpg 1024w, https:\/\/amae.eu\/wp-content\/uploads\/2023\/05\/1-rue-Gaston-Coute-3-300x225.jpg 300w, https:\/\/amae.eu\/wp-content\/uploads\/2023\/05\/1-rue-Gaston-Coute-3-768x577.jpg 768w, https:\/\/amae.eu\/wp-content\/uploads\/2023\/05\/1-rue-Gaston-Coute-3-1536x1153.jpg 1536w, https:\/\/amae.eu\/wp-content\/uploads\/2023\/05\/1-rue-Gaston-Coute-3-2048x1538.jpg 2048w\" sizes=\"(max-width: 271px) 100vw, 271px\" \/><\/figure><\/div>","protected":false},"excerpt":{"rendered":"<p>Patrick Caron a \u00e9t\u00e9 membre de l\u2019Equipe de France de sauts d\u2019obstacles de 1979 \u00e0 1984, champion du monde par \u00e9quipe \u00e0 Dublin (1982) et champion du monde de saut en puissance \u00e0 Londres (1982). Il a ensuite \u00e9t\u00e9 Entraineur National de Sauts d\u2019Obstacles (1985-1999) puis manager G\u00e9n\u00e9ral du Haut Niveau de la F\u00e9d\u00e9ration Fran\u00e7aise [&hellip;]<\/p>\n","protected":false},"author":1,"featured_media":0,"parent":6483,"menu_order":0,"comment_status":"closed","ping_status":"closed","template":"","meta":{"ngg_post_thumbnail":0,"footnotes":""},"class_list":["post-898","page","type-page","status-publish","hentry","entry"],"_links":{"self":[{"href":"https:\/\/amae.eu\/index.php\/wp-json\/wp\/v2\/pages\/898"}],"collection":[{"href":"https:\/\/amae.eu\/index.php\/wp-json\/wp\/v2\/pages"}],"about":[{"href":"https:\/\/amae.eu\/index.php\/wp-json\/wp\/v2\/types\/page"}],"author":[{"embeddable":true,"href":"https:\/\/amae.eu\/index.php\/wp-json\/wp\/v2\/users\/1"}],"replies":[{"embeddable":true,"href":"https:\/\/amae.eu\/index.php\/wp-json\/wp\/v2\/comments?post=898"}],"version-history":[{"count":3,"href":"https:\/\/amae.eu\/index.php\/wp-json\/wp\/v2\/pages\/898\/revisions"}],"predecessor-version":[{"id":7521,"href":"https:\/\/amae.eu\/index.php\/wp-json\/wp\/v2\/pages\/898\/revisions\/7521"}],"up":[{"embeddable":true,"href":"https:\/\/amae.eu\/index.php\/wp-json\/wp\/v2\/pages\/6483"}],"wp:attachment":[{"href":"https:\/\/amae.eu\/index.php\/wp-json\/wp\/v2\/media?parent=898"}],"curies":[{"name":"wp","href":"https:\/\/api.w.org\/{rel}","templated":true}]}}