{"id":946,"date":"2019-12-10T12:08:25","date_gmt":"2019-12-10T11:08:25","guid":{"rendered":"http:\/\/amae.eu\/?page_id=946"},"modified":"2024-02-23T17:19:08","modified_gmt":"2024-02-23T16:19:08","slug":"theophile-naudy","status":"publish","type":"page","link":"https:\/\/amae.eu\/index.php\/les-personnalites\/politiques\/theophile-naudy\/","title":{"rendered":"Th\u00e9ophile Naudy"},"content":{"rendered":"\n<p class=\"has-text-align-center\"><strong>\u00ab&nbsp;<em>mon ma\u00eetre,&nbsp; mon p\u00e8re&nbsp;\u00bb (Charles P\u00e9guy)<\/em><\/strong><\/p>\n\n\n\n<div class=\"wp-block-columns is-layout-flex wp-container-core-columns-is-layout-1 wp-block-columns-is-layout-flex\">\n<div class=\"wp-block-column is-layout-flow wp-block-column-is-layout-flow\"><div class=\"wp-block-image\">\n<figure class=\"aligncenter size-large is-resized\"><img fetchpriority=\"high\" decoding=\"async\" width=\"1024\" height=\"768\" src=\"http:\/\/amae.eu\/wp-content\/uploads\/2019\/12\/4-panneau-rue-Th\u00e9ophile-Naudy-1024x768.jpg\" alt=\"\" class=\"wp-image-947\" style=\"width:363px;height:272px\" srcset=\"https:\/\/amae.eu\/wp-content\/uploads\/2019\/12\/4-panneau-rue-Th\u00e9ophile-Naudy-1024x768.jpg 1024w, https:\/\/amae.eu\/wp-content\/uploads\/2019\/12\/4-panneau-rue-Th\u00e9ophile-Naudy-300x225.jpg 300w, https:\/\/amae.eu\/wp-content\/uploads\/2019\/12\/4-panneau-rue-Th\u00e9ophile-Naudy-768x576.jpg 768w, https:\/\/amae.eu\/wp-content\/uploads\/2019\/12\/4-panneau-rue-Th\u00e9ophile-Naudy-1536x1152.jpg 1536w, https:\/\/amae.eu\/wp-content\/uploads\/2019\/12\/4-panneau-rue-Th\u00e9ophile-Naudy-2048x1536.jpg 2048w\" sizes=\"(max-width: 1024px) 100vw, 1024px\" \/><figcaption class=\"wp-element-caption\"> Panneau de la rue Th\u00e9ophile Naudy \u00e0 Orl\u00e9ans <\/figcaption><\/figure><\/div><\/div>\n\n\n\n<div class=\"wp-block-column is-layout-flow wp-block-column-is-layout-flow\">\n<p>Beaucoup d\u2019habitants du quartier de l\u2019Argonne connaissent la rue Th\u00e9ophile Naudy pour avoir accompagn\u00e9 leurs enfants \u00e0 l\u2019\u00e9cole Charles P\u00e9guy qui s\u2019y trouve, sans pour autant conna\u00eetre Th\u00e9ophile Naudy. Le rapprochement de ces deux noms ne doit pourtant rien au hasard.<\/p>\n\n\n\n<p>Th\u00e9ophile Naudy est n\u00e9 le 14 novembre 1847 \u00e0 Paris (XIVe). Son p\u00e8re Jean-Pierre est \u00ab chef d\u2019institution \u00bb, c\u2019est-\u00e0-dire responsable d\u2019un \u00e9tablissement d\u2019enseignement. Sa m\u00e8re, Eug\u00e9nie Pierron, est sans profession. Th\u00e9ophile se marie le 14 ao\u00fbt 1872 \u00e0 Ursule Van de Weghe. Ils auront une fille, Marthe, n\u00e9e en 1874. Il d\u00e9c\u00e8de \u00e0 Paris (XIVe) le 12 janvier 1928.<\/p>\n<\/div>\n<\/div>\n\n\n\n<iframe src=\"https:\/\/www.google.com\/maps\/embed?pb=!4v1573114789534!6m8!1m7!1sViGdFKO1Masbdz6D0xIFjQ!2m2!1d47.9062495067961!2d1.927356407605546!3f7.650196225268244!4f-2.9452183231745295!5f0.7820865974627469\" style=\"border:0;\" allowfullscreen=\"\" width=\"400\" height=\"500\" frameborder=\"0\"><\/iframe>\n\n\n\n<div class=\"wp-block-columns is-layout-flex wp-container-core-columns-is-layout-2 wp-block-columns-is-layout-flex\">\n<div class=\"wp-block-column is-layout-flow wp-block-column-is-layout-flow\"><div class=\"wp-block-image\">\n<figure class=\"aligncenter size-large is-resized\"><img decoding=\"async\" width=\"725\" height=\"1024\" src=\"http:\/\/amae.eu\/wp-content\/uploads\/2019\/12\/Th-Naudy-725x1024.jpg\" alt=\"\" class=\"wp-image-948\" style=\"width:271px;height:383px\" srcset=\"https:\/\/amae.eu\/wp-content\/uploads\/2019\/12\/Th-Naudy-725x1024.jpg 725w, https:\/\/amae.eu\/wp-content\/uploads\/2019\/12\/Th-Naudy-212x300.jpg 212w, https:\/\/amae.eu\/wp-content\/uploads\/2019\/12\/Th-Naudy-768x1084.jpg 768w, https:\/\/amae.eu\/wp-content\/uploads\/2019\/12\/Th-Naudy-1088x1536.jpg 1088w, https:\/\/amae.eu\/wp-content\/uploads\/2019\/12\/Th-Naudy-1450x2048.jpg 1450w, https:\/\/amae.eu\/wp-content\/uploads\/2019\/12\/Th-Naudy-scaled.jpg 1813w\" sizes=\"(max-width: 725px) 100vw, 725px\" \/><figcaption class=\"wp-element-caption\">Th\u00e9ophile Naudy (Extrait de la photo avec les professeurs de l\u2019Ecole Normale d\u2019Instituteur), 1884. Photographe Perrot (pour la photo d\u2019ensemble originale). Centre Charles P\u00e9guy, cote XXI 373<br><\/figcaption><\/figure><\/div><\/div>\n\n\n\n<div class=\"wp-block-column is-layout-flow wp-block-column-is-layout-flow\">\n<p>Apr\u00e8s une carri\u00e8re d\u2019enseignant, Th\u00e9ophile Naudy est nomm\u00e9 (arr\u00eat\u00e9 minist\u00e9riel du 10 novembre 1881) directeur de l\u2019\u00c9cole normale d\u2019Orl\u00e9ans du Faubourg-Bourgogne ouverte trois ans plus t\u00f4t. Il restera \u00e0 ce poste jusqu\u2019en 1894 avant d\u2019\u00eatre promu inspecteur primaire du d\u00e9partement de la Seine. Th\u00e9ophile Naudy prend donc la direction de l\u2019\u00c9cole normale \u00e0 un moment o\u00f9 l\u2019\u00e9cole r\u00e9publicaine est en plein d\u00e9veloppement.<\/p>\n\n\n\n<p>La gratuit\u00e9 des \u00e9coles primaires est d\u00e9cid\u00e9e en 1881 (Loi Ferry) et la loi de 1882 rend l\u2019enseignement obligatoire. Il est manifestement tr\u00e8s en phase avec ce mouvement d\u2019\u00e9mancipation et contribue \u00e0 son rayonnement en publiant, un an apr\u00e8s sa prise de fonction, un livre intitul\u00e9 : \u00ab L\u2019\u00c9cole \u2013 \u00c9ducation et instruction en commun. Cours complet de p\u00e9dagogie et d\u2019administration scolaire, \u00e0 l\u2019usage des Ecoles normales primaires \u00bb, Paris, Librairie Paul Delaplane. Il destine ce livre aux \u00e9l\u00e8ves-ma\u00eetres des \u00e9coles primaires et en fait une esp\u00e8ce de vade-mecum. Il fait \u00e0 cette occasion le point sur les directives du moment en mati\u00e8re d\u2019\u00e9ducation et souligne les avanc\u00e9es les plus r\u00e9centes en mati\u00e8re de p\u00e9dagogie, d\u2019organisation du temps scolaire, de discipline (douceur et fermet\u00e9), pla\u00e7ant toujours l\u2019instituteur, le ma\u00eetre, au centre du dispositif mais en insistant aussi sur la n\u00e9cessit\u00e9 d\u2019une formation de qualit\u00e9. Enfin il n\u2019oublie pas les parents et recommande \u00ab de les mettre \u00e0 m\u00eame de suivre les progr\u00e8s ou les d\u00e9faillances de leurs enfants \u00bb.<\/p>\n<\/div>\n<\/div>\n\n\n\n<div class=\"wp-block-columns is-layout-flex wp-container-core-columns-is-layout-3 wp-block-columns-is-layout-flex\">\n<div class=\"wp-block-column is-layout-flow wp-block-column-is-layout-flow\">\n<p>La retraite venue il juge utile de rassembler ses id\u00e9es dans un long article intitul\u00e9 : \u00ab Depuis 1880 \u2014 L\u2019enseignement primaire et ce qu\u2019il devrait \u00eatre \u00bb. Apr\u00e8s avoir marqu\u00e9 son attachement \u00e0 la R\u00e9publique et aux fondements du syst\u00e8me d\u2019\u00e9ducation (gratuit\u00e9, la\u00efcit\u00e9 et enseignement obligatoire) il souhaite promouvoir un d\u00e9bat pour donner plus de coh\u00e9rence \u00e0 la politique \u00e9ducative en proposant d\u2019\u00e9laborer \u00ab une loi organique qui devienne comme la charte morale de la R\u00e9publique fran\u00e7aise \u00bb. Il pr\u00f4ne plusieurs r\u00e9formes en mati\u00e8re d\u2019organisation du minist\u00e8re en insistant sur la n\u00e9cessit\u00e9 de s\u2018appuyer sur l\u2019exp\u00e9rience p\u00e9dagogique de terrain pour lutter contre la bureaucratie. <\/p>\n\n\n\n<p>Il insiste aussi sur l\u2019int\u00e9r\u00eat qu\u2019il y aurait \u00e0 mener des exp\u00e9rimentations dans quelques d\u00e9partements avant de l\u00e9gif\u00e9rer. Jean Zay, 33 ans plus tard, mettra en \u0153uvre cette m\u00e9thode.<\/p>\n<\/div>\n\n\n\n<div class=\"wp-block-column is-layout-flow wp-block-column-is-layout-flow\"><div class=\"wp-block-image\">\n<figure class=\"aligncenter size-large is-resized\"><img decoding=\"async\" width=\"1024\" height=\"768\" src=\"http:\/\/amae.eu\/wp-content\/uploads\/2019\/12\/IMG_6876-1024x768.jpg\" alt=\"\" class=\"wp-image-950\" style=\"width:316px;height:237px\" srcset=\"https:\/\/amae.eu\/wp-content\/uploads\/2019\/12\/IMG_6876-1024x768.jpg 1024w, https:\/\/amae.eu\/wp-content\/uploads\/2019\/12\/IMG_6876-300x225.jpg 300w, https:\/\/amae.eu\/wp-content\/uploads\/2019\/12\/IMG_6876-768x576.jpg 768w, https:\/\/amae.eu\/wp-content\/uploads\/2019\/12\/IMG_6876-1536x1152.jpg 1536w, https:\/\/amae.eu\/wp-content\/uploads\/2019\/12\/IMG_6876-2048x1536.jpg 2048w\" sizes=\"(max-width: 1024px) 100vw, 1024px\" \/><figcaption class=\"wp-element-caption\">Th\u00e9ophile Naudy, directeur de l\u2019Ecole Normale d\u2019Orl\u00e9ans<br>et ses \u00e9l\u00e8ves ma\u00eetres de 3\u00e8me ann\u00e9e. s.d. (1883) extrait de l\u2019ouvrage \u00ab \u00c9cole Normale d\u2019Instituteur Monographies<br>plan et vues 1889 Orl\u00e9ans \u00bb p.218.<\/figcaption><\/figure><\/div><\/div>\n<\/div>\n\n\n\n<div class=\"wp-block-columns is-layout-flex wp-container-core-columns-is-layout-4 wp-block-columns-is-layout-flex\">\n<div class=\"wp-block-column is-layout-flow wp-block-column-is-layout-flow\"><div class=\"wp-block-image\">\n<figure class=\"aligncenter size-large is-resized\"><img loading=\"lazy\" decoding=\"async\" width=\"700\" height=\"1024\" src=\"http:\/\/amae.eu\/wp-content\/uploads\/2019\/12\/Couverture-Livre-Naudy-700x1024.png\" alt=\"\" class=\"wp-image-951\" style=\"width:375px;height:549px\" srcset=\"https:\/\/amae.eu\/wp-content\/uploads\/2019\/12\/Couverture-Livre-Naudy-700x1024.png 700w, https:\/\/amae.eu\/wp-content\/uploads\/2019\/12\/Couverture-Livre-Naudy-205x300.png 205w, https:\/\/amae.eu\/wp-content\/uploads\/2019\/12\/Couverture-Livre-Naudy-768x1124.png 768w, https:\/\/amae.eu\/wp-content\/uploads\/2019\/12\/Couverture-Livre-Naudy-1049x1536.png 1049w, https:\/\/amae.eu\/wp-content\/uploads\/2019\/12\/Couverture-Livre-Naudy.png 1106w\" sizes=\"(max-width: 700px) 100vw, 700px\" \/><figcaption class=\"wp-element-caption\"> Couverture du livre de Th Naudy &#8211; L&rsquo;Ecole &#8211; Education et instruction en commun &#8211; 1882  <\/figcaption><\/figure><\/div><\/div>\n\n\n\n<div class=\"wp-block-column is-layout-flow wp-block-column-is-layout-flow\">\n<p>Charles P\u00e9guy qui conserve \u00ab des relations personnelles, respectueuses, affectueuses \u00bb avec ses ma\u00eetres et tout particuli\u00e8rement avec Th\u00e9ophile Naudy, publie l\u2019article dont il est fait mention ci-dessus dans les Cahiers de la quinzaine (7\u00e8me cahier \u2013 14e s\u00e9rie). Ainsi, 32 ans apr\u00e8s la rencontre du ma\u00eetre et de l\u2019\u00e9l\u00e8ve, se referme la boucle de l\u2019amiti\u00e9.<\/p>\n\n\n\n<p>On sait que Th\u00e9ophile Naudy a \u00ab rep\u00e9r\u00e9 \u00bb le jeune Charles quand celui-ci \u00e9tait \u00e9l\u00e8ve de l\u2019\u00e9cole d\u2019application de l\u2019\u00c9cole normale dont il venait de prendre la direction, puis qu\u2019il est intervenu pour qu\u2019il obtienne une bourse municipale et insista ensuite pour qu\u2019il entre en sixi\u00e8me. \u00ab Il faut qu\u2019il fasse du latin \u00bb dira alors Th\u00e9ophile Naudy. Il intervient encore pour que Charles P\u00e9guy obtienne une bourse compl\u00e8te quand il \u00e9tait \u00e9l\u00e8ve au Lyc\u00e9e Lakanal.<\/p>\n\n\n\n<p>Personne, mieux que Charles P\u00e9guy n\u2019a rendu hommage \u00e0 Th\u00e9ophile Naudy.<\/p>\n\n\n\n<p>Quelques citations de son livre L\u2019Argent (11 f\u00e9vrier 1913) en t\u00e9moignent : \u00ab C\u2019\u00e9tait un homme d\u2019une profonde culture [&#8230;]. Comme beaucoup d\u2019autres il s\u2019\u00e9tait pour ainsi dire jet\u00e9 dans l\u2019enseignement primaire au lendemain de la guerre, dans ce besoin de reconstruction civique auquel en d\u00e9finitive nous devons le r\u00e9tablissement de la France \u00bb, puis, \u00ab M. Naudy \u00e9tait soucieux de fonder, nullement de se faire une carri\u00e8re personnelle. Il avait ce temp\u00e9rament de fondateur qui est si beau, qui fut si fr\u00e9quent dans les commencements de la R\u00e9publique. J\u2019avoue que c\u2019\u00e9tait une rudement belle chose que cette \u00c9cole normale\u2026 \u00bb. Plus loin : \u00ab Dirai-je qu\u2019il me distingua. Ce serait parler grossi\u00e8rement. Il se fit bient\u00f4t mon ma\u00eetre et mon p\u00e8re \u00bb.<\/p>\n<\/div>\n<\/div>\n\n\n\n<p>Le Conseil municipal d\u2019Orl\u00e9ans a donn\u00e9 (12 avril 1974) le nom de Th\u00e9ophile Naudy \u00e0 une rue d\u2019Orl\u00e9ans reliant la rue Malakoff \u00e0 la rue Saint-Marc, rue dans laquelle venait d\u2019\u00eatre construite l\u2019\u00e9cole d\u2019application de l\u2019\u00c9ducation Nationale, l\u2019\u00c9cole Charles-P\u00e9guy.<\/p>\n\n\n\n<p>R\u00e9f\u00e9rences : <\/p>\n\n\n\n<ul class=\"wp-block-list\">\n<li>Aux archives nationales, le dossier de Th\u00e9ophile Naudy qui donnerait des informations sur sa carri\u00e8re,&nbsp; est enregistr\u00e9 sous la cote&nbsp;: AJ 16 1319.<\/li>\n\n\n\n<li><a href=\"https:\/\/cdt45.media.tourinsoft.eu\/upload\/vdh-charles-peguy.pdf\">Laissez-vous conter Orl\u00e9ans &#8211; Charles P\u00e9guy<\/a>.<\/li>\n\n\n\n<li>TH. NAUDY. &#8211; <a href=\"https:\/\/archive.org\/stream\/s14cahiersdelaqui05pg#page\/n240\/mode\/1up\">Depuis 1880, &#8211; l&rsquo;enseignement primaire et ce qu&rsquo;il devrait \u00eatre<\/a>. Cahiers de la Quinzaine &#8211; XIV &#8211; 7.<\/li>\n\n\n\n<li>Archives Municipales et Communautaires d&rsquo;Orl\u00e9ans &#8211; 1D172, Conseil municipal. <a href=\"http:\/\/archives.orleans-metropole.fr\/arkotheque\/visionneuse\/visionneuse.php?arko=YTo2OntzOjEwOiJ0eXBlX2ZvbmRzIjtzOjExOiJmYWNldHRlc19lcyI7czo0OiJyZWYxIjtpOjE7czo0OiJyZWYyIjtzOjQzOiIyX2QvMWQvYWM0NTIzNF8xZDE3Mi9hYzQ1MjM0XzFkMTcyXzAyODEuanBnIjtzOjQ6InJlZjMiO3M6MToiNCI7czo5OiJzb3J0QXJyYXkiO2E6Mzp7aTowO2k6MTk3NDtpOjE7ZDo2LjY3OTA0MDk5OTk5OTk5OTg7aToyO3M6NjU6ImNvbnNlaWwtbXVuaWNpcGFsLW9jciMyX2QvMWQvYWM0NTIzNF8xZDE3Mi9hYzQ1MjM0XzFkMTcyXzAyODEuanBnIjt9czoxMDoicG9zX2RlcGFydCI7aToyODA7fQ%3D%3D&amp;altoInput=naudy#uielem_move=-172%2C4&amp;uielem_islocked=0&amp;uielem_zoom=101&amp;uielem_brightness=0&amp;uielem_contrast=0&amp;uielem_isinverted=0&amp;uielem_rotate=F\">Proc\u00e8s-verbaux des s\u00e9ances (1974)<\/a>. Vue 281 sur 484.<\/li>\n<\/ul>\n","protected":false},"excerpt":{"rendered":"<p>\u00ab&nbsp;mon ma\u00eetre,&nbsp; mon p\u00e8re&nbsp;\u00bb (Charles P\u00e9guy) Beaucoup d\u2019habitants du quartier de l\u2019Argonne connaissent la rue Th\u00e9ophile Naudy pour avoir accompagn\u00e9 leurs enfants \u00e0 l\u2019\u00e9cole Charles P\u00e9guy qui s\u2019y trouve, sans pour autant conna\u00eetre Th\u00e9ophile Naudy. Le rapprochement de ces deux noms ne doit pourtant rien au hasard. Th\u00e9ophile Naudy est n\u00e9 le 14 novembre 1847 [&hellip;]<\/p>\n","protected":false},"author":1,"featured_media":0,"parent":6489,"menu_order":0,"comment_status":"closed","ping_status":"closed","template":"","meta":{"ngg_post_thumbnail":0,"footnotes":""},"class_list":["post-946","page","type-page","status-publish","hentry","entry"],"_links":{"self":[{"href":"https:\/\/amae.eu\/index.php\/wp-json\/wp\/v2\/pages\/946"}],"collection":[{"href":"https:\/\/amae.eu\/index.php\/wp-json\/wp\/v2\/pages"}],"about":[{"href":"https:\/\/amae.eu\/index.php\/wp-json\/wp\/v2\/types\/page"}],"author":[{"embeddable":true,"href":"https:\/\/amae.eu\/index.php\/wp-json\/wp\/v2\/users\/1"}],"replies":[{"embeddable":true,"href":"https:\/\/amae.eu\/index.php\/wp-json\/wp\/v2\/comments?post=946"}],"version-history":[{"count":9,"href":"https:\/\/amae.eu\/index.php\/wp-json\/wp\/v2\/pages\/946\/revisions"}],"predecessor-version":[{"id":8641,"href":"https:\/\/amae.eu\/index.php\/wp-json\/wp\/v2\/pages\/946\/revisions\/8641"}],"up":[{"embeddable":true,"href":"https:\/\/amae.eu\/index.php\/wp-json\/wp\/v2\/pages\/6489"}],"wp:attachment":[{"href":"https:\/\/amae.eu\/index.php\/wp-json\/wp\/v2\/media?parent=946"}],"curies":[{"name":"wp","href":"https:\/\/api.w.org\/{rel}","templated":true}]}}