{"id":957,"date":"2019-12-10T12:13:57","date_gmt":"2019-12-10T11:13:57","guid":{"rendered":"http:\/\/amae.eu\/?page_id=957"},"modified":"2020-08-13T09:37:36","modified_gmt":"2020-08-13T07:37:36","slug":"immeubles","status":"publish","type":"page","link":"https:\/\/amae.eu\/index.php\/les-batiments-remarquables\/immeubles\/","title":{"rendered":"Les Immeubles"},"content":{"rendered":"\n<p><em>Immeuble&nbsp;: nom\ncommun, masculin.<\/em><\/p>\n\n\n\n<p>Quoi\nde plus commun, au c\u0153ur des quartiers Est et de l\u2019Argonne \u00e0 Orl\u00e9ans qu\u2019un\nimmeuble et quoi de plus masculin que ces habitations construites par des\nhommes oubliant un peu leur humanit\u00e9 pour b\u00e2tir vite. <\/p>\n\n\n\n<p>Les\n\u00ab&nbsp;hommes de l\u2019art&nbsp;\u00bb ont aussi laiss\u00e9 leur c\u00f4t\u00e9 f\u00e9minin qui aurait d\u00fb\nles ramener \u00e0 la raison en att\u00e9nuant les hauteurs et les concentrations trop\ndenses.<\/p>\n\n\n\n<p>Immeubles\nconstruits dans les ann\u00e9es 50, 60 et 70 dans l\u2019euphorie du toujours mieux mais\naussi du toujours plus&nbsp;; d\u00e9molis pour certains d\u00e8s les ann\u00e9es 90 et encore\naujourd\u2019hui&nbsp;: le Clos Boudard c\u2019est pour 2020&nbsp;!<\/p>\n\n\n\n<p>R\u00e9nov\u00e9s,\nr\u00e9habilit\u00e9s et mieux isol\u00e9s depuis quelques ann\u00e9es&nbsp;; les immeubles ont une\nvie&nbsp;!<\/p>\n\n\n\n<p>Massacr\u00e9s \u00e0 la pelleteuse, comme la tour Massenet et ses 9 \u00e9tages en avril 1998, explos\u00e9s en deux fois avec un vacarme assourdissant pour les b\u00e2timents de la rue Fran\u00e7ois Couperin en Octobre 1993, la vie de ces immeubles n\u2019a rien d\u2019un long fleuve tranquille.<\/p>\n\n\n\n<figure class=\"wp-block-image size-large\"><img fetchpriority=\"high\" decoding=\"async\" width=\"655\" height=\"1024\" src=\"http:\/\/amae.eu\/wp-content\/uploads\/2019\/12\/La-Rep-7-avril-1998-655x1024.jpg\" alt=\"\" class=\"wp-image-958\" srcset=\"https:\/\/amae.eu\/wp-content\/uploads\/2019\/12\/La-Rep-7-avril-1998-655x1024.jpg 655w, https:\/\/amae.eu\/wp-content\/uploads\/2019\/12\/La-Rep-7-avril-1998-655x1024-192x300.jpg 192w\" sizes=\"(max-width: 655px) 100vw, 655px\" \/><figcaption> Massacre \u00e0 la pelleteuse. La R\u00e9publique du Centre, 7 avril 1998. <\/figcaption><\/figure>\n\n\n\n<figure class=\"wp-block-image size-large\"><img decoding=\"async\" width=\"773\" height=\"1024\" src=\"http:\/\/amae.eu\/wp-content\/uploads\/2019\/12\/La-Rep-2-octobre-1993-773x1024.jpg\" alt=\"\" class=\"wp-image-959\" srcset=\"https:\/\/amae.eu\/wp-content\/uploads\/2019\/12\/La-Rep-2-octobre-1993-773x1024.jpg 773w, https:\/\/amae.eu\/wp-content\/uploads\/2019\/12\/La-Rep-2-octobre-1993-773x1024-226x300.jpg 226w, https:\/\/amae.eu\/wp-content\/uploads\/2019\/12\/La-Rep-2-octobre-1993-773x1024-768x1017.jpg 768w\" sizes=\"(max-width: 773px) 100vw, 773px\" \/><figcaption> Argonne : deux boums et un grand vide. La R\u00e9publique du Centre, 2 octobre 1993 <\/figcaption><\/figure>\n\n\n\n<p>Elle\nest comme celle de la Loire si proche, tant\u00f4t calme, tant\u00f4t agit\u00e9e, mais jamais\nces immeubles ne laissent indiff\u00e9rent.<\/p>\n\n\n\n<p>D\u00e9molis,\nils sont remplac\u00e9s par des plus petits ressemblant plus aux maisons de ville du\nCentre tout proche. Ils attirent \u00e0 chaque d\u00e9cennie de nouveaux \u00e9quipements\nindispensables et qui manquaient&nbsp;: une mairie de proximit\u00e9, un commissariat,\nune maison de la r\u00e9ussite et pour finir l\u2019Argonaute salle de sports, de musique\net de d\u00e9bats depuis 2017. D\u2019autres restent \u00e0 venir&nbsp;: un nouveau coll\u00e8ge,\nune m\u00e9diath\u00e8que plus grande, plus belle.<\/p>\n\n\n\n<p>Les\nimmeubles ont leurs amis&nbsp;: les \u00e9quipements. Ils ne peuvent vivre l\u2019un sans\nl\u2019autre. Nous l\u2019avions oubli\u00e9\u2026<\/p>\n\n\n\n<p>Ils\nnous le disent ces derniers immeubles des ann\u00e9es 60, derniers vestige d\u2019une\nfolle \u00e9poque. Il va falloir \u00ab&nbsp;bichonner&nbsp;\u00bb ceux d\u2019entre nous qui\nrestent au c\u00f4t\u00e9 de nouvelles habitations \u00e0 venir et am\u00e9liorer plus et mieux la\ngestion de proximit\u00e9, le lien entre les hommes, l\u2019emploi\u2026<\/p>\n\n\n\n<p>C\u2019est \u00e0 ces conditions qu\u2019un immeuble vit&nbsp;!<\/p>\n\n\n\n<p>Auteur : J.P. Peron<\/p>\n","protected":false},"excerpt":{"rendered":"<p>Immeuble&nbsp;: nom commun, masculin. Quoi de plus commun, au c\u0153ur des quartiers Est et de l\u2019Argonne \u00e0 Orl\u00e9ans qu\u2019un immeuble et quoi de plus masculin que ces habitations construites par des hommes oubliant un peu leur humanit\u00e9 pour b\u00e2tir vite. Les \u00ab&nbsp;hommes de l\u2019art&nbsp;\u00bb ont aussi laiss\u00e9 leur c\u00f4t\u00e9 f\u00e9minin qui aurait d\u00fb les ramener [&hellip;]<\/p>\n","protected":false},"author":1,"featured_media":0,"parent":18,"menu_order":0,"comment_status":"closed","ping_status":"closed","template":"","meta":{"ngg_post_thumbnail":0,"footnotes":""},"class_list":["post-957","page","type-page","status-publish","hentry","entry"],"_links":{"self":[{"href":"https:\/\/amae.eu\/index.php\/wp-json\/wp\/v2\/pages\/957"}],"collection":[{"href":"https:\/\/amae.eu\/index.php\/wp-json\/wp\/v2\/pages"}],"about":[{"href":"https:\/\/amae.eu\/index.php\/wp-json\/wp\/v2\/types\/page"}],"author":[{"embeddable":true,"href":"https:\/\/amae.eu\/index.php\/wp-json\/wp\/v2\/users\/1"}],"replies":[{"embeddable":true,"href":"https:\/\/amae.eu\/index.php\/wp-json\/wp\/v2\/comments?post=957"}],"version-history":[{"count":2,"href":"https:\/\/amae.eu\/index.php\/wp-json\/wp\/v2\/pages\/957\/revisions"}],"predecessor-version":[{"id":1360,"href":"https:\/\/amae.eu\/index.php\/wp-json\/wp\/v2\/pages\/957\/revisions\/1360"}],"up":[{"embeddable":true,"href":"https:\/\/amae.eu\/index.php\/wp-json\/wp\/v2\/pages\/18"}],"wp:attachment":[{"href":"https:\/\/amae.eu\/index.php\/wp-json\/wp\/v2\/media?parent=957"}],"curies":[{"name":"wp","href":"https:\/\/api.w.org\/{rel}","templated":true}]}}