{"id":9631,"date":"2025-03-23T17:56:57","date_gmt":"2025-03-23T16:56:57","guid":{"rendered":"https:\/\/amae.eu\/?page_id=9631"},"modified":"2025-03-23T17:56:57","modified_gmt":"2025-03-23T16:56:57","slug":"marie-jo-legrand","status":"publish","type":"page","link":"https:\/\/amae.eu\/index.php\/les-personnalites\/bienfaitrices-bienfaiteurs\/marie-jo-legrand\/","title":{"rendered":"Marie-Jo Legrand"},"content":{"rendered":"\n<p>Cet article, reprend (avec accord de son auteur Jean-Jacques Talpin) un article publi\u00e9 dans <a href=\"https:\/\/www.magcentre.fr\/331922-marie-jo-legrand-memoire-dune-femme-engagee\/\">Mag&rsquo;Centre le 10 mars 202<\/a>5. <\/p>\n\n\n\n<h2 class=\"wp-block-heading\">Marie-Jo Legrand, m\u00e9moire d\u2019une femme engag\u00e9e<\/h2>\n\n\n\n<p><strong>Figure centrale du quartier populaire de l\u2019Argonne au c\u0153ur de la vie associative, la militante humaniste vient d\u2019\u00eatre honor\u00e9e par la ville. Disparue en 2022, elle a aussi \u00e9t\u00e9 une voix dans la transformation radicale de ce quartier.<\/strong><\/p>\n\n\n\n<p>Le centre social Grand Villiers porte d\u00e9sormais le nom de Marie-Jo Legrand. Acc\u00e9dant au souhait de sa grande famille et notamment de son mari, Philippe Legrand, longtemps conseiller municipal d\u2019Orl\u00e9ans, la ville vient en effet de rendre hommage \u00e0 cette \u00ab <em>femme investie sans rel\u00e2che pour promouvoir le lien social et dynamiser la vie associative<\/em> \u00bb. Depuis 1979 elle s\u2019\u00e9tait investie dans ce quartier populaire et d\u00e9laiss\u00e9 en multipliant les initiatives toujours au service des femmes et de la diversit\u00e9. Cette \u00ab <em>d\u00e9fricheuse de talents<\/em> \u00bb aura eu \u00e0 c\u0153ur, notamment en mettant sur pied le \u00ab <em>r\u00e9seau d\u2019\u00e9changes r\u00e9ciproques de savoirs<\/em> \u00bb, de mobiliser les \u00e9nergies dans des ateliers informatiques ou de cuisine (avec m\u00eame la publication d\u2019un ouvrage de recettes), de tricot, de peinture, avec une \u00ab <em>pause sant\u00e9<\/em> \u00bb. Et cela toujours au service des femmes de cultures et d\u2019horizons divers qui trouvaient aupr\u00e8s de cette militante associative le soutien, l\u2019\u00e9coute et le partage des exp\u00e9riences.<\/p>\n\n\n<div class=\"wp-block-image\">\n<figure class=\"aligncenter size-large is-resized\"><img fetchpriority=\"high\" decoding=\"async\" width=\"1024\" height=\"768\" src=\"https:\/\/amae.eu\/wp-content\/uploads\/2025\/03\/Photo-MagCentre-1-1024x768.jpg\" alt=\"\" class=\"wp-image-9632\" style=\"width:484px;height:auto\" srcset=\"https:\/\/amae.eu\/wp-content\/uploads\/2025\/03\/Photo-MagCentre-1-1024x768.jpg 1024w, https:\/\/amae.eu\/wp-content\/uploads\/2025\/03\/Photo-MagCentre-1-300x225.jpg 300w, https:\/\/amae.eu\/wp-content\/uploads\/2025\/03\/Photo-MagCentre-1-768x576.jpg 768w, https:\/\/amae.eu\/wp-content\/uploads\/2025\/03\/Photo-MagCentre-1.jpg 1320w\" sizes=\"(max-width: 1024px) 100vw, 1024px\" \/><figcaption class=\"wp-element-caption\">Philippe Legrand et Serge Grouard de\u0301voilent la plaque en hommage \u00e0 Marie-Jo Legrand. Photo Mag&rsquo;Centre<\/figcaption><\/figure><\/div>\n\n\n<p>Le centre social Grand Villiers porte d\u00e9sormais le nom de Marie-Jo Legrand. Acc\u00e9dant au souhait de sa grande famille et notamment de son mari, Philippe Legrand, longtemps conseiller municipal d\u2019Orl\u00e9ans, la ville vient en effet de rendre hommage \u00e0 cette \u00ab <em>femme investie sans rel\u00e2che pour promouvoir le lien social et dynamiser la vie associative<\/em> \u00bb. Depuis 1979 elle s\u2019\u00e9tait investie dans ce quartier populaire et d\u00e9laiss\u00e9 en multipliant les initiatives toujours au service des femmes et de la diversit\u00e9. Cette \u00ab <em>d\u00e9fricheuse de talents<\/em> \u00bb aura eu \u00e0 c\u0153ur, notamment en mettant sur pied le \u00ab <em>r\u00e9seau d\u2019\u00e9changes r\u00e9ciproques de savoirs<\/em> \u00bb, de mobiliser les \u00e9nergies dans des ateliers informatiques ou de cuisine (avec m\u00eame la publication d\u2019un ouvrage de recettes), de tricot, de peinture, avec une \u00ab <em>pause sant\u00e9<\/em> \u00bb. Et cela toujours au service des femmes de cultures et d\u2019horizons divers qui trouvaient aupr\u00e8s de cette militante associative le soutien, l\u2019\u00e9coute et le partage des exp\u00e9riences.<\/p>\n\n\n\n<h4 class=\"wp-block-heading\">Dans la mouvance chr\u00e9tienne<\/h4>\n\n\n\n<p>Marie-Jo Legrand aura aussi \u00e9t\u00e9 la cheville ouvri\u00e8re dans la construction d\u2019un four \u00e0 pain o\u00f9 les pratiques de cuisson de plusieurs horizons du monde pouvaient s\u2019\u00e9panouir. Elle fut aussi au centre de toutes les \u00e9nergies du quartier, avec les \u00e9coles, la biblioth\u00e8que, le march\u00e9 et diverses associations. Elle \u00e9tait \u00e9galement le symbole d\u2019une \u00e9poque quand des agriculteurs de certaines r\u00e9gions \u2013 la Loire-Atlantique pour elle \u2013 quittaient dans les ann\u00e9es 50 leur territoire pour \u00e9migrer vers des terres agricoles plus accueillantes comme le Loiret o\u00f9 du foncier \u00e9tait disponible. De ses origines rurales elle n\u2019oublia rien, devenue aide familiale puis travailleuse familiale et surtout militante dans la mouvance chr\u00e9tienne de la JAC (jeunesse agricole chr\u00e9tienne) et du MRJC (Mouvement rural de la Jeunesse chr\u00e9tienne).<\/p>\n\n\n<div class=\"wp-block-image\">\n<figure class=\"aligncenter size-large is-resized\"><img decoding=\"async\" width=\"1024\" height=\"768\" src=\"https:\/\/amae.eu\/wp-content\/uploads\/2025\/03\/Photo-MagCentre-2-1024x768.jpg\" alt=\"\" class=\"wp-image-9633\" style=\"width:399px;height:auto\" srcset=\"https:\/\/amae.eu\/wp-content\/uploads\/2025\/03\/Photo-MagCentre-2-1024x768.jpg 1024w, https:\/\/amae.eu\/wp-content\/uploads\/2025\/03\/Photo-MagCentre-2-300x225.jpg 300w, https:\/\/amae.eu\/wp-content\/uploads\/2025\/03\/Photo-MagCentre-2-768x576.jpg 768w, https:\/\/amae.eu\/wp-content\/uploads\/2025\/03\/Photo-MagCentre-2.jpg 1320w\" sizes=\"(max-width: 1024px) 100vw, 1024px\" \/><figcaption class=\"wp-element-caption\">Une bonne partie de l\u2019Argonne pre\u0301sente a\u0300 l\u2019hommage. Photo Mag&rsquo;Centre<\/figcaption><\/figure><\/div>\n\n\n<p>Plus tard elle \u00e9migra vers Orl\u00e9ans et notamment vers le quartier de l\u2019Argonne qui allait conna\u00eetre une v\u00e9ritable r\u00e9volution dans les ann\u00e9es 80 avec la d\u00e9marche des DSQ (d\u00e9veloppement social des quartiers) et de la r\u00e9novation urbaine.<\/p>\n\n\n\n<h4 class=\"wp-block-heading\">De l\u2019humain dans la r\u00e9volution urbaine<\/h4>\n\n\n\n<p>Son itin\u00e9raire colle d\u2019ailleurs avec cette r\u00e9volution urbaine dont les initiateurs comme l\u2019ancien maire Jean-Pierre Sueur ou les hommes et femmes de terrain Say Sirisouk et Brigitte Jallet sont venus rappeler la m\u00e9moire de \u00ab <em>cette femme forte, humble jamais sur le devant de la sc\u00e8ne mais qui ne voulait que faire briller les autres<\/em> \u00bb. Si l\u2019appellation n\u2019existait pas encore, elle fut \u00e0 l\u2019avant-garde de \u00ab <em>la d\u00e9mocratie participative<\/em> \u00bb afin que la grande transformation du quartier ne se limite pas \u00e0 l\u2019urbain mais privil\u00e9gie d\u2019abord l\u2019humain. C\u2019est ce que Serge Grouard a tenu \u00e0 rappeler en insistant sur l\u2019engagement de Marie-Jo Legrand dont \u00ab <em>l\u2019ambition \u00e9tait d\u2019abord d\u2019\u00eatre au service des autres, de faire et donner ainsi un tr\u00e8s bel exemple pour donner l\u2019envie de s\u2019investir<\/em> \u00bb. \u00c0 d\u00e9faut de m\u00e9daille qu\u2019elle n\u2019aurait jamais revendiqu\u00e9e, son nom au chapiteau du centre social Grand Villiers brille ainsi comme une belle d\u00e9coration !<\/p>\n\n\n<div class=\"wp-block-image\">\n<figure class=\"aligncenter size-large is-resized\"><img decoding=\"async\" width=\"768\" height=\"1024\" src=\"https:\/\/amae.eu\/wp-content\/uploads\/2025\/03\/Photo-MagCentre-3-768x1024.jpg\" alt=\"\" class=\"wp-image-9634\" style=\"width:362px;height:auto\" srcset=\"https:\/\/amae.eu\/wp-content\/uploads\/2025\/03\/Photo-MagCentre-3-768x1024.jpg 768w, https:\/\/amae.eu\/wp-content\/uploads\/2025\/03\/Photo-MagCentre-3-225x300.jpg 225w, https:\/\/amae.eu\/wp-content\/uploads\/2025\/03\/Photo-MagCentre-3.jpg 900w\" sizes=\"(max-width: 768px) 100vw, 768px\" \/><figcaption class=\"wp-element-caption\">Photo Mag&rsquo;Centre<\/figcaption><\/figure><\/div>","protected":false},"excerpt":{"rendered":"<p>Cet article, reprend (avec accord de son auteur Jean-Jacques Talpin) un article publi\u00e9 dans Mag&rsquo;Centre le 10 mars 2025. Marie-Jo Legrand, m\u00e9moire d\u2019une femme engag\u00e9e Figure centrale du quartier populaire de l\u2019Argonne au c\u0153ur de la vie associative, la militante humaniste vient d\u2019\u00eatre honor\u00e9e par la ville. Disparue en 2022, elle a aussi \u00e9t\u00e9 une [&hellip;]<\/p>\n","protected":false},"author":1,"featured_media":0,"parent":6487,"menu_order":0,"comment_status":"closed","ping_status":"closed","template":"","meta":{"ngg_post_thumbnail":0,"footnotes":""},"class_list":["post-9631","page","type-page","status-publish","hentry","entry"],"_links":{"self":[{"href":"https:\/\/amae.eu\/index.php\/wp-json\/wp\/v2\/pages\/9631"}],"collection":[{"href":"https:\/\/amae.eu\/index.php\/wp-json\/wp\/v2\/pages"}],"about":[{"href":"https:\/\/amae.eu\/index.php\/wp-json\/wp\/v2\/types\/page"}],"author":[{"embeddable":true,"href":"https:\/\/amae.eu\/index.php\/wp-json\/wp\/v2\/users\/1"}],"replies":[{"embeddable":true,"href":"https:\/\/amae.eu\/index.php\/wp-json\/wp\/v2\/comments?post=9631"}],"version-history":[{"count":1,"href":"https:\/\/amae.eu\/index.php\/wp-json\/wp\/v2\/pages\/9631\/revisions"}],"predecessor-version":[{"id":9635,"href":"https:\/\/amae.eu\/index.php\/wp-json\/wp\/v2\/pages\/9631\/revisions\/9635"}],"up":[{"embeddable":true,"href":"https:\/\/amae.eu\/index.php\/wp-json\/wp\/v2\/pages\/6487"}],"wp:attachment":[{"href":"https:\/\/amae.eu\/index.php\/wp-json\/wp\/v2\/media?parent=9631"}],"curies":[{"name":"wp","href":"https:\/\/api.w.org\/{rel}","templated":true}]}}