{"id":9994,"date":"2025-10-25T17:36:22","date_gmt":"2025-10-25T15:36:22","guid":{"rendered":"https:\/\/amae.eu\/?page_id=9994"},"modified":"2026-01-02T11:11:15","modified_gmt":"2026-01-02T10:11:15","slug":"villa-saint-servan","status":"publish","type":"page","link":"https:\/\/amae.eu\/index.php\/villa-saint-servan\/","title":{"rendered":"La Villa Saint-Servan"},"content":{"rendered":"\n<p>24 rue de la Pellerine, Orl\u00e9ans<\/p>\n\n\n\n<p>En 1874, L\u00e9on Fournier, architecte-voyer de la ville d\u2019Orl\u00e9ans et inspecteur de l\u2019\u00e9clairage au gaz, fait construire un pavillon sur une parcelle situ\u00e9e \u00e0 l\u2019angle des rues de La Pellerine et du Ch\u00e2teau-Gaillard. <\/p>\n\n\n\n<figure class=\"wp-block-image size-large\"><img fetchpriority=\"high\" decoding=\"async\" width=\"1024\" height=\"581\" src=\"http:\/\/amae.eu\/wp-content\/uploads\/2026\/01\/Orleans2-001-1024x581.jpg\" alt=\"\" class=\"wp-image-10105\" srcset=\"https:\/\/amae.eu\/wp-content\/uploads\/2026\/01\/Orleans2-001-1024x581.jpg 1024w, https:\/\/amae.eu\/wp-content\/uploads\/2026\/01\/Orleans2-001-300x170.jpg 300w, https:\/\/amae.eu\/wp-content\/uploads\/2026\/01\/Orleans2-001-768x436.jpg 768w, https:\/\/amae.eu\/wp-content\/uploads\/2026\/01\/Orleans2-001-1536x872.jpg 1536w, https:\/\/amae.eu\/wp-content\/uploads\/2026\/01\/Orleans2-001-2048x1163.jpg 2048w\" sizes=\"(max-width: 1024px) 100vw, 1024px\" \/><\/figure>\n\n\n\n<p>Les moellons et la pierre de Beauce n\u00e9cessaires \u00e0 la construction ont \u00e9t\u00e9 pr\u00e9lev\u00e9s directement dans le sous-sol de la parcelle gr\u00e2ce \u00e0 un puits d&rsquo;extraction. Le puits est toujours pr\u00e9sent dans le jardin. Ce mode de construction a cess\u00e9 \u00e0 l&rsquo;or\u00e9e du 20e si\u00e8cle.<\/p>\n\n\n<div class=\"wp-block-image\">\n<figure class=\"aligncenter size-large is-resized\"><img decoding=\"async\" width=\"1024\" height=\"724\" src=\"https:\/\/amae.eu\/wp-content\/uploads\/2025\/12\/Villa-Saint-Servan-1-1024x724.jpg\" alt=\"\" class=\"wp-image-10069\" style=\"width:713px;height:auto\" srcset=\"https:\/\/amae.eu\/wp-content\/uploads\/2025\/12\/Villa-Saint-Servan-1-1024x724.jpg 1024w, https:\/\/amae.eu\/wp-content\/uploads\/2025\/12\/Villa-Saint-Servan-1-300x212.jpg 300w, https:\/\/amae.eu\/wp-content\/uploads\/2025\/12\/Villa-Saint-Servan-1-768x543.jpg 768w, https:\/\/amae.eu\/wp-content\/uploads\/2025\/12\/Villa-Saint-Servan-1-1536x1086.jpg 1536w, https:\/\/amae.eu\/wp-content\/uploads\/2025\/12\/Villa-Saint-Servan-1-2048x1448.jpg 2048w\" sizes=\"(max-width: 1024px) 100vw, 1024px\" \/><\/figure><\/div>\n\n\n<p>Plusieurs propri\u00e9taires se sont succ\u00e9d\u00e9. Apr\u00e8s le d\u00e9c\u00e8s de L\u00e9on Fournier, la maison est rachet\u00e9e par Am\u00e9d\u00e9e Roux, en 1895. Celui-ci, natif de la commune de Saint-Servan, actuellement quartier de Saint-Malo, est probablement l\u2019auteur du nom de Villa Saint-Servan, attribu\u00e9 \u00e0 la propri\u00e9t\u00e9. En 1924, la villa est vendue \u00e0 Henri David. En 1926, elle est c\u00e9d\u00e9e \u00e0 Robert Mo\u00efse Legrand-Chaufton. Puis, en 1946, elle devient la propri\u00e9t\u00e9 de Henriette veuve Legrand n\u00e9e Chaufton et en 1965 de Louis Jacquet-Chaufton. D\u00e8s le d\u00e9but du XX\u00e8me si\u00e8cle, la maison est mise en location. En 1946, Paul Racinoux, fonctionnaire, Jeanne son \u00e9pouse et leurs enfants s\u2019y installent. En 2025, le bien appartient \u00e0 l\u2019un d\u2019entre eux, Serge Racinoux, qui en a fait l\u2019acquisition en 1979.<\/p>\n\n\n\n<p>Depuis, l\u2019habitation a subi quelques r\u00e9novations mais a conserv\u00e9 la plupart des \u00e9l\u00e9ments d\u00e9coratifs qui font son charme, notamment, une belle girouette en zinc d\u00e9cor\u00e9e par un bateau \u00e0 voiles, deux grandes chemin\u00e9es construites avec deux tons de briques, dont les mitrons sign\u00e9s des Tuileries de Vierzon sont model\u00e9s en forme de couronne, un toit en ardoise bord\u00e9 de lambrequins* en bois.<\/p>\n\n\n\n<div class=\"wp-block-columns is-layout-flex wp-container-core-columns-is-layout-1 wp-block-columns-is-layout-flex\">\n<div class=\"wp-block-column is-layout-flow wp-block-column-is-layout-flow\"><div class=\"wp-block-image\">\n<figure class=\"aligncenter size-full is-resized\"><img decoding=\"async\" width=\"229\" height=\"486\" src=\"http:\/\/amae.eu\/wp-content\/uploads\/2025\/12\/Villa-Saint-Servan-2.jpg\" alt=\"\" class=\"wp-image-10070\" style=\"width:143px;height:auto\" srcset=\"https:\/\/amae.eu\/wp-content\/uploads\/2025\/12\/Villa-Saint-Servan-2.jpg 229w, https:\/\/amae.eu\/wp-content\/uploads\/2025\/12\/Villa-Saint-Servan-2-141x300.jpg 141w\" sizes=\"(max-width: 229px) 100vw, 229px\" \/><\/figure><\/div><\/div>\n\n\n\n<div class=\"wp-block-column is-layout-flow wp-block-column-is-layout-flow\"><div class=\"wp-block-image\">\n<figure class=\"aligncenter size-full is-resized\"><img loading=\"lazy\" decoding=\"async\" width=\"305\" height=\"407\" src=\"http:\/\/amae.eu\/wp-content\/uploads\/2025\/12\/Villa-Saint-Servan-3.jpg\" alt=\"\" class=\"wp-image-10071\" style=\"width:229px;height:auto\" srcset=\"https:\/\/amae.eu\/wp-content\/uploads\/2025\/12\/Villa-Saint-Servan-3.jpg 305w, https:\/\/amae.eu\/wp-content\/uploads\/2025\/12\/Villa-Saint-Servan-3-225x300.jpg 225w\" sizes=\"(max-width: 305px) 100vw, 305px\" \/><\/figure><\/div><\/div>\n<\/div>\n\n\n\n<p>Le jardin est cl\u00f4tur\u00e9 par des grilles en fer forg\u00e9 demi-rond creux r\u00e9alis\u00e9es par les Ets Guillot-Pelletier** \u00e0 Orl\u00e9ans. La coiffe du portail dessine un c\u0153ur en fer forg\u00e9 au dessus du nom \u00ab <strong>Villa Saint-Servan<\/strong> \u00bb.<\/p>\n\n\n<div class=\"wp-block-image\">\n<figure class=\"aligncenter size-full\"><img loading=\"lazy\" decoding=\"async\" width=\"323\" height=\"242\" src=\"http:\/\/amae.eu\/wp-content\/uploads\/2025\/12\/Villa-Saint-Servan-5.jpg\" alt=\"\" class=\"wp-image-10073\" srcset=\"https:\/\/amae.eu\/wp-content\/uploads\/2025\/12\/Villa-Saint-Servan-5.jpg 323w, https:\/\/amae.eu\/wp-content\/uploads\/2025\/12\/Villa-Saint-Servan-5-300x225.jpg 300w\" sizes=\"(max-width: 323px) 100vw, 323px\" \/><\/figure><\/div>\n\n\n<p>La pi\u00e8ce la plus \u00e9tonnante du jardin est un ensemble ornemental constitu\u00e9 d\u2019un bassin, des rocailles et un kiosque, construits par des ma\u00e7ons rocailleurs fin 19\u00e8me ou d\u00e9but 20e si\u00e8cle. Le kiosque destin\u00e9 \u00e0 recevoir des amis \u00e0 table au bord de l\u2019eau, est un ouvrage typique de l\u2019art du rusticage ou art du faux bois, consistant \u00e0 r\u00e9aliser des ouvrages ma\u00e7onn\u00e9s imitant les formes et les textures du bois \u00e0 l\u2019aide de mortiers de ciment appliqu\u00e9s par couches successives sur une structure de fers \u00e0 b\u00e9ton et de grillage.(https:\/\/dessinerjardin.fr\/rusticage-rocaillage-faux-bois) . Ce genre d\u2019ouvrage est visible dans des parcs publics, des vill\u00e9giatures, mais rarement dans des petits jardins priv\u00e9s. En octobre 2025, l\u2019ensemble ornemental a obtenu le <strong>Label de la Fondation du Patrimoine<\/strong>.<\/p>\n\n\n\n<div class=\"wp-block-columns is-layout-flex wp-container-core-columns-is-layout-2 wp-block-columns-is-layout-flex\">\n<div class=\"wp-block-column is-layout-flow wp-block-column-is-layout-flow\"><div class=\"wp-block-image\">\n<figure class=\"aligncenter size-full\"><img loading=\"lazy\" decoding=\"async\" width=\"816\" height=\"552\" src=\"http:\/\/amae.eu\/wp-content\/uploads\/2025\/12\/Villa-Saint-Servan-6.jpg\" alt=\"\" class=\"wp-image-10074\" srcset=\"https:\/\/amae.eu\/wp-content\/uploads\/2025\/12\/Villa-Saint-Servan-6.jpg 816w, https:\/\/amae.eu\/wp-content\/uploads\/2025\/12\/Villa-Saint-Servan-6-300x203.jpg 300w, https:\/\/amae.eu\/wp-content\/uploads\/2025\/12\/Villa-Saint-Servan-6-768x520.jpg 768w\" sizes=\"(max-width: 816px) 100vw, 816px\" \/><\/figure><\/div><\/div>\n\n\n\n<div class=\"wp-block-column is-layout-flow wp-block-column-is-layout-flow\"><div class=\"wp-block-image\">\n<figure class=\"aligncenter size-full is-resized\"><img loading=\"lazy\" decoding=\"async\" width=\"768\" height=\"1024\" src=\"https:\/\/amae.eu\/wp-content\/uploads\/2026\/01\/kiosque-le-17-dec-2025.jpg\" alt=\"\" class=\"wp-image-10107\" style=\"width:205px;height:auto\" srcset=\"https:\/\/amae.eu\/wp-content\/uploads\/2026\/01\/kiosque-le-17-dec-2025.jpg 768w, https:\/\/amae.eu\/wp-content\/uploads\/2026\/01\/kiosque-le-17-dec-2025-225x300.jpg 225w\" sizes=\"(max-width: 768px) 100vw, 768px\" \/><\/figure><\/div><\/div>\n<\/div>\n\n\n\n<ul class=\"wp-block-list\">\n<li>* <em>Les menuisiers d\u2019ornement avaient \u00e0 c\u0153ur de ne jamais refaire le m\u00eame lambrequin d\u2019une maison \u00e0 une autre.<\/em><\/li>\n\n\n\n<li><em>** Guillot-Pelletier est une entreprise de constructions m\u00e9talliques fond\u00e9e en 1838, elle avait une grande renomm\u00e9e pour ses v\u00e9randas, kiosques \u00e0 musique, halles de march\u00e9s, etc. Ils sont aujourd\u2019hui encore le fleuron architectural de nombreuses villes de France.<\/em><\/li>\n<\/ul>\n\n\n\n<p>Sources : <\/p>\n","protected":false},"excerpt":{"rendered":"<p>24 rue de la Pellerine, Orl\u00e9ans En 1874, L\u00e9on Fournier, architecte-voyer de la ville d\u2019Orl\u00e9ans et inspecteur de l\u2019\u00e9clairage au gaz, fait construire un pavillon sur une parcelle situ\u00e9e \u00e0 l\u2019angle des rues de La Pellerine et du Ch\u00e2teau-Gaillard. Les moellons et la pierre de Beauce n\u00e9cessaires \u00e0 la construction ont \u00e9t\u00e9 pr\u00e9lev\u00e9s directement dans [&hellip;]<\/p>\n","protected":false},"author":1,"featured_media":0,"parent":0,"menu_order":0,"comment_status":"closed","ping_status":"closed","template":"","meta":{"ngg_post_thumbnail":0,"footnotes":""},"class_list":["post-9994","page","type-page","status-publish","hentry","entry"],"_links":{"self":[{"href":"https:\/\/amae.eu\/index.php\/wp-json\/wp\/v2\/pages\/9994"}],"collection":[{"href":"https:\/\/amae.eu\/index.php\/wp-json\/wp\/v2\/pages"}],"about":[{"href":"https:\/\/amae.eu\/index.php\/wp-json\/wp\/v2\/types\/page"}],"author":[{"embeddable":true,"href":"https:\/\/amae.eu\/index.php\/wp-json\/wp\/v2\/users\/1"}],"replies":[{"embeddable":true,"href":"https:\/\/amae.eu\/index.php\/wp-json\/wp\/v2\/comments?post=9994"}],"version-history":[{"count":5,"href":"https:\/\/amae.eu\/index.php\/wp-json\/wp\/v2\/pages\/9994\/revisions"}],"predecessor-version":[{"id":10108,"href":"https:\/\/amae.eu\/index.php\/wp-json\/wp\/v2\/pages\/9994\/revisions\/10108"}],"wp:attachment":[{"href":"https:\/\/amae.eu\/index.php\/wp-json\/wp\/v2\/media?parent=9994"}],"curies":[{"name":"wp","href":"https:\/\/api.w.org\/{rel}","templated":true}]}}